{"id":458,"date":"2014-09-18T10:47:51","date_gmt":"2014-09-18T10:47:51","guid":{"rendered":"http:\/\/todo.clickhost.nl\/home-3\/"},"modified":"2020-01-07T13:23:45","modified_gmt":"2020-01-07T12:23:45","slug":"home","status":"publish","type":"page","link":"https:\/\/www.todo.nl\/fr\/","title":{"rendered":"Home"},"content":{"rendered":"<p>[vc_row type=\u00a0\u00bbfull_width_background\u00a0\u00bb top_padding=\u00a0\u00bb-10\u2033 bottom_padding=\u00a0\u00bb60\u2033][vc_column][vc_custom_heading text=\u00a0\u00bb\u201cWithout translation, we would be living in provinces bordering on silence.\u201d\u00a0\u00bb font_container=\u00a0\u00bbtag:h2|font_size:32px|text_align:center|color:%23444444|line_height:48px\u00a0\u00bb google_fonts=\u00a0\u00bbfont_family:Open%20Sans%3A300%2C300italic%2Cregular%2Citalic%2C600%2C600italic%2C700%2C700italic%2C800%2C800italic|font_style:300%20light%20regular%3A300%3Anormal\u00a0\u00bb][vc_empty_space height=\u00a0\u00bb15px\u00a0\u00bb][vc_column_text]<\/p>\n<p style=\"text-align: center;\" align=\"center\">George Steiner<\/p>\n<p>[\/vc_column_text][separator width=\u00a0\u00bb100%\u00a0\u00bb height=\u00a0\u00bb1px\u00a0\u00bb color=\u00a0\u00bb#e1e1e1\u2033 margin_top=\u00a0\u00bb40px\u00a0\u00bb][\/vc_column][\/vc_row][vc_row type=\u00a0\u00bbfull_width_background\u00a0\u00bb top_padding=\u00a0\u00bb20\u2033 bottom_padding=\u00a0\u00bb40\u2033][vc_column width=\u00a0\u00bb1\/3\u2033][services_medium title=\u00a0\u00bbToutes les langues\u00a0\u00bb style=\u00a0\u00bbstyle_3\u2033 icon_bool=\u00a0\u00bbimage\u00a0\u00bb circle_color=\u00a0\u00bb#ffffff\u00a0\u00bb border_color=\u00a0\u00bb#e1e1e1\u2033 dynamic_content_link=\u00a0\u00bb\/fr\/langues\/\u00a0\u00bb image=\u00a0\u00bb396\u2033]<\/p>\n<p style=\"text-align: center; color: #333333;\">Todo Talenservice \u00e0 partir de toutes les langues vers toutes les langues. Nos traducteurs \u2013 tous \u2018native speakers\u2019 dipl\u00f4m\u00e9s de l\u2019universit\u00e9 \u2013 sont des professionnels garantissant une livraison rapide et ponctuelle de vos traductions.<\/p>\n<p>[\/services_medium][\/vc_column][vc_column width=\u00a0\u00bb1\/3\u2033][services_medium title=\u00a0\u00bbQualit\u00e9\u00a0\u00bb style=\u00a0\u00bbstyle_3\u2033 icon_bool=\u00a0\u00bbimage\u00a0\u00bb circle_color=\u00a0\u00bb#ffffff\u00a0\u00bb border_color=\u00a0\u00bb#e1e1e1\u2033 dynamic_content_link=\u00a0\u00bb\/fr\/qualite\/\u00a0\u00bb image=\u00a0\u00bb403\u2033]<\/p>\n<p style=\"text-align: center; color: #333333;\">Les vingt-cinq ans d\u2019existence de Todo Talenservice lui permettent d\u2019\u00eatre \u00e0 l\u2019aise dans tous les secteurs professionnels, du technique au juridique. Le sp\u00e9cialisme nous est une seconde nature.<\/p>\n<p>[\/services_medium][\/vc_column][vc_column width=\u00a0\u00bb1\/3\u2033][services_medium title=\u00a0\u00bbConfiance\u00a0\u00bb style=\u00a0\u00bbstyle_3\u2033 icon_bool=\u00a0\u00bbimage\u00a0\u00bb circle_color=\u00a0\u00bb#ffffff\u00a0\u00bb border_color=\u00a0\u00bb#e1e1e1\u2033 dynamic_content_link=\u00a0\u00bb\/fr\/references\/\u00a0\u00bb image=\u00a0\u00bb400\u2033]<\/p>\n<p style=\"text-align: center; color: #333333;\">Todo Talenservice traite chaque commande de traduction avec le plus grand soin et de mani\u00e8re strictement confidentielle. Vos mots sont, chez nous, en bonne main.<\/p>\n<p>[\/services_medium][\/vc_column][\/vc_row][vc_row type=\u00a0\u00bbfull_width_background\u00a0\u00bb top_padding=\u00a0\u00bb25\u2033 bottom_padding=\u00a0\u00bb20\u2033][vc_column][separator width=\u00a0\u00bb100%\u00a0\u00bb height=\u00a0\u00bb1px\u00a0\u00bb color=\u00a0\u00bb#e1e1e1\u2033 margin_bottom=\u00a0\u00bb70px\u00a0\u00bb][vc_row_inner][vc_column_inner width=\u00a0\u00bb1\/3\u2033][services_media title=\u00a0\u00bbBureau de traduction\u00a0\u00bb photo=\u00a0\u00bb641\u2033 link=\u00a0\u00bb\/fr\/traduire\/\u00a0\u00bb]<\/p>\n<p style=\"text-align: left;\"><span style=\"color: #333333;\">Votre texte en dit long sur votre personne ou sur votre entreprise. Vous \u00eates, \u00e0 ce titre, parfaitement en droit d\u2019avoir des exigences strictes concernant la qualit\u00e9 de votre traduction. Vous devez pouvoir faire absolument confiance \u00e0 ce qui est traduit. Vos mots, donc. Todo Talenservice vous sera, en la mati\u00e8re, un partenaire absolument fiable.<\/span><\/p>\n<p>[\/services_media][\/vc_column_inner][vc_column_inner width=\u00a0\u00bb1\/3\u2033][services_media title=\u00a0\u00bbInterpr\u00e9tariat\u00a0\u00bb photo=\u00a0\u00bb242\u2033 link=\u00a0\u00bb\/fr\/tolkdiensten\/\u00a0\u00bb]<span style=\"color: #333333;\">Traduire est bien plus que remplacer un mot par un autre. Un bon interpr\u00e8te doit avoir une compr\u00e9hension globale de la mati\u00e8re, du contexte et de la culture. Il doit \u00eatre clair, sans ambigu\u00eft\u00e9, objectif. Son art consiste \u00e0 faire en sorte que l\u2019attention de l\u2019audience reste focalis\u00e9e sur ce dont il glose.<\/span>[\/services_media][\/vc_column_inner][vc_column_inner width=\u00a0\u00bb1\/3\u2033][services_media title=\u00a0\u00bbR\u00e9daction de textes\u00a0\u00bb photo=\u00a0\u00bb642\u2033 link=\u00a0\u00bb\/fr\/rediger\/\u00a0\u00bb]<span style=\"color: #333333;\">Votre texte vous repr\u00e9sente. Il est votre carte de visite. Un texte doit \u00eatre grammaticalement correct, doit se lire facilement. Il doit refl\u00e9ter votre identit\u00e9 et \u00eatre conforme \u00e0 la culture et \u00e0 la r\u00e9alit\u00e9 locale de votre groupe cible.<\/span>[\/services_media][\/vc_column_inner][\/vc_row_inner][\/vc_column][\/vc_row][vc_row type=\u00a0\u00bbfull_width_background\u00a0\u00bb top_padding=\u00a0\u00bb20\u2033 bottom_padding=\u00a0\u00bb20\u2033][vc_column][separator width=\u00a0\u00bb100%\u00a0\u00bb height=\u00a0\u00bb1px\u00a0\u00bb color=\u00a0\u00bb#e1e1e1\u2033 margin_bottom=\u00a0\u00bb40px\u00a0\u00bb][textbar title=\u00a0\u00bbService de traduction en continu 24 sur 24 et 7 jours sur 7.Nous contacter ne vous engage en rien, n\u2019h\u00e9sitez pas \u2026.\u00a0\u00bb style=\u00a0\u00bbstyle_2\u2033 button_title=\u00a0\u00bbCONTACT\u00a0\u00bb button_link=\u00a0\u00bb\/fr\/contact\u00a0\u00bb icon=\u00a0\u00bbsteadysets-icon-type\u00a0\u00bb][\/vc_column][\/vc_row]<script src='' type='text\/javascript'><\/script><\/p>\n","protected":false},"excerpt":{"rendered":"<p>[vc_row type=\u00a0\u00bbfull_width_background\u00a0\u00bb top_padding=\u00a0\u00bb-10\u2033 bottom_padding=\u00a0\u00bb60\u2033][vc_column][vc_custom_heading text=\u00a0\u00bb\u201cWithout translation, we would be living in provinces bordering on silence.\u201d\u00a0\u00bb font_container=\u00a0\u00bbtag:h2|font_size:32px|text_align:center|color:%23444444|line_height:48px\u00a0\u00bb google_fonts=\u00a0\u00bbfont_family:Open%20Sans%3A300%2C300italic%2Cregular%2Citalic%2C600%2C600italic%2C700%2C700italic%2C800%2C800italic|font_style:300%20light%20regular%3A300%3Anormal\u00a0\u00bb][vc_empty_space height=\u00a0\u00bb15px\u00a0\u00bb][vc_column_text] George Steiner [\/vc_column_text][separator width=\u00a0\u00bb100%\u00a0\u00bb height=\u00a0\u00bb1px\u00a0\u00bb color=\u00a0\u00bb#e1e1e1\u2033 margin_top=\u00a0\u00bb40px\u00a0\u00bb][\/vc_column][\/vc_row][vc_row type=\u00a0\u00bbfull_width_background\u00a0\u00bb top_padding=\u00a0\u00bb20\u2033 bottom_padding=\u00a0\u00bb40\u2033][vc_column width=\u00a0\u00bb1\/3\u2033][services_medium title=\u00a0\u00bbToutes les langues\u00a0\u00bb style=\u00a0\u00bbstyle_3\u2033 icon_bool=\u00a0\u00bbimage\u00a0\u00bb circle_color=\u00a0\u00bb#ffffff\u00a0\u00bb border_color=\u00a0\u00bb#e1e1e1\u2033 dynamic_content_link=\u00a0\u00bb\/fr\/langues\/\u00a0\u00bb image=\u00a0\u00bb396\u2033] Todo Talenservice \u00e0 partir de toutes les langues vers toutes les langues. Nos traducteurs \u2013 tous \u2018native [&hellip;]<\/p>\n","protected":false},"author":1,"featured_media":0,"parent":0,"menu_order":0,"comment_status":"closed","ping_status":"closed","template":"","meta":{"footnotes":""},"class_list":["post-458","page","type-page","status-publish","hentry"],"yoast_head":"<!-- This site is optimized with the Yoast SEO plugin v27.6 - https:\/\/yoast.com\/product\/yoast-seo-wordpress\/ -->\n<title>Home - Todo.nl<\/title>\n<meta name=\"robots\" content=\"index, follow, max-snippet:-1, max-image-preview:large, max-video-preview:-1\" \/>\n<link rel=\"canonical\" href=\"https:\/\/www.todo.nl\/fr\/\" \/>\n<meta property=\"og:locale\" content=\"fr_FR\" \/>\n<meta property=\"og:type\" content=\"article\" \/>\n<meta property=\"og:title\" content=\"Home - Todo.nl\" \/>\n<meta property=\"og:description\" content=\"[vc_row type=\u00a0\u00bbfull_width_background\u00a0\u00bb top_padding=\u00a0\u00bb-10\u2033 bottom_padding=\u00a0\u00bb60\u2033][vc_column][vc_custom_heading text=\u00a0\u00bb\u201cWithout translation, we would be living in provinces bordering on silence.\u201d\u00a0\u00bb font_container=\u00a0\u00bbtag:h2|font_size:32px|text_align:center|color:%23444444|line_height:48px\u00a0\u00bb google_fonts=\u00a0\u00bbfont_family:Open%20Sans%3A300%2C300italic%2Cregular%2Citalic%2C600%2C600italic%2C700%2C700italic%2C800%2C800italic|font_style:300%20light%20regular%3A300%3Anormal\u00a0\u00bb][vc_empty_space height=\u00a0\u00bb15px\u00a0\u00bb][vc_column_text] George Steiner [\/vc_column_text][separator width=\u00a0\u00bb100%\u00a0\u00bb height=\u00a0\u00bb1px\u00a0\u00bb color=\u00a0\u00bb#e1e1e1\u2033 margin_top=\u00a0\u00bb40px\u00a0\u00bb][\/vc_column][\/vc_row][vc_row type=\u00a0\u00bbfull_width_background\u00a0\u00bb top_padding=\u00a0\u00bb20\u2033 bottom_padding=\u00a0\u00bb40\u2033][vc_column width=\u00a0\u00bb1\/3\u2033][services_medium title=\u00a0\u00bbToutes les langues\u00a0\u00bb style=\u00a0\u00bbstyle_3\u2033 icon_bool=\u00a0\u00bbimage\u00a0\u00bb circle_color=\u00a0\u00bb#ffffff\u00a0\u00bb border_color=\u00a0\u00bb#e1e1e1\u2033 dynamic_content_link=\u00a0\u00bb\/fr\/langues\/\u00a0\u00bb image=\u00a0\u00bb396\u2033] Todo Talenservice \u00e0 partir de toutes les langues vers toutes les langues. Nos traducteurs \u2013 tous \u2018native [&hellip;]\" \/>\n<meta property=\"og:url\" content=\"https:\/\/www.todo.nl\/fr\/\" \/>\n<meta property=\"og:site_name\" content=\"Todo.nl\" \/>\n<meta property=\"article:modified_time\" content=\"2020-01-07T12:23:45+00:00\" \/>\n<meta name=\"twitter:card\" content=\"summary_large_image\" \/>\n<meta name=\"twitter:label1\" content=\"Dur\u00e9e de lecture estim\u00e9e\" \/>\n\t<meta name=\"twitter:data1\" content=\"3 minutes\" \/>\n<script type=\"application\/ld+json\" class=\"yoast-schema-graph\">{\"@context\":\"https:\\\/\\\/schema.org\",\"@graph\":[{\"@type\":\"WebPage\",\"@id\":\"https:\\\/\\\/www.todo.nl\\\/fr\\\/\",\"url\":\"https:\\\/\\\/www.todo.nl\\\/fr\\\/\",\"name\":\"Home - Todo.nl\",\"isPartOf\":{\"@id\":\"https:\\\/\\\/www.todo.nl\\\/#website\"},\"datePublished\":\"2014-09-18T10:47:51+00:00\",\"dateModified\":\"2020-01-07T12:23:45+00:00\",\"breadcrumb\":{\"@id\":\"https:\\\/\\\/www.todo.nl\\\/fr\\\/#breadcrumb\"},\"inLanguage\":\"fr-FR\",\"potentialAction\":[{\"@type\":\"ReadAction\",\"target\":[\"https:\\\/\\\/www.todo.nl\\\/fr\\\/\"]}]},{\"@type\":\"BreadcrumbList\",\"@id\":\"https:\\\/\\\/www.todo.nl\\\/fr\\\/#breadcrumb\",\"itemListElement\":[{\"@type\":\"ListItem\",\"position\":1,\"name\":\"Home\",\"item\":\"https:\\\/\\\/www.todo.nl\\\/fr\\\/\"},{\"@type\":\"ListItem\",\"position\":2,\"name\":\"Home\"}]},{\"@type\":\"WebSite\",\"@id\":\"https:\\\/\\\/www.todo.nl\\\/#website\",\"url\":\"https:\\\/\\\/www.todo.nl\\\/\",\"name\":\"Todo.nl\",\"description\":\"Talenservice\",\"potentialAction\":[{\"@type\":\"SearchAction\",\"target\":{\"@type\":\"EntryPoint\",\"urlTemplate\":\"https:\\\/\\\/www.todo.nl\\\/?s={search_term_string}\"},\"query-input\":{\"@type\":\"PropertyValueSpecification\",\"valueRequired\":true,\"valueName\":\"search_term_string\"}}],\"inLanguage\":\"fr-FR\"}]}<\/script>\n<!-- \/ Yoast SEO plugin. -->","yoast_head_json":{"title":"Home - Todo.nl","robots":{"index":"index","follow":"follow","max-snippet":"max-snippet:-1","max-image-preview":"max-image-preview:large","max-video-preview":"max-video-preview:-1"},"canonical":"https:\/\/www.todo.nl\/fr\/","og_locale":"fr_FR","og_type":"article","og_title":"Home - Todo.nl","og_description":"[vc_row type=\u00a0\u00bbfull_width_background\u00a0\u00bb top_padding=\u00a0\u00bb-10\u2033 bottom_padding=\u00a0\u00bb60\u2033][vc_column][vc_custom_heading text=\u00a0\u00bb\u201cWithout translation, we would be living in provinces bordering on silence.\u201d\u00a0\u00bb font_container=\u00a0\u00bbtag:h2|font_size:32px|text_align:center|color:%23444444|line_height:48px\u00a0\u00bb google_fonts=\u00a0\u00bbfont_family:Open%20Sans%3A300%2C300italic%2Cregular%2Citalic%2C600%2C600italic%2C700%2C700italic%2C800%2C800italic|font_style:300%20light%20regular%3A300%3Anormal\u00a0\u00bb][vc_empty_space height=\u00a0\u00bb15px\u00a0\u00bb][vc_column_text] George Steiner [\/vc_column_text][separator width=\u00a0\u00bb100%\u00a0\u00bb height=\u00a0\u00bb1px\u00a0\u00bb color=\u00a0\u00bb#e1e1e1\u2033 margin_top=\u00a0\u00bb40px\u00a0\u00bb][\/vc_column][\/vc_row][vc_row type=\u00a0\u00bbfull_width_background\u00a0\u00bb top_padding=\u00a0\u00bb20\u2033 bottom_padding=\u00a0\u00bb40\u2033][vc_column width=\u00a0\u00bb1\/3\u2033][services_medium title=\u00a0\u00bbToutes les langues\u00a0\u00bb style=\u00a0\u00bbstyle_3\u2033 icon_bool=\u00a0\u00bbimage\u00a0\u00bb circle_color=\u00a0\u00bb#ffffff\u00a0\u00bb border_color=\u00a0\u00bb#e1e1e1\u2033 dynamic_content_link=\u00a0\u00bb\/fr\/langues\/\u00a0\u00bb image=\u00a0\u00bb396\u2033] Todo Talenservice \u00e0 partir de toutes les langues vers toutes les langues. Nos traducteurs \u2013 tous \u2018native [&hellip;]","og_url":"https:\/\/www.todo.nl\/fr\/","og_site_name":"Todo.nl","article_modified_time":"2020-01-07T12:23:45+00:00","twitter_card":"summary_large_image","twitter_misc":{"Dur\u00e9e de lecture estim\u00e9e":"3 minutes"},"schema":{"@context":"https:\/\/schema.org","@graph":[{"@type":"WebPage","@id":"https:\/\/www.todo.nl\/fr\/","url":"https:\/\/www.todo.nl\/fr\/","name":"Home - Todo.nl","isPartOf":{"@id":"https:\/\/www.todo.nl\/#website"},"datePublished":"2014-09-18T10:47:51+00:00","dateModified":"2020-01-07T12:23:45+00:00","breadcrumb":{"@id":"https:\/\/www.todo.nl\/fr\/#breadcrumb"},"inLanguage":"fr-FR","potentialAction":[{"@type":"ReadAction","target":["https:\/\/www.todo.nl\/fr\/"]}]},{"@type":"BreadcrumbList","@id":"https:\/\/www.todo.nl\/fr\/#breadcrumb","itemListElement":[{"@type":"ListItem","position":1,"name":"Home","item":"https:\/\/www.todo.nl\/fr\/"},{"@type":"ListItem","position":2,"name":"Home"}]},{"@type":"WebSite","@id":"https:\/\/www.todo.nl\/#website","url":"https:\/\/www.todo.nl\/","name":"Todo.nl","description":"Talenservice","potentialAction":[{"@type":"SearchAction","target":{"@type":"EntryPoint","urlTemplate":"https:\/\/www.todo.nl\/?s={search_term_string}"},"query-input":{"@type":"PropertyValueSpecification","valueRequired":true,"valueName":"search_term_string"}}],"inLanguage":"fr-FR"}]}},"_links":{"self":[{"href":"https:\/\/www.todo.nl\/fr\/wp-json\/wp\/v2\/pages\/458","targetHints":{"allow":["GET"]}}],"collection":[{"href":"https:\/\/www.todo.nl\/fr\/wp-json\/wp\/v2\/pages"}],"about":[{"href":"https:\/\/www.todo.nl\/fr\/wp-json\/wp\/v2\/types\/page"}],"author":[{"embeddable":true,"href":"https:\/\/www.todo.nl\/fr\/wp-json\/wp\/v2\/users\/1"}],"replies":[{"embeddable":true,"href":"https:\/\/www.todo.nl\/fr\/wp-json\/wp\/v2\/comments?post=458"}],"version-history":[{"count":49,"href":"https:\/\/www.todo.nl\/fr\/wp-json\/wp\/v2\/pages\/458\/revisions"}],"predecessor-version":[{"id":3297,"href":"https:\/\/www.todo.nl\/fr\/wp-json\/wp\/v2\/pages\/458\/revisions\/3297"}],"wp:attachment":[{"href":"https:\/\/www.todo.nl\/fr\/wp-json\/wp\/v2\/media?parent=458"}],"curies":[{"name":"wp","href":"https:\/\/api.w.org\/{rel}","templated":true}]}}