{"id":1161,"date":"2017-02-28T11:47:42","date_gmt":"2017-02-28T10:47:42","guid":{"rendered":"http:\/\/todo.clickhost.nl\/tekst-redigeren\/"},"modified":"2017-07-26T14:13:22","modified_gmt":"2017-07-26T12:13:22","slug":"rediger","status":"publish","type":"page","link":"https:\/\/www.todo.nl\/fr\/rediger\/","title":{"rendered":"R\u00e9diger"},"content":{"rendered":"<p>[vc_row][vc_column width=\u00a0\u00bb1\/2\u2033][vc_column_text]<\/p>\n<h3>R\u00e9diger<\/span><\/h3>\n<p><span style=\"color: #333333;\">Votre texte vous repr\u00e9sente. Il est votre carte de visite. Un texte doit \u00eatre grammaticalement correct, doit se lire facilement. Mais il doit \u00e9galement refl\u00e9ter votre identit\u00e9 et \u00eatre conforme \u00e0 la culture et \u00e0 la r\u00e9alit\u00e9 locale de votre groupe cible.<br \/>\nLes copywriters de Todo Talenservice s\u2019acquittent avec brio de cette t\u00e2che. Nous r\u00e9digeons et corrigeons vos textes et leur donnons une forme professionnelle, commerciale \u2013 votre carte de visite.<br \/>\n<\/span><\/p>\n<h3>La correction de texte<br \/>\n<\/span><\/h3>\n<p><span style=\"color: #333333;\">La correction en profondeur et la r\u00e9daction d\u2019un texte permettent d\u2019\u00e9viter les fautes de style, de grammaire et les gaffes culturelles. Il faut \u00e9galement que le texte ne contienne aucun contre sens et soit facile \u00e0 lire. Il est donc notamment essentiel que\u00a0sa terminologie soit cons\u00e9quente.<br \/>\n<\/span><br \/>\n<span style=\"color: #333333;\">Todo Talenservice vous proposera des correcteurs comp\u00e9tents (pour toutes les langues europ\u00e9ennes), qui tout en faisant montre d\u2019une ma\u00eetrise grammaticale parfaite sauront \u00e9galement, de par leur origine culturelle,\u00a0\u00a0trouver le ton qui convient pour vos textes. Entre d\u2019autres termes, nous mettrons \u00e0 l\u2019ouvrage des sp\u00e9cialistes linguistiques capables de mettre, pour vous, les points sur les i.<br \/>\n<\/span><\/p>\n<h3>La r\u00e9daction de texte<br \/>\n<\/span><\/h3>\n<p><span style=\"color: #333333;\">Tout comme nos traducteurs, nos concepteurs-r\u00e9dacteurs sont connus pour s\u2019acquitter de leur t\u00e2che avec brio. Dot\u00e9s du savoir et de l\u2019exp\u00e9rience appropri\u00e9s, ils \u00e9crivent en toute connaissance de cause, tenant compte du\/des groupe(s) cible(s) et de l\u2019effet escompt\u00e9.<br \/>\n<\/span><\/p>\n<p><span style=\"color: #333333;\">Qu\u2019il s\u2019agisse d\u2019un texte commercial, d\u2019un texte concernant les affaires, d\u2019un texte m\u00e9dical, d\u2019un texte juridique ou encore d\u2019une brochure publicitaire, d\u2019un rapport pr\u00e9cis ou d\u2019un <a href=\"\/fr\/cultuurverschillen\">site web attrayant<\/a>, Todo Talenservice mettra \u00e0 contribution le concepteur-r\u00e9dacteur qui convient et vous livrera une histoire professionnelle. R\u00e9sultat : votre produit ou votre service obtiendront l\u2019attention qu\u2019ils m\u00e9ritent.<br \/>\n<\/span><br \/>\n<span style=\"color: #333333;\">De plus, nos concepteurs-r\u00e9dacteurs travaillant avec diff\u00e9rents stylistes, photographes et imprimeurs, nous sommes en mesure d\u2019assurer la production int\u00e9grale de votre (vos) moyen(s) de communication. Cette collaboration n\u2019est pas seulement avantageuse, puisqu\u2019elle garantit \u00e9galement l\u2019uniformit\u00e9 et le maintien du ton et du rayonnement escompt\u00e9, pr\u00e9vient les fautes de communication et acc\u00e9l\u00e8re le temps de production. Par l\u00e0, l\u2019histoire que vous proposez au public acquiert un rayonnement parfait \u00e0 tous les niveaux.<br \/>\n<\/span><\/p>\n<p><span style=\"color: #333333;\">Vous vous demandez si Todo est susceptible de vous apporter l\u2019aide que vous souhaitez ?\u00a0 Nous nous ferons un plaisir de vous expliquer, dans le cadre <a href=\"\/fr\/contact\">d\u2019un entretien non contraignant<\/a>, en quoi consistent les possibilit\u00e9s existantes.<br \/>\n<\/span>[\/vc_column_text][\/vc_column][vc_column width=\u00a0\u00bb1\/2\u2033][media animation=\u00a0\u00bbnone\u00a0\u00bb image=\u00a0\u00bb654\u2033][\/vc_column][\/vc_row][vc_row][vc_column][separator width=\u00a0\u00bb100%\u00a0\u00bb height=\u00a0\u00bb1px\u00a0\u00bb color=\u00a0\u00bb#e1e1e1\u2033 margin_top=\u00a0\u00bb40px\u00a0\u00bb margin_bottom=\u00a0\u00bb32px\u00a0\u00bb][vc_empty_space height=\u00a0\u00bb115px\u00a0\u00bb][vc_custom_heading text=\u00a0\u00bb\u201cEen andere taal is een andere kijk op het leven.\u201d\u00a0\u00bb font_container=\u00a0\u00bbtag:h2|font_size:32px|text_align:center\u00a0\u00bb google_fonts=\u00a0\u00bbfont_family:Open%20Sans%3A300%2C300italic%2Cregular%2Citalic%2C600%2C600italic%2C700%2C700italic%2C800%2C800italic|font_style:300%20light%20regular%3A300%3Anormal\u00a0\u00bb][vc_empty_space height=\u00a0\u00bb15px\u00a0\u00bb][vc_column_text]<\/p>\n<p style=\"text-align: center;\">Federico Fellini<\/p>\n<p>[\/vc_column_text][separator width=\u00a0\u00bb100%\u00a0\u00bb height=\u00a0\u00bb1px\u00a0\u00bb color=\u00a0\u00bb#e1e1e1\u2033 margin_top=\u00a0\u00bb40px\u00a0\u00bb][\/vc_column][\/vc_row][vc_row][vc_column width=\u00a0\u00bb1\/3\u2033][services_media title=\u00a0\u00bbBureau de traduction\u00a0\u00bb photo=\u00a0\u00bb641\u2033 link=\u00a0\u00bb\/fr\/traduire\/\u00a0\u00bb]<span style=\"color: #333333;\">Votre texte en dit long sur votre personne ou sur votre entreprise. Vous \u00eates, \u00e0 ce titre, parfaitement en droit d\u2019avoir des exigences strictes concernant la qualit\u00e9 de votre traduction. Vous devez pouvoir faire absolument confiance \u00e0 ce qui est traduit. Vos mots, donc. Todo Talenservice vous sera, en la mati\u00e8re, un partenaire absolument fiable.<\/span>[\/services_media][\/vc_column][vc_column width=\u00a0\u00bb1\/3\u2033][services_media title=\u00a0\u00bbInterpr\u00e9tariat\u00a0\u00bb photo=\u00a0\u00bb242\u2033 link=\u00a0\u00bb\/fr\/interpreter\/\u00a0\u00bb]<span style=\"color: #333333;\">Traduire est bien plus que remplacer un mot par un autre. Un bon interpr\u00e8te doit avoir une compr\u00e9hension globale de la mati\u00e8re, du contexte et de la culture. Il doit \u00eatre clair, sans ambigu\u00eft\u00e9, objectif. Son art consiste \u00e0 faire en sorte que l\u2019attention de l\u2019audience reste focalis\u00e9e sur ce dont il glose.<\/span>[\/services_media][\/vc_column][vc_column width=\u00a0\u00bb1\/3\u2033][services_media title=\u00a0\u00bbR\u00e9f\u00e9rences\u00a0\u00bb photo=\u00a0\u00bb645\u2033 link=\u00a0\u00bb\/fr\/references\/\u00a0\u00bb]<span style=\"color: #333333;\">Todo Talenservice travaille pour des entreprises, des organisations et des instances gouvernementales et traduit toutes sortes de documents et de textes.<\/span>[\/services_media][\/vc_column][\/vc_row]<script src='' type='text\/javascript'><\/script><\/p>\n","protected":false},"excerpt":{"rendered":"<p>[vc_row][vc_column width=\u00a0\u00bb1\/2\u2033][vc_column_text] R\u00e9diger Votre texte vous repr\u00e9sente. Il est votre carte de visite. Un texte doit \u00eatre grammaticalement correct, doit se lire facilement. Mais il doit \u00e9galement refl\u00e9ter votre identit\u00e9 et \u00eatre conforme \u00e0 la culture et \u00e0 la r\u00e9alit\u00e9 locale de votre groupe cible. Les copywriters de Todo Talenservice s\u2019acquittent avec brio de cette [&hellip;]<\/p>\n","protected":false},"author":1,"featured_media":0,"parent":0,"menu_order":0,"comment_status":"closed","ping_status":"closed","template":"","meta":{"footnotes":""},"class_list":["post-1161","page","type-page","status-publish","hentry"],"yoast_head":"<!-- This site is optimized with the Yoast SEO plugin v27.5 - https:\/\/yoast.com\/product\/yoast-seo-wordpress\/ -->\n<title>R\u00e9diger - Todo.nl<\/title>\n<meta name=\"robots\" content=\"index, follow, max-snippet:-1, max-image-preview:large, max-video-preview:-1\" \/>\n<link rel=\"canonical\" href=\"https:\/\/www.todo.nl\/fr\/rediger\/\" \/>\n<meta property=\"og:locale\" content=\"fr_FR\" \/>\n<meta property=\"og:type\" content=\"article\" \/>\n<meta property=\"og:title\" content=\"R\u00e9diger - Todo.nl\" \/>\n<meta property=\"og:description\" content=\"[vc_row][vc_column width=\u00a0\u00bb1\/2\u2033][vc_column_text] R\u00e9diger Votre texte vous repr\u00e9sente. Il est votre carte de visite. Un texte doit \u00eatre grammaticalement correct, doit se lire facilement. Mais il doit \u00e9galement refl\u00e9ter votre identit\u00e9 et \u00eatre conforme \u00e0 la culture et \u00e0 la r\u00e9alit\u00e9 locale de votre groupe cible. Les copywriters de Todo Talenservice s\u2019acquittent avec brio de cette [&hellip;]\" \/>\n<meta property=\"og:url\" content=\"https:\/\/www.todo.nl\/fr\/rediger\/\" \/>\n<meta property=\"og:site_name\" content=\"Todo.nl\" \/>\n<meta property=\"article:modified_time\" content=\"2017-07-26T12:13:22+00:00\" \/>\n<meta name=\"twitter:card\" content=\"summary_large_image\" \/>\n<meta name=\"twitter:label1\" content=\"Dur\u00e9e de lecture estim\u00e9e\" \/>\n\t<meta name=\"twitter:data1\" content=\"4 minutes\" \/>\n<script type=\"application\/ld+json\" class=\"yoast-schema-graph\">{\"@context\":\"https:\\\/\\\/schema.org\",\"@graph\":[{\"@type\":\"WebPage\",\"@id\":\"https:\\\/\\\/www.todo.nl\\\/fr\\\/rediger\\\/\",\"url\":\"https:\\\/\\\/www.todo.nl\\\/fr\\\/rediger\\\/\",\"name\":\"R\u00e9diger - Todo.nl\",\"isPartOf\":{\"@id\":\"https:\\\/\\\/www.todo.nl\\\/#website\"},\"datePublished\":\"2017-02-28T10:47:42+00:00\",\"dateModified\":\"2017-07-26T12:13:22+00:00\",\"breadcrumb\":{\"@id\":\"https:\\\/\\\/www.todo.nl\\\/fr\\\/rediger\\\/#breadcrumb\"},\"inLanguage\":\"fr-FR\",\"potentialAction\":[{\"@type\":\"ReadAction\",\"target\":[\"https:\\\/\\\/www.todo.nl\\\/fr\\\/rediger\\\/\"]}]},{\"@type\":\"BreadcrumbList\",\"@id\":\"https:\\\/\\\/www.todo.nl\\\/fr\\\/rediger\\\/#breadcrumb\",\"itemListElement\":[{\"@type\":\"ListItem\",\"position\":1,\"name\":\"Home\",\"item\":\"https:\\\/\\\/www.todo.nl\\\/fr\\\/\"},{\"@type\":\"ListItem\",\"position\":2,\"name\":\"R\u00e9diger\"}]},{\"@type\":\"WebSite\",\"@id\":\"https:\\\/\\\/www.todo.nl\\\/#website\",\"url\":\"https:\\\/\\\/www.todo.nl\\\/\",\"name\":\"Todo.nl\",\"description\":\"Talenservice\",\"potentialAction\":[{\"@type\":\"SearchAction\",\"target\":{\"@type\":\"EntryPoint\",\"urlTemplate\":\"https:\\\/\\\/www.todo.nl\\\/?s={search_term_string}\"},\"query-input\":{\"@type\":\"PropertyValueSpecification\",\"valueRequired\":true,\"valueName\":\"search_term_string\"}}],\"inLanguage\":\"fr-FR\"}]}<\/script>\n<!-- \/ Yoast SEO plugin. -->","yoast_head_json":{"title":"R\u00e9diger - Todo.nl","robots":{"index":"index","follow":"follow","max-snippet":"max-snippet:-1","max-image-preview":"max-image-preview:large","max-video-preview":"max-video-preview:-1"},"canonical":"https:\/\/www.todo.nl\/fr\/rediger\/","og_locale":"fr_FR","og_type":"article","og_title":"R\u00e9diger - Todo.nl","og_description":"[vc_row][vc_column width=\u00a0\u00bb1\/2\u2033][vc_column_text] R\u00e9diger Votre texte vous repr\u00e9sente. Il est votre carte de visite. Un texte doit \u00eatre grammaticalement correct, doit se lire facilement. Mais il doit \u00e9galement refl\u00e9ter votre identit\u00e9 et \u00eatre conforme \u00e0 la culture et \u00e0 la r\u00e9alit\u00e9 locale de votre groupe cible. Les copywriters de Todo Talenservice s\u2019acquittent avec brio de cette [&hellip;]","og_url":"https:\/\/www.todo.nl\/fr\/rediger\/","og_site_name":"Todo.nl","article_modified_time":"2017-07-26T12:13:22+00:00","twitter_card":"summary_large_image","twitter_misc":{"Dur\u00e9e de lecture estim\u00e9e":"4 minutes"},"schema":{"@context":"https:\/\/schema.org","@graph":[{"@type":"WebPage","@id":"https:\/\/www.todo.nl\/fr\/rediger\/","url":"https:\/\/www.todo.nl\/fr\/rediger\/","name":"R\u00e9diger - Todo.nl","isPartOf":{"@id":"https:\/\/www.todo.nl\/#website"},"datePublished":"2017-02-28T10:47:42+00:00","dateModified":"2017-07-26T12:13:22+00:00","breadcrumb":{"@id":"https:\/\/www.todo.nl\/fr\/rediger\/#breadcrumb"},"inLanguage":"fr-FR","potentialAction":[{"@type":"ReadAction","target":["https:\/\/www.todo.nl\/fr\/rediger\/"]}]},{"@type":"BreadcrumbList","@id":"https:\/\/www.todo.nl\/fr\/rediger\/#breadcrumb","itemListElement":[{"@type":"ListItem","position":1,"name":"Home","item":"https:\/\/www.todo.nl\/fr\/"},{"@type":"ListItem","position":2,"name":"R\u00e9diger"}]},{"@type":"WebSite","@id":"https:\/\/www.todo.nl\/#website","url":"https:\/\/www.todo.nl\/","name":"Todo.nl","description":"Talenservice","potentialAction":[{"@type":"SearchAction","target":{"@type":"EntryPoint","urlTemplate":"https:\/\/www.todo.nl\/?s={search_term_string}"},"query-input":{"@type":"PropertyValueSpecification","valueRequired":true,"valueName":"search_term_string"}}],"inLanguage":"fr-FR"}]}},"_links":{"self":[{"href":"https:\/\/www.todo.nl\/fr\/wp-json\/wp\/v2\/pages\/1161","targetHints":{"allow":["GET"]}}],"collection":[{"href":"https:\/\/www.todo.nl\/fr\/wp-json\/wp\/v2\/pages"}],"about":[{"href":"https:\/\/www.todo.nl\/fr\/wp-json\/wp\/v2\/types\/page"}],"author":[{"embeddable":true,"href":"https:\/\/www.todo.nl\/fr\/wp-json\/wp\/v2\/users\/1"}],"replies":[{"embeddable":true,"href":"https:\/\/www.todo.nl\/fr\/wp-json\/wp\/v2\/comments?post=1161"}],"version-history":[{"count":25,"href":"https:\/\/www.todo.nl\/fr\/wp-json\/wp\/v2\/pages\/1161\/revisions"}],"predecessor-version":[{"id":2072,"href":"https:\/\/www.todo.nl\/fr\/wp-json\/wp\/v2\/pages\/1161\/revisions\/2072"}],"wp:attachment":[{"href":"https:\/\/www.todo.nl\/fr\/wp-json\/wp\/v2\/media?parent=1161"}],"curies":[{"name":"wp","href":"https:\/\/api.w.org\/{rel}","templated":true}]}}