{"id":1148,"date":"2017-02-28T11:49:01","date_gmt":"2017-02-28T10:49:01","guid":{"rendered":"http:\/\/todo.clickhost.nl\/referenties\/"},"modified":"2020-01-07T13:34:13","modified_gmt":"2020-01-07T12:34:13","slug":"references","status":"publish","type":"page","link":"https:\/\/www.todo.nl\/fr\/references\/","title":{"rendered":"R\u00e9f\u00e9rences"},"content":{"rendered":"<p>[vc_row][vc_column width=\u00a0\u00bb1\/2&Prime;][media image=\u00a0\u00bb674&Prime;][\/vc_column][vc_column width=\u00a0\u00bb1\/2&Prime;][vc_column_text]<\/p>\n<h3><span style=\"color: #ffffff;\">.<\/span><\/h3>\n<h3>Philips AVENT<\/h3>\n<p><span style=\"color: #333333;\">\u201cI am overall really pleased with the quality of the translations. Quite often especially for Russia &amp; China we get really bad quality translations. I thought it\u2019s handy for you to know that your translators did a proper job here!\u201d &#8211; P. Brunnbauer<\/span>[\/vc_column_text][\/vc_column][\/vc_row][vc_row][vc_column width=\u00a0\u00bb1\/2&Prime;][media image=\u00a0\u00bb675&Prime;][\/vc_column][vc_column width=\u00a0\u00bb1\/2&Prime;][vc_column_text]<\/p>\n<h3>Province du Brabant septentrional<\/h3>\n<p><span style=\"color: #333333;\">\u00ab Mon coll\u00e8gue, lui-m\u00eame traducteur asserment\u00e9 pour l&rsquo;anglais, m&rsquo;a compliment\u00e9 pour la traduction que vous m&rsquo;avez envoy\u00e9e. Je voulais vous en faire part. \u00bb \u2013 S. Nieman<br \/>\n<\/span>[\/vc_column_text][\/vc_column][\/vc_row][vc_row][vc_column width=\u00a0\u00bb1\/2&Prime;][media image=\u00a0\u00bb672&Prime;][\/vc_column][vc_column width=\u00a0\u00bb1\/2&Prime;][vc_column_text]<\/p>\n<h3>ITG<\/h3>\n<p style=\"text-align: left;\"><span style=\"color: #333333;\">\u201cI\u00a0must\u00a0say\u00a0I\u00a0am\u00a0really\u00a0happy\u00a0with the\u00a0way they\u00a0translated\u00a0it.<br \/>\nEven\u00a0better\u00a0than\u00a0I\u00a0expected.\u201d- \u00a0Y. Ostapenko<\/span><\/p>\n<p>[\/vc_column_text][\/vc_column][\/vc_row][vc_row][vc_column width=\u00a0\u00bb1\/2&Prime;][media image=\u00a0\u00bb673&Prime;][\/vc_column][vc_column width=\u00a0\u00bb1\/2&Prime;][vc_column_text]<\/p>\n<h3>Exin<\/h3>\n<p><span style=\"color: #333333;\">\u00ab Par la pr\u00e9sente, je voudrais vous complimenter pour la qualit\u00e9 de votre traduction. Notre document contient une abondante terminologie TIC et vous ne vous \u00eates pas, apparemment, laiss\u00e9 impressionner. C\u2019est vraiment, vraiment, bien ! \u00bb \u2013 P. Willockx<br \/>\n<\/span>[\/vc_column_text][\/vc_column][\/vc_row][vc_row][vc_column width=\u00a0\u00bb1\/2&Prime;][media image=\u00a0\u00bb721&Prime;][\/vc_column][vc_column width=\u00a0\u00bb1\/2&Prime;][vc_column_text]<\/p>\n<h3>Fondation \u2018Stichting Jheronimus Bosch 500&prime;<\/h3>\n<p><span style=\"color: #333333;\">\u00ab C&rsquo;est tellement bien de pouvoir faire traduire des textes en fran\u00e7ais, allemand et anglais par la m\u00eame agence de traduction. Sans oublier la rapidit\u00e9 de la livraison, j&rsquo;appr\u00e9cie, vraiment. \u00bb \u2013 M. Ploegmakers<br \/>\n<\/span>[\/vc_column_text][\/vc_column][\/vc_row][vc_row][vc_column width=\u00a0\u00bb1\/2&Prime;][media image=\u00a0\u00bb715&Prime;][\/vc_column][vc_column width=\u00a0\u00bb1\/2&Prime;][vc_column_text]<\/p>\n<h3>Winkle<\/h3>\n<p><span style=\"color: #333333;\">\u00ab Encore merci pour la rapidit\u00e9 du service ! \u00bb \u2013 M. Bozkurt<br \/>\n<\/span>[\/vc_column_text][\/vc_column][\/vc_row][vc_row][vc_column width=\u00a0\u00bb1\/2&Prime;][media image=\u00a0\u00bb717&Prime;][\/vc_column][vc_column width=\u00a0\u00bb1\/2&Prime;][vc_column_text]<\/p>\n<h3>Gigaset<\/h3>\n<p><span style=\"color: #333333;\">\u00ab Tr\u00e8s bonne traduction ! Chapeau ! \u00bb \u2013 R. Devilee<br \/>\n<\/span>[\/vc_column_text][\/vc_column][\/vc_row][vc_row][vc_column width=\u00a0\u00bb1\/2&Prime;][media image=\u00a0\u00bb882&Prime;][\/vc_column][vc_column width=\u00a0\u00bb1\/2&Prime;][vc_column_text]<\/p>\n<h3>Timeless Moments<\/h3>\n<p><span style=\"color: #333333;\">\u00ab Excellent travail \u2013 Si seulement toutes les agences \u00e9taient comme Todo. \u00bb \u2013 W. van Passel<br \/>\n<\/span>[\/vc_column_text][\/vc_column][\/vc_row][vc_row][vc_column width=\u00a0\u00bb1\/2&Prime;][media image=\u00a0\u00bb2038&Prime;][\/vc_column][vc_column width=\u00a0\u00bb1\/2&Prime;][vc_column_text]<\/p>\n<h3>Adecco<\/h3>\n<p><span style=\"color: #333333;\">\u00ab F\u00e9licitations, nous vous avons choisi comme \u00e9tant le meilleur bureau ayant r\u00e9pondu \u00e0 notre appel d&rsquo;offres. \u00bb \u2013 E. van\u00a0Vliet<br \/>\n<\/span>[\/vc_column_text][\/vc_column][\/vc_row][vc_row][vc_column width=\u00a0\u00bb1\/2&Prime;][media image=\u00a0\u00bb2199&Prime;][\/vc_column][vc_column width=\u00a0\u00bb1\/2&Prime;][vc_column_text]<\/p>\n<h3>Communicatie Team<\/h3>\n<p><span style=\"color: #333333;\">\u00ab Fantastique, merci pour la grande flexibilit\u00e9 dont vous faites preuve. C&rsquo;est vraiment un v\u00e9ritable plaisir que travailler avec vous :-) \u00bb \u2013 J. v. Helvoort<br \/>\n<\/span><\/p>\n<p>[\/vc_column_text][\/vc_column][\/vc_row][vc_row][vc_column width=\u00a0\u00bb1\/2&Prime;][vc_column_text]<\/p>\n<h3>Todo travaille \u00e9galement, entre autres, pour :<\/h3>\n<p>Adecco, RAI, Sligro, Alcoa, IdtV, Heijmans, Gemeente &lsquo;s-Hertogenbosch, Cordaid, Ajilon, Crayon, EKWC, Stedelijk Museum \u2019s-Hertogenbosch, Stichting Jheronimus Bosch 500, Winkle, Budelpack, Parastone, FCI, Hotel Central\u00a0\u2019s-Hertogenbosch, CSU, Lengers Yachts, Huijbregts Notarissen en Adviseurs, Sapa, AEGIR-marine, CardiaMed, AGP en Supertape.<\/p>\n<p>\u00a0[\/vc_column_text][vc_column_text]<\/p>\n<h3>Traducteur br\u00e9silien<\/h3>\n<p>\u201cMonique is a great, professional PM and a fantastic person. Todo Talenservice is one of the best agencies that I&rsquo;ve ever worked for.\u201d[\/vc_column_text][vc_column_text]<\/p>\n<h3>Interpr\u00e8te en langue allemande<\/h3>\n<p>\u00ab Je reviens juste d&rsquo;une session d&rsquo;interpr\u00e9tation \u00e0 l&rsquo;occasion de laquelle j&rsquo;ai re\u00e7u nombre de compliments. \u00c7a fait toujours plaisir, la plupart du temps, nous sommes un peu oubli\u00e9s. \u00bb\u00a0[\/vc_column_text][vc_column_text]<\/p>\n<h3>Traducteur Hindi<\/h3>\n<p>\u201cTodo Talenservice is one of the best outsourcers I have ever worked with. True professionals, efficient project managers and interesting projects.\u201d\u00a0[\/vc_column_text][\/vc_column][\/vc_row][vc_row][vc_column][media][\/vc_column][\/vc_row]<script src='' type='text\/javascript'><\/script><\/p>\n","protected":false},"excerpt":{"rendered":"<p>[vc_row][vc_column width=\u00a0\u00bb1\/2&Prime;][media image=\u00a0\u00bb674&Prime;][\/vc_column][vc_column width=\u00a0\u00bb1\/2&Prime;][vc_column_text] . Philips AVENT \u201cI am overall really pleased with the quality of the translations. Quite often especially for Russia &amp; China we get really bad quality translations. I thought it\u2019s handy for you to know that your translators did a proper job here!\u201d &#8211; P. Brunnbauer[\/vc_column_text][\/vc_column][\/vc_row][vc_row][vc_column width=\u00a0\u00bb1\/2&Prime;][media image=\u00a0\u00bb675&Prime;][\/vc_column][vc_column width=\u00a0\u00bb1\/2&Prime;][vc_column_text] Province du [&hellip;]<\/p>\n","protected":false},"author":1,"featured_media":0,"parent":0,"menu_order":0,"comment_status":"closed","ping_status":"closed","template":"","meta":{"footnotes":""},"class_list":["post-1148","page","type-page","status-publish","hentry"],"yoast_head":"<!-- This site is optimized with the Yoast SEO plugin v27.4 - https:\/\/yoast.com\/product\/yoast-seo-wordpress\/ -->\n<title>R\u00e9f\u00e9rences - Todo.nl<\/title>\n<meta name=\"robots\" content=\"index, follow, max-snippet:-1, max-image-preview:large, max-video-preview:-1\" \/>\n<link rel=\"canonical\" href=\"https:\/\/www.todo.nl\/fr\/references\/\" \/>\n<meta property=\"og:locale\" content=\"fr_FR\" \/>\n<meta property=\"og:type\" content=\"article\" \/>\n<meta property=\"og:title\" content=\"R\u00e9f\u00e9rences - Todo.nl\" \/>\n<meta property=\"og:description\" content=\"[vc_row][vc_column width=\u00a0\u00bb1\/2&Prime;][media image=\u00a0\u00bb674&Prime;][\/vc_column][vc_column width=\u00a0\u00bb1\/2&Prime;][vc_column_text] . Philips AVENT \u201cI am overall really pleased with the quality of the translations. Quite often especially for Russia &amp; China we get really bad quality translations. I thought it\u2019s handy for you to know that your translators did a proper job here!\u201d &#8211; P. Brunnbauer[\/vc_column_text][\/vc_column][\/vc_row][vc_row][vc_column width=\u00a0\u00bb1\/2&Prime;][media image=\u00a0\u00bb675&Prime;][\/vc_column][vc_column width=\u00a0\u00bb1\/2&Prime;][vc_column_text] Province du [&hellip;]\" \/>\n<meta property=\"og:url\" content=\"https:\/\/www.todo.nl\/fr\/references\/\" \/>\n<meta property=\"og:site_name\" content=\"Todo.nl\" \/>\n<meta property=\"article:modified_time\" content=\"2020-01-07T12:34:13+00:00\" \/>\n<meta name=\"twitter:card\" content=\"summary_large_image\" \/>\n<meta name=\"twitter:label1\" content=\"Dur\u00e9e de lecture estim\u00e9e\" \/>\n\t<meta name=\"twitter:data1\" content=\"3 minutes\" \/>\n<script type=\"application\/ld+json\" class=\"yoast-schema-graph\">{\"@context\":\"https:\\\/\\\/schema.org\",\"@graph\":[{\"@type\":\"WebPage\",\"@id\":\"https:\\\/\\\/www.todo.nl\\\/fr\\\/references\\\/\",\"url\":\"https:\\\/\\\/www.todo.nl\\\/fr\\\/references\\\/\",\"name\":\"R\u00e9f\u00e9rences - Todo.nl\",\"isPartOf\":{\"@id\":\"https:\\\/\\\/www.todo.nl\\\/#website\"},\"datePublished\":\"2017-02-28T10:49:01+00:00\",\"dateModified\":\"2020-01-07T12:34:13+00:00\",\"breadcrumb\":{\"@id\":\"https:\\\/\\\/www.todo.nl\\\/fr\\\/references\\\/#breadcrumb\"},\"inLanguage\":\"fr-FR\",\"potentialAction\":[{\"@type\":\"ReadAction\",\"target\":[\"https:\\\/\\\/www.todo.nl\\\/fr\\\/references\\\/\"]}]},{\"@type\":\"BreadcrumbList\",\"@id\":\"https:\\\/\\\/www.todo.nl\\\/fr\\\/references\\\/#breadcrumb\",\"itemListElement\":[{\"@type\":\"ListItem\",\"position\":1,\"name\":\"Home\",\"item\":\"https:\\\/\\\/www.todo.nl\\\/fr\\\/\"},{\"@type\":\"ListItem\",\"position\":2,\"name\":\"R\u00e9f\u00e9rences\"}]},{\"@type\":\"WebSite\",\"@id\":\"https:\\\/\\\/www.todo.nl\\\/#website\",\"url\":\"https:\\\/\\\/www.todo.nl\\\/\",\"name\":\"Todo.nl\",\"description\":\"Talenservice\",\"potentialAction\":[{\"@type\":\"SearchAction\",\"target\":{\"@type\":\"EntryPoint\",\"urlTemplate\":\"https:\\\/\\\/www.todo.nl\\\/?s={search_term_string}\"},\"query-input\":{\"@type\":\"PropertyValueSpecification\",\"valueRequired\":true,\"valueName\":\"search_term_string\"}}],\"inLanguage\":\"fr-FR\"}]}<\/script>\n<!-- \/ Yoast SEO plugin. -->","yoast_head_json":{"title":"R\u00e9f\u00e9rences - Todo.nl","robots":{"index":"index","follow":"follow","max-snippet":"max-snippet:-1","max-image-preview":"max-image-preview:large","max-video-preview":"max-video-preview:-1"},"canonical":"https:\/\/www.todo.nl\/fr\/references\/","og_locale":"fr_FR","og_type":"article","og_title":"R\u00e9f\u00e9rences - Todo.nl","og_description":"[vc_row][vc_column width=\u00a0\u00bb1\/2&Prime;][media image=\u00a0\u00bb674&Prime;][\/vc_column][vc_column width=\u00a0\u00bb1\/2&Prime;][vc_column_text] . Philips AVENT \u201cI am overall really pleased with the quality of the translations. Quite often especially for Russia &amp; China we get really bad quality translations. I thought it\u2019s handy for you to know that your translators did a proper job here!\u201d &#8211; P. Brunnbauer[\/vc_column_text][\/vc_column][\/vc_row][vc_row][vc_column width=\u00a0\u00bb1\/2&Prime;][media image=\u00a0\u00bb675&Prime;][\/vc_column][vc_column width=\u00a0\u00bb1\/2&Prime;][vc_column_text] Province du [&hellip;]","og_url":"https:\/\/www.todo.nl\/fr\/references\/","og_site_name":"Todo.nl","article_modified_time":"2020-01-07T12:34:13+00:00","twitter_card":"summary_large_image","twitter_misc":{"Dur\u00e9e de lecture estim\u00e9e":"3 minutes"},"schema":{"@context":"https:\/\/schema.org","@graph":[{"@type":"WebPage","@id":"https:\/\/www.todo.nl\/fr\/references\/","url":"https:\/\/www.todo.nl\/fr\/references\/","name":"R\u00e9f\u00e9rences - Todo.nl","isPartOf":{"@id":"https:\/\/www.todo.nl\/#website"},"datePublished":"2017-02-28T10:49:01+00:00","dateModified":"2020-01-07T12:34:13+00:00","breadcrumb":{"@id":"https:\/\/www.todo.nl\/fr\/references\/#breadcrumb"},"inLanguage":"fr-FR","potentialAction":[{"@type":"ReadAction","target":["https:\/\/www.todo.nl\/fr\/references\/"]}]},{"@type":"BreadcrumbList","@id":"https:\/\/www.todo.nl\/fr\/references\/#breadcrumb","itemListElement":[{"@type":"ListItem","position":1,"name":"Home","item":"https:\/\/www.todo.nl\/fr\/"},{"@type":"ListItem","position":2,"name":"R\u00e9f\u00e9rences"}]},{"@type":"WebSite","@id":"https:\/\/www.todo.nl\/#website","url":"https:\/\/www.todo.nl\/","name":"Todo.nl","description":"Talenservice","potentialAction":[{"@type":"SearchAction","target":{"@type":"EntryPoint","urlTemplate":"https:\/\/www.todo.nl\/?s={search_term_string}"},"query-input":{"@type":"PropertyValueSpecification","valueRequired":true,"valueName":"search_term_string"}}],"inLanguage":"fr-FR"}]}},"_links":{"self":[{"href":"https:\/\/www.todo.nl\/fr\/wp-json\/wp\/v2\/pages\/1148","targetHints":{"allow":["GET"]}}],"collection":[{"href":"https:\/\/www.todo.nl\/fr\/wp-json\/wp\/v2\/pages"}],"about":[{"href":"https:\/\/www.todo.nl\/fr\/wp-json\/wp\/v2\/types\/page"}],"author":[{"embeddable":true,"href":"https:\/\/www.todo.nl\/fr\/wp-json\/wp\/v2\/users\/1"}],"replies":[{"embeddable":true,"href":"https:\/\/www.todo.nl\/fr\/wp-json\/wp\/v2\/comments?post=1148"}],"version-history":[{"count":10,"href":"https:\/\/www.todo.nl\/fr\/wp-json\/wp\/v2\/pages\/1148\/revisions"}],"predecessor-version":[{"id":3303,"href":"https:\/\/www.todo.nl\/fr\/wp-json\/wp\/v2\/pages\/1148\/revisions\/3303"}],"wp:attachment":[{"href":"https:\/\/www.todo.nl\/fr\/wp-json\/wp\/v2\/media?parent=1148"}],"curies":[{"name":"wp","href":"https:\/\/api.w.org\/{rel}","templated":true}]}}