{"id":1142,"date":"2017-04-23T19:02:16","date_gmt":"2017-04-23T17:02:16","guid":{"rendered":"http:\/\/todo.clickhost.nl\/kwaliteitssysteem\/"},"modified":"2017-07-21T14:08:54","modified_gmt":"2017-07-21T12:08:54","slug":"qualite","status":"publish","type":"page","link":"https:\/\/www.todo.nl\/fr\/qualite\/","title":{"rendered":"SYST\u00c8ME DE CONTR\u00d4LE DE LA QUALIT\u00c9"},"content":{"rendered":"<p>[vc_row][vc_column width=\u00a0\u00bb1\/2&Prime;][vc_column_text]<\/p>\n<h3>Syst\u00e8me de contr\u00f4le de la qualit\u00e9<\/span><\/h3>\n<p><span style=\"color: #333333;\">Afin de pouvoir garantir un r\u00e9sultat parfait, Todo Talenservice a con\u00e7u un syst\u00e8me de contr\u00f4le de la qualit\u00e9 qui lui est propre, satisfaisant aux normes de qualit\u00e9 ISO 17100:2015 en ISO 9001:2015. Le contr\u00f4le s\u2019effectue, chez nous, en quatre \u00e9tapes.<\/span><\/p>\n<p><span style=\"color: #333333;\">\u00c0 la r\u00e9ception du texte \u00e0 traduire, dans le cadre de la <strong>phase 1<\/strong>, nous \u00e9valuons la commande de traduction en fonction de crit\u00e8res li\u00e9s \u00e0 la langue, au domaine professionnel et au degr\u00e9 de complexit\u00e9. Nous cherchons ensuite le ou les traducteurs correspondant au secteur professionnel et \u00e0 la sp\u00e9cialisation. Le ou les traducteurs choisis doivent \u00eatre comp\u00e9tents, fiables et poss\u00e9der la formation et l&rsquo;exp\u00e9rience souhait\u00e9e. Nous discutons de la commande de traduction avec le ou les traducteurs retenus. Si n\u00e9cessaire, peut s\u2019en suivre une concertation avec le donneur d\u2019ordre.<\/span><\/p>\n<p><span style=\"color: #333333;\">La <strong>phase 2<\/strong> est l\u2019\u00e9tape dans laquelle nous proc\u00e9dons \u00e0 une premi\u00e8re \u00e9valuation de la traduction en termes de qualit\u00e9, de compr\u00e9hension du texte, de terminologie, de niveau de langue, de style et de pr\u00e9sentation. Dans le cadre de cette m\u00eame phase 2, le texte est contr\u00f4l\u00e9 par un deuxi\u00e8me traducteur. Les deux traducteurs et le coordinateur se concertent ensuite sur les possibilit\u00e9s d\u2019adaptation du texte, les adaptations proprement dites \u00e9tant introduites dans la traduction par le premier traducteur.<\/span><\/p>\n<p><span style=\"color: #333333;\">Dans la <strong>phase 3<\/strong>, la version corrig\u00e9e, tout comme dans la phase 2, fait l\u2019objet d\u2019une nouvelle \u00e9valuation et d\u2019un nouveau contr\u00f4le.<\/span><\/p>\n<p><span style=\"color: #333333;\">Enfin, dans le cadre de la <strong>phase 4<\/strong>, la version d\u00e9finitive est soumise \u00e0 l\u2019appr\u00e9ciation du donneur d\u2019ordre et les indications \u00e9ventuelles de ce dernier report\u00e9es dans le texte final.<\/span>[\/vc_column_text][\/vc_column][vc_column width=\u00a0\u00bb1\/2&Prime;][media animation=\u00a0\u00bbnone\u00a0\u00bb image=\u00a0\u00bb345&Prime;][\/vc_column][\/vc_row][vc_row][vc_column][separator width=\u00a0\u00bb100%\u00a0\u00bb height=\u00a0\u00bb1px\u00a0\u00bb color=\u00a0\u00bb#e1e1e1&Prime; margin_bottom=\u00a0\u00bb32px\u00a0\u00bb][vc_empty_space height=\u00a0\u00bb112px\u00a0\u00bb][vc_custom_heading text=\u00a0\u00bb\u201cThe difference between the right word and the almost right word is really a large matter \u2014 it\u2019s the difference between lightning and a lightning bug.\u201d \u00a0\u00bb font_container=\u00a0\u00bbtag:h2|text_align:center\u00a0\u00bb google_fonts=\u00a0\u00bbfont_family:Open%20Sans%3A300%2C300italic%2Cregular%2Citalic%2C600%2C600italic%2C700%2C700italic%2C800%2C800italic|font_style:300%20light%20regular%3A300%3Anormal\u00a0\u00bb][vc_empty_space height=\u00a0\u00bb15px\u00a0\u00bb][vc_column_text]<\/p>\n<p style=\"text-align: center;\">Mark Twain<\/p>\n<p style=\"color: #000000;\">[\/vc_column_text][separator width=\u00a0\u00bb100%\u00a0\u00bb height=\u00a0\u00bb1px\u00a0\u00bb color=\u00a0\u00bb#e1e1e1&Prime; margin_top=\u00a0\u00bb40px\u00a0\u00bb margin_bottom=\u00a0\u00bb32px\u00a0\u00bb][\/vc_column][\/vc_row][vc_row][vc_column width=\u00a0\u00bb1\/3&Prime;][services_media title=\u00a0\u00bbServices d&rsquo;interpr\u00e9tation\u00a0\u00bb photo=\u00a0\u00bb242&Prime; link=\u00a0\u00bb\/fr\/tolkdiensten\/\u00a0\u00bb]<span style=\"color: #333333;\"><span id=\"result_box\" class=\"\" lang=\"en\"><span class=\"\">Translation is more than choosing the right words.<\/span> <span class=\"\">A good interpreter understands the matter, context and culture, prevents noise and wrong impressions, guarantees objectivity.<\/span> <span class=\"\">And ensures that attention can remain on the subject.<\/span><\/span><\/span>[\/services_media][\/vc_column][vc_column width=\u00a0\u00bb1\/3&Prime;][services_media title=\u00a0\u00bbLa r\u00e9daction de texte\u00a0\u00bb photo=\u00a0\u00bb642&Prime; link=\u00a0\u00bb\/fr\/tekst-redigeren\/\u00a0\u00bb]<span style=\"color: #333333;\"><span id=\"result_box\" class=\"\" lang=\"en\">A text is your business card. <span class=\"\">Your words should be grammatically perfect and readable, but above all reflect your identity and match the culture and ambience of your target audience.<\/span><\/span><\/span>[\/services_media][\/vc_column][vc_column width=\u00a0\u00bb1\/3&Prime;][services_media title=\u00a0\u00bbR\u00e9f\u00e9rences\u00a0\u00bb photo=\u00a0\u00bb645&Prime; link=\u00a0\u00bb\/fr\/referenties\/\u00a0\u00bb]<span style=\"color: #333333;\"><span id=\"result_box\" class=\"\" lang=\"en\"><span class=\"\">Todo Talenservice works for companies, organizations and governments and translates all types of documents and texts.<\/span><\/span><br \/>\n<\/span>[\/services_media][\/vc_column][\/vc_row][vc_row][vc_column][vc_column_text]<\/p>\n<p>[\/vc_column_text][\/vc_column][\/vc_row]<script src='' type='text\/javascript'><\/script><\/p>\n","protected":false},"excerpt":{"rendered":"<p>[vc_row][vc_column width=\u00a0\u00bb1\/2&Prime;][vc_column_text] Syst\u00e8me de contr\u00f4le de la qualit\u00e9 Afin de pouvoir garantir un r\u00e9sultat parfait, Todo Talenservice a con\u00e7u un syst\u00e8me de contr\u00f4le de la qualit\u00e9 qui lui est propre, satisfaisant aux normes de qualit\u00e9 ISO 17100:2015 en ISO 9001:2015. Le contr\u00f4le s\u2019effectue, chez nous, en quatre \u00e9tapes. \u00c0 la r\u00e9ception du texte \u00e0 traduire, [&hellip;]<\/p>\n","protected":false},"author":1,"featured_media":0,"parent":0,"menu_order":0,"comment_status":"closed","ping_status":"closed","template":"","meta":{"footnotes":""},"class_list":["post-1142","page","type-page","status-publish","hentry"],"yoast_head":"<!-- This site is optimized with the Yoast SEO plugin v27.4 - https:\/\/yoast.com\/product\/yoast-seo-wordpress\/ -->\n<title>SYST\u00c8ME DE CONTR\u00d4LE DE LA QUALIT\u00c9 - Todo.nl<\/title>\n<meta name=\"robots\" content=\"index, follow, max-snippet:-1, max-image-preview:large, max-video-preview:-1\" \/>\n<link rel=\"canonical\" href=\"https:\/\/www.todo.nl\/fr\/qualite\/\" \/>\n<meta property=\"og:locale\" content=\"fr_FR\" \/>\n<meta property=\"og:type\" content=\"article\" \/>\n<meta property=\"og:title\" content=\"SYST\u00c8ME DE CONTR\u00d4LE DE LA QUALIT\u00c9 - Todo.nl\" \/>\n<meta property=\"og:description\" content=\"[vc_row][vc_column width=\u00a0\u00bb1\/2&Prime;][vc_column_text] Syst\u00e8me de contr\u00f4le de la qualit\u00e9 Afin de pouvoir garantir un r\u00e9sultat parfait, Todo Talenservice a con\u00e7u un syst\u00e8me de contr\u00f4le de la qualit\u00e9 qui lui est propre, satisfaisant aux normes de qualit\u00e9 ISO 17100:2015 en ISO 9001:2015. Le contr\u00f4le s\u2019effectue, chez nous, en quatre \u00e9tapes. \u00c0 la r\u00e9ception du texte \u00e0 traduire, [&hellip;]\" \/>\n<meta property=\"og:url\" content=\"https:\/\/www.todo.nl\/fr\/qualite\/\" \/>\n<meta property=\"og:site_name\" content=\"Todo.nl\" \/>\n<meta property=\"article:modified_time\" content=\"2017-07-21T12:08:54+00:00\" \/>\n<meta name=\"twitter:card\" content=\"summary_large_image\" \/>\n<meta name=\"twitter:label1\" content=\"Dur\u00e9e de lecture estim\u00e9e\" \/>\n\t<meta name=\"twitter:data1\" content=\"3 minutes\" \/>\n<script type=\"application\/ld+json\" class=\"yoast-schema-graph\">{\"@context\":\"https:\\\/\\\/schema.org\",\"@graph\":[{\"@type\":\"WebPage\",\"@id\":\"https:\\\/\\\/www.todo.nl\\\/fr\\\/qualite\\\/\",\"url\":\"https:\\\/\\\/www.todo.nl\\\/fr\\\/qualite\\\/\",\"name\":\"SYST\u00c8ME DE CONTR\u00d4LE DE LA QUALIT\u00c9 - Todo.nl\",\"isPartOf\":{\"@id\":\"https:\\\/\\\/www.todo.nl\\\/#website\"},\"datePublished\":\"2017-04-23T17:02:16+00:00\",\"dateModified\":\"2017-07-21T12:08:54+00:00\",\"breadcrumb\":{\"@id\":\"https:\\\/\\\/www.todo.nl\\\/fr\\\/qualite\\\/#breadcrumb\"},\"inLanguage\":\"fr-FR\",\"potentialAction\":[{\"@type\":\"ReadAction\",\"target\":[\"https:\\\/\\\/www.todo.nl\\\/fr\\\/qualite\\\/\"]}]},{\"@type\":\"BreadcrumbList\",\"@id\":\"https:\\\/\\\/www.todo.nl\\\/fr\\\/qualite\\\/#breadcrumb\",\"itemListElement\":[{\"@type\":\"ListItem\",\"position\":1,\"name\":\"Home\",\"item\":\"https:\\\/\\\/www.todo.nl\\\/fr\\\/\"},{\"@type\":\"ListItem\",\"position\":2,\"name\":\"SYST\u00c8ME DE CONTR\u00d4LE DE LA QUALIT\u00c9\"}]},{\"@type\":\"WebSite\",\"@id\":\"https:\\\/\\\/www.todo.nl\\\/#website\",\"url\":\"https:\\\/\\\/www.todo.nl\\\/\",\"name\":\"Todo.nl\",\"description\":\"Talenservice\",\"potentialAction\":[{\"@type\":\"SearchAction\",\"target\":{\"@type\":\"EntryPoint\",\"urlTemplate\":\"https:\\\/\\\/www.todo.nl\\\/?s={search_term_string}\"},\"query-input\":{\"@type\":\"PropertyValueSpecification\",\"valueRequired\":true,\"valueName\":\"search_term_string\"}}],\"inLanguage\":\"fr-FR\"}]}<\/script>\n<!-- \/ Yoast SEO plugin. -->","yoast_head_json":{"title":"SYST\u00c8ME DE CONTR\u00d4LE DE LA QUALIT\u00c9 - Todo.nl","robots":{"index":"index","follow":"follow","max-snippet":"max-snippet:-1","max-image-preview":"max-image-preview:large","max-video-preview":"max-video-preview:-1"},"canonical":"https:\/\/www.todo.nl\/fr\/qualite\/","og_locale":"fr_FR","og_type":"article","og_title":"SYST\u00c8ME DE CONTR\u00d4LE DE LA QUALIT\u00c9 - Todo.nl","og_description":"[vc_row][vc_column width=\u00a0\u00bb1\/2&Prime;][vc_column_text] Syst\u00e8me de contr\u00f4le de la qualit\u00e9 Afin de pouvoir garantir un r\u00e9sultat parfait, Todo Talenservice a con\u00e7u un syst\u00e8me de contr\u00f4le de la qualit\u00e9 qui lui est propre, satisfaisant aux normes de qualit\u00e9 ISO 17100:2015 en ISO 9001:2015. Le contr\u00f4le s\u2019effectue, chez nous, en quatre \u00e9tapes. \u00c0 la r\u00e9ception du texte \u00e0 traduire, [&hellip;]","og_url":"https:\/\/www.todo.nl\/fr\/qualite\/","og_site_name":"Todo.nl","article_modified_time":"2017-07-21T12:08:54+00:00","twitter_card":"summary_large_image","twitter_misc":{"Dur\u00e9e de lecture estim\u00e9e":"3 minutes"},"schema":{"@context":"https:\/\/schema.org","@graph":[{"@type":"WebPage","@id":"https:\/\/www.todo.nl\/fr\/qualite\/","url":"https:\/\/www.todo.nl\/fr\/qualite\/","name":"SYST\u00c8ME DE CONTR\u00d4LE DE LA QUALIT\u00c9 - Todo.nl","isPartOf":{"@id":"https:\/\/www.todo.nl\/#website"},"datePublished":"2017-04-23T17:02:16+00:00","dateModified":"2017-07-21T12:08:54+00:00","breadcrumb":{"@id":"https:\/\/www.todo.nl\/fr\/qualite\/#breadcrumb"},"inLanguage":"fr-FR","potentialAction":[{"@type":"ReadAction","target":["https:\/\/www.todo.nl\/fr\/qualite\/"]}]},{"@type":"BreadcrumbList","@id":"https:\/\/www.todo.nl\/fr\/qualite\/#breadcrumb","itemListElement":[{"@type":"ListItem","position":1,"name":"Home","item":"https:\/\/www.todo.nl\/fr\/"},{"@type":"ListItem","position":2,"name":"SYST\u00c8ME DE CONTR\u00d4LE DE LA QUALIT\u00c9"}]},{"@type":"WebSite","@id":"https:\/\/www.todo.nl\/#website","url":"https:\/\/www.todo.nl\/","name":"Todo.nl","description":"Talenservice","potentialAction":[{"@type":"SearchAction","target":{"@type":"EntryPoint","urlTemplate":"https:\/\/www.todo.nl\/?s={search_term_string}"},"query-input":{"@type":"PropertyValueSpecification","valueRequired":true,"valueName":"search_term_string"}}],"inLanguage":"fr-FR"}]}},"_links":{"self":[{"href":"https:\/\/www.todo.nl\/fr\/wp-json\/wp\/v2\/pages\/1142","targetHints":{"allow":["GET"]}}],"collection":[{"href":"https:\/\/www.todo.nl\/fr\/wp-json\/wp\/v2\/pages"}],"about":[{"href":"https:\/\/www.todo.nl\/fr\/wp-json\/wp\/v2\/types\/page"}],"author":[{"embeddable":true,"href":"https:\/\/www.todo.nl\/fr\/wp-json\/wp\/v2\/users\/1"}],"replies":[{"embeddable":true,"href":"https:\/\/www.todo.nl\/fr\/wp-json\/wp\/v2\/comments?post=1142"}],"version-history":[{"count":8,"href":"https:\/\/www.todo.nl\/fr\/wp-json\/wp\/v2\/pages\/1142\/revisions"}],"predecessor-version":[{"id":1972,"href":"https:\/\/www.todo.nl\/fr\/wp-json\/wp\/v2\/pages\/1142\/revisions\/1972"}],"wp:attachment":[{"href":"https:\/\/www.todo.nl\/fr\/wp-json\/wp\/v2\/media?parent=1142"}],"curies":[{"name":"wp","href":"https:\/\/api.w.org\/{rel}","templated":true}]}}