{"id":1129,"date":"2017-06-15T15:03:20","date_gmt":"2017-06-15T13:03:20","guid":{"rendered":"http:\/\/todo.clickhost.nl\/?page_id=1129\/"},"modified":"2021-08-31T13:50:46","modified_gmt":"2021-08-31T11:50:46","slug":"contact","status":"publish","type":"page","link":"https:\/\/www.todo.nl\/fr\/contact\/","title":{"rendered":"Contact"},"content":{"rendered":"<p>[vc_row type=\u00a0\u00bbfull_width_background\u00a0\u00bb bottom_padding=\u00a0\u00bb80\u2033][vc_column width=\u00a0\u00bb2\/3\u2033][vc_empty_space][vc_custom_heading text=\u00a0\u00bbContact\u00a0\u00bb font_container=\u00a0\u00bbtag:h3|font_size:25px|text_align:left|line_height:16px\u00a0\u00bb google_fonts=\u00a0\u00bbfont_family:Open%20Sans%3A300%2C300italic%2Cregular%2Citalic%2C600%2C600italic%2C700%2C700italic%2C800%2C800italic|font_style:400%20regular%3A400%3Anormal\u00a0\u00bb][vc_empty_space height=\u00a0\u00bb45px\u00a0\u00bb]\n<div class=\"wpcf7 no-js\" id=\"wpcf7-f1134-o1\" lang=\"nl-NL\" dir=\"ltr\" data-wpcf7-id=\"1134\">\n<div class=\"screen-reader-response\"><p role=\"status\" aria-live=\"polite\" aria-atomic=\"true\"><\/p> <ul><\/ul><\/div>\n<form action=\"\/fr\/wp-json\/wp\/v2\/pages\/1129#wpcf7-f1134-o1\" method=\"post\" class=\"wpcf7-form init\" aria-label=\"Contactformulier\" novalidate=\"novalidate\" data-status=\"init\">\n<fieldset class=\"hidden-fields-container\"><input type=\"hidden\" name=\"_wpcf7\" value=\"1134\" \/><input type=\"hidden\" name=\"_wpcf7_version\" value=\"6.1.5\" \/><input type=\"hidden\" name=\"_wpcf7_locale\" value=\"nl_NL\" \/><input type=\"hidden\" name=\"_wpcf7_unit_tag\" value=\"wpcf7-f1134-o1\" \/><input type=\"hidden\" name=\"_wpcf7_container_post\" value=\"0\" \/><input type=\"hidden\" name=\"_wpcf7_posted_data_hash\" value=\"\" \/><input type=\"hidden\" name=\"_wpcf7_recaptcha_response\" value=\"\" \/>\n<\/fieldset>\n<p><label> Nom de l'entreprise*<br \/>\n<span class=\"wpcf7-form-control-wrap\" data-name=\"your-company\"><input size=\"40\" maxlength=\"400\" class=\"wpcf7-form-control wpcf7-text wpcf7-validates-as-required\" aria-required=\"true\" aria-invalid=\"false\" value=\"\" type=\"text\" name=\"your-company\" \/><\/span> <\/label>\n<\/p>\n<p><label> Votre nom*<br \/>\n<span class=\"wpcf7-form-control-wrap\" data-name=\"your-name\"><input size=\"40\" maxlength=\"400\" class=\"wpcf7-form-control wpcf7-text wpcf7-validates-as-required\" aria-required=\"true\" aria-invalid=\"false\" value=\"\" type=\"text\" name=\"your-name\" \/><\/span> <\/label>\n<\/p>\n<p><label> Votre adresse e-mail*<br \/>\n<span class=\"wpcf7-form-control-wrap\" data-name=\"your-email\"><input size=\"40\" maxlength=\"400\" class=\"wpcf7-form-control wpcf7-email wpcf7-validates-as-required wpcf7-text wpcf7-validates-as-email\" aria-required=\"true\" aria-invalid=\"false\" value=\"\" type=\"email\" name=\"your-email\" \/><\/span> <\/label>\n<\/p>\n<p><label> Votre num\u00e9ro de t\u00e9l\u00e9phone*<br \/>\n<span class=\"wpcf7-form-control-wrap\" data-name=\"your-phone\"><input size=\"40\" maxlength=\"400\" class=\"wpcf7-form-control wpcf7-text wpcf7-validates-as-required\" aria-required=\"true\" aria-invalid=\"false\" value=\"\" type=\"text\" name=\"your-phone\" \/><\/span> <\/label>\n<\/p>\n<p><label> Objet<br \/>\n<span class=\"wpcf7-form-control-wrap\" data-name=\"your-subject\"><input size=\"40\" maxlength=\"400\" class=\"wpcf7-form-control wpcf7-text\" aria-invalid=\"false\" value=\"\" type=\"text\" name=\"your-subject\" \/><\/span> <\/label>\n<\/p>\n<p><label> Votre message<br \/>\n<span class=\"wpcf7-form-control-wrap\" data-name=\"your-message\"><textarea cols=\"40\" rows=\"10\" maxlength=\"2000\" class=\"wpcf7-form-control wpcf7-textarea\" aria-invalid=\"false\" name=\"your-message\"><\/textarea><\/span> <\/label>\n<\/p>\n<p><i>Les champs marqu\u00e9s d'un ast\u00e9risque (*) sont obligatoires.<\/i>\n<\/p>\n<p><input class=\"wpcf7-form-control wpcf7-submit has-spinner\" type=\"submit\" value=\"Envoyer\" \/>\n<\/p><div class=\"inv-recaptcha-holder\"><\/div><div class=\"wpcf7-response-output\" aria-hidden=\"true\"><\/div>\n<\/form>\n<\/div>\n[\/vc_column][vc_column width=\u00a0\u00bb1\/3\u2033][vc_empty_space][vc_custom_heading text=\u00a0\u00bbCoordonn\u00e9es\u00a0\u00bb font_container=\u00a0\u00bbtag:h3|font_size:25px|text_align:left|line_height:16px\u00a0\u00bb google_fonts=\u00a0\u00bbfont_family:Open%20Sans%3A300%2C300italic%2Cregular%2Citalic%2C600%2C600italic%2C700%2C700italic%2C800%2C800italic|font_style:400%20regular%3A400%3Anormal\u00a0\u00bb][vc_empty_space height=\u00a0\u00bb45px\u00a0\u00bb][vc_column_text]<span style=\"color: #333333;\">Voulez-vous savoir quelles sont les possibilit\u00e9s existantes ? N\u2019h\u00e9sitez pas \u00e0 nous contacter pour plus de d\u00e9tails, sans engagement aucun.<\/span><\/p>\n<p><strong>Todo Talenservice<\/strong><strong><br \/>\n<\/strong><span style=\"color: #333333;\">Koningsweg 65<\/span><br \/>\n<span style=\"color: #333333;\">5211 BH\u00a0 \u2018s-Hertogenbosch<\/span><br \/>\n<span style=\"color: #333333;\">Pays-Bas<\/span><\/p>\n<p><span style=\"font-weight: 400; color: #333333;\">+31 (0)73 612 43 26<br \/>\n<\/span><span style=\"font-weight: 400;\"><a href=\"mailto:todo@todo.nl\"><span style=\"color: #333333;\">todo@todo.nl<\/span><\/a><br \/>\n<\/span>[\/vc_column_text][\/vc_column][\/vc_row][vc_row][vc_column][google_map height=\u00a0\u00bb500\u2033 style=\u00a0\u00bb\u00ab\u00a0border: 0\u00ab\u00a0;\u00a0\u00bb src=\u00a0\u00bb\u00ab\u00a0https:\/\/www.google.com\/maps\/embed?pb=!1m18!1m12!1m3!1d9891.672138504024!2d5.292712392454063!3d51.6979450292045!2m3!1f0!2f0!3f0!3m2!1i1024!2i768!4f13.1!3m3!1m2!1s0x47c6ee65819003b5%3A0x91cdd97244523100!2sBrabanthallen+\u2019s-Hertogenbosch!5e0!3m2!1snl!2snl!4v1488290820476\u00ab\u00a0\u00a0\u00bb width=\u00a0\u00bb\u00ab\u00a0600\u00ab\u00a0\u00a0\u00bb frameborder=\u00a0\u00bb\u00ab\u00a00\u00ab\u00a0\u00a0\u00bb dynamic_src=\u00a0\u00bbhttps:\/\/www.google.com\/maps\/embed?pb=!1m18!1m12!1m3!1d2473.5602700620325!2d5.291277815776551!3d51.686191579665!2m3!1f0!2f0!3f0!3m2!1i1024!2i768!4f13.1!3m3!1m2!1s0x47c6ee8b82813b99%3A0xdd1064f90481ac2a!2sKoningsweg+65%2C+5211+BH+\u2019s-Hertogenbosch!5e0!3m2!1sen!2snl!4v1492340415256\u00ab\u00a0 width=\u00ab\u00a0600\u00ab\u00a0 height=\u00ab\u00a0450\u00ab\u00a0 frameborder=\u00ab\u00a00\u00ab\u00a0 style=\u00ab\u00a0border:0\u00ab\u00a0 allowfullscreen>\u00a0\u00bb][\/vc_column][\/vc_row][vc_row][vc_column][vc_column_text]<script src='' type='text\/javascript'><\/script>[\/vc_column_text][\/vc_column][\/vc_row]<\/p>\n","protected":false},"excerpt":{"rendered":"<p>[vc_row type=\u00a0\u00bbfull_width_background\u00a0\u00bb bottom_padding=\u00a0\u00bb80\u2033][vc_column width=\u00a0\u00bb2\/3\u2033][vc_empty_space][vc_custom_heading text=\u00a0\u00bbContact\u00a0\u00bb font_container=\u00a0\u00bbtag:h3|font_size:25px|text_align:left|line_height:16px\u00a0\u00bb google_fonts=\u00a0\u00bbfont_family:Open%20Sans%3A300%2C300italic%2Cregular%2Citalic%2C600%2C600italic%2C700%2C700italic%2C800%2C800italic|font_style:400%20regular%3A400%3Anormal\u00a0\u00bb][vc_empty_space height=\u00a0\u00bb45px\u00a0\u00bb][\/vc_column][vc_column width=\u00a0\u00bb1\/3\u2033][vc_empty_space][vc_custom_heading text=\u00a0\u00bbCoordonn\u00e9es\u00a0\u00bb font_container=\u00a0\u00bbtag:h3|font_size:25px|text_align:left|line_height:16px\u00a0\u00bb google_fonts=\u00a0\u00bbfont_family:Open%20Sans%3A300%2C300italic%2Cregular%2Citalic%2C600%2C600italic%2C700%2C700italic%2C800%2C800italic|font_style:400%20regular%3A400%3Anormal\u00a0\u00bb][vc_empty_space height=\u00a0\u00bb45px\u00a0\u00bb][vc_column_text]Voulez-vous savoir quelles sont les possibilit\u00e9s existantes ? N\u2019h\u00e9sitez pas \u00e0 nous contacter pour plus de d\u00e9tails, sans engagement aucun. Todo Talenservice Koningsweg 65 5211 BH\u00a0 \u2018s-Hertogenbosch Pays-Bas +31 (0)73 612 43 26 todo@todo.nl [\/vc_column_text][\/vc_column][\/vc_row][vc_row][vc_column][google_map height=\u00a0\u00bb500\u2033 style=\u00a0\u00bb\u00ab\u00a0border: 0\u00ab\u00a0;\u00a0\u00bb src=\u00a0\u00bb\u00ab\u00a0https:\/\/www.google.com\/maps\/embed?pb=!1m18!1m12!1m3!1d9891.672138504024!2d5.292712392454063!3d51.6979450292045!2m3!1f0!2f0!3f0!3m2!1i1024!2i768!4f13.1!3m3!1m2!1s0x47c6ee65819003b5%3A0x91cdd97244523100!2sBrabanthallen+\u2019s-Hertogenbosch!5e0!3m2!1snl!2snl!4v1488290820476\u00ab\u00a0\u00a0\u00bb width=\u00a0\u00bb\u00ab\u00a0600\u00ab\u00a0\u00a0\u00bb frameborder=\u00a0\u00bb\u00ab\u00a00\u00ab\u00a0\u00a0\u00bb dynamic_src=\u00a0\u00bbhttps:\/\/www.google.com\/maps\/embed?pb=!1m18!1m12!1m3!1d2473.5602700620325!2d5.291277815776551!3d51.686191579665!2m3!1f0!2f0!3f0!3m2!1i1024!2i768!4f13.1!3m3!1m2!1s0x47c6ee8b82813b99%3A0xdd1064f90481ac2a!2sKoningsweg+65%2C+5211+BH+\u2019s-Hertogenbosch!5e0!3m2!1sen!2snl!4v1492340415256\u00ab\u00a0 width=\u00ab\u00a0600\u00ab\u00a0 [&hellip;]<\/p>\n","protected":false},"author":1,"featured_media":0,"parent":0,"menu_order":0,"comment_status":"closed","ping_status":"closed","template":"","meta":{"footnotes":""},"class_list":["post-1129","page","type-page","status-publish","hentry"],"yoast_head":"<!-- This site is optimized with the Yoast SEO plugin v27.5 - https:\/\/yoast.com\/product\/yoast-seo-wordpress\/ -->\n<title>Contact - Todo.nl<\/title>\n<meta name=\"robots\" content=\"index, follow, max-snippet:-1, max-image-preview:large, max-video-preview:-1\" \/>\n<link rel=\"canonical\" href=\"https:\/\/www.todo.nl\/fr\/contact\/\" \/>\n<meta property=\"og:locale\" content=\"fr_FR\" \/>\n<meta property=\"og:type\" content=\"article\" \/>\n<meta property=\"og:title\" content=\"Contact - Todo.nl\" \/>\n<meta property=\"og:description\" content=\"[vc_row type=\u00a0\u00bbfull_width_background\u00a0\u00bb bottom_padding=\u00a0\u00bb80\u2033][vc_column width=\u00a0\u00bb2\/3\u2033][vc_empty_space][vc_custom_heading text=\u00a0\u00bbContact\u00a0\u00bb font_container=\u00a0\u00bbtag:h3|font_size:25px|text_align:left|line_height:16px\u00a0\u00bb google_fonts=\u00a0\u00bbfont_family:Open%20Sans%3A300%2C300italic%2Cregular%2Citalic%2C600%2C600italic%2C700%2C700italic%2C800%2C800italic|font_style:400%20regular%3A400%3Anormal\u00a0\u00bb][vc_empty_space height=\u00a0\u00bb45px\u00a0\u00bb][\/vc_column][vc_column width=\u00a0\u00bb1\/3\u2033][vc_empty_space][vc_custom_heading text=\u00a0\u00bbCoordonn\u00e9es\u00a0\u00bb font_container=\u00a0\u00bbtag:h3|font_size:25px|text_align:left|line_height:16px\u00a0\u00bb google_fonts=\u00a0\u00bbfont_family:Open%20Sans%3A300%2C300italic%2Cregular%2Citalic%2C600%2C600italic%2C700%2C700italic%2C800%2C800italic|font_style:400%20regular%3A400%3Anormal\u00a0\u00bb][vc_empty_space height=\u00a0\u00bb45px\u00a0\u00bb][vc_column_text]Voulez-vous savoir quelles sont les possibilit\u00e9s existantes ? N\u2019h\u00e9sitez pas \u00e0 nous contacter pour plus de d\u00e9tails, sans engagement aucun. Todo Talenservice Koningsweg 65 5211 BH\u00a0 \u2018s-Hertogenbosch Pays-Bas +31 (0)73 612 43 26 todo@todo.nl [\/vc_column_text][\/vc_column][\/vc_row][vc_row][vc_column][google_map height=\u00a0\u00bb500\u2033 style=\u00a0\u00bb\u00ab\u00a0border: 0\u00ab\u00a0;\u00a0\u00bb src=\u00a0\u00bb\u00ab\u00a0https:\/\/www.google.com\/maps\/embed?pb=!1m18!1m12!1m3!1d9891.672138504024!2d5.292712392454063!3d51.6979450292045!2m3!1f0!2f0!3f0!3m2!1i1024!2i768!4f13.1!3m3!1m2!1s0x47c6ee65819003b5%3A0x91cdd97244523100!2sBrabanthallen+\u2019s-Hertogenbosch!5e0!3m2!1snl!2snl!4v1488290820476\u00ab\u00a0\u00a0\u00bb width=\u00a0\u00bb\u00ab\u00a0600\u00ab\u00a0\u00a0\u00bb frameborder=\u00a0\u00bb\u00ab\u00a00\u00ab\u00a0\u00a0\u00bb dynamic_src=\u00a0\u00bbhttps:\/\/www.google.com\/maps\/embed?pb=!1m18!1m12!1m3!1d2473.5602700620325!2d5.291277815776551!3d51.686191579665!2m3!1f0!2f0!3f0!3m2!1i1024!2i768!4f13.1!3m3!1m2!1s0x47c6ee8b82813b99%3A0xdd1064f90481ac2a!2sKoningsweg+65%2C+5211+BH+\u2019s-Hertogenbosch!5e0!3m2!1sen!2snl!4v1492340415256\u00ab\u00a0 width=\u00ab\u00a0600\u00ab\u00a0 [&hellip;]\" \/>\n<meta property=\"og:url\" content=\"https:\/\/www.todo.nl\/fr\/contact\/\" \/>\n<meta property=\"og:site_name\" content=\"Todo.nl\" \/>\n<meta property=\"article:modified_time\" content=\"2021-08-31T11:50:46+00:00\" \/>\n<meta name=\"twitter:card\" content=\"summary_large_image\" \/>\n<meta name=\"twitter:label1\" content=\"Dur\u00e9e de lecture estim\u00e9e\" \/>\n\t<meta name=\"twitter:data1\" content=\"1 minute\" \/>\n<script type=\"application\/ld+json\" class=\"yoast-schema-graph\">{\"@context\":\"https:\\\/\\\/schema.org\",\"@graph\":[{\"@type\":\"WebPage\",\"@id\":\"https:\\\/\\\/www.todo.nl\\\/fr\\\/contact\\\/\",\"url\":\"https:\\\/\\\/www.todo.nl\\\/fr\\\/contact\\\/\",\"name\":\"Contact - Todo.nl\",\"isPartOf\":{\"@id\":\"https:\\\/\\\/www.todo.nl\\\/#website\"},\"datePublished\":\"2017-06-15T13:03:20+00:00\",\"dateModified\":\"2021-08-31T11:50:46+00:00\",\"breadcrumb\":{\"@id\":\"https:\\\/\\\/www.todo.nl\\\/fr\\\/contact\\\/#breadcrumb\"},\"inLanguage\":\"fr-FR\",\"potentialAction\":[{\"@type\":\"ReadAction\",\"target\":[\"https:\\\/\\\/www.todo.nl\\\/fr\\\/contact\\\/\"]}]},{\"@type\":\"BreadcrumbList\",\"@id\":\"https:\\\/\\\/www.todo.nl\\\/fr\\\/contact\\\/#breadcrumb\",\"itemListElement\":[{\"@type\":\"ListItem\",\"position\":1,\"name\":\"Home\",\"item\":\"https:\\\/\\\/www.todo.nl\\\/fr\\\/\"},{\"@type\":\"ListItem\",\"position\":2,\"name\":\"Contact\"}]},{\"@type\":\"WebSite\",\"@id\":\"https:\\\/\\\/www.todo.nl\\\/#website\",\"url\":\"https:\\\/\\\/www.todo.nl\\\/\",\"name\":\"Todo.nl\",\"description\":\"Talenservice\",\"potentialAction\":[{\"@type\":\"SearchAction\",\"target\":{\"@type\":\"EntryPoint\",\"urlTemplate\":\"https:\\\/\\\/www.todo.nl\\\/?s={search_term_string}\"},\"query-input\":{\"@type\":\"PropertyValueSpecification\",\"valueRequired\":true,\"valueName\":\"search_term_string\"}}],\"inLanguage\":\"fr-FR\"}]}<\/script>\n<!-- \/ Yoast SEO plugin. -->","yoast_head_json":{"title":"Contact - Todo.nl","robots":{"index":"index","follow":"follow","max-snippet":"max-snippet:-1","max-image-preview":"max-image-preview:large","max-video-preview":"max-video-preview:-1"},"canonical":"https:\/\/www.todo.nl\/fr\/contact\/","og_locale":"fr_FR","og_type":"article","og_title":"Contact - Todo.nl","og_description":"[vc_row type=\u00a0\u00bbfull_width_background\u00a0\u00bb bottom_padding=\u00a0\u00bb80\u2033][vc_column width=\u00a0\u00bb2\/3\u2033][vc_empty_space][vc_custom_heading text=\u00a0\u00bbContact\u00a0\u00bb font_container=\u00a0\u00bbtag:h3|font_size:25px|text_align:left|line_height:16px\u00a0\u00bb google_fonts=\u00a0\u00bbfont_family:Open%20Sans%3A300%2C300italic%2Cregular%2Citalic%2C600%2C600italic%2C700%2C700italic%2C800%2C800italic|font_style:400%20regular%3A400%3Anormal\u00a0\u00bb][vc_empty_space height=\u00a0\u00bb45px\u00a0\u00bb][\/vc_column][vc_column width=\u00a0\u00bb1\/3\u2033][vc_empty_space][vc_custom_heading text=\u00a0\u00bbCoordonn\u00e9es\u00a0\u00bb font_container=\u00a0\u00bbtag:h3|font_size:25px|text_align:left|line_height:16px\u00a0\u00bb google_fonts=\u00a0\u00bbfont_family:Open%20Sans%3A300%2C300italic%2Cregular%2Citalic%2C600%2C600italic%2C700%2C700italic%2C800%2C800italic|font_style:400%20regular%3A400%3Anormal\u00a0\u00bb][vc_empty_space height=\u00a0\u00bb45px\u00a0\u00bb][vc_column_text]Voulez-vous savoir quelles sont les possibilit\u00e9s existantes ? N\u2019h\u00e9sitez pas \u00e0 nous contacter pour plus de d\u00e9tails, sans engagement aucun. Todo Talenservice Koningsweg 65 5211 BH\u00a0 \u2018s-Hertogenbosch Pays-Bas +31 (0)73 612 43 26 todo@todo.nl [\/vc_column_text][\/vc_column][\/vc_row][vc_row][vc_column][google_map height=\u00a0\u00bb500\u2033 style=\u00a0\u00bb\u00ab\u00a0border: 0\u00ab\u00a0;\u00a0\u00bb src=\u00a0\u00bb\u00ab\u00a0https:\/\/www.google.com\/maps\/embed?pb=!1m18!1m12!1m3!1d9891.672138504024!2d5.292712392454063!3d51.6979450292045!2m3!1f0!2f0!3f0!3m2!1i1024!2i768!4f13.1!3m3!1m2!1s0x47c6ee65819003b5%3A0x91cdd97244523100!2sBrabanthallen+\u2019s-Hertogenbosch!5e0!3m2!1snl!2snl!4v1488290820476\u00ab\u00a0\u00a0\u00bb width=\u00a0\u00bb\u00ab\u00a0600\u00ab\u00a0\u00a0\u00bb frameborder=\u00a0\u00bb\u00ab\u00a00\u00ab\u00a0\u00a0\u00bb dynamic_src=\u00a0\u00bbhttps:\/\/www.google.com\/maps\/embed?pb=!1m18!1m12!1m3!1d2473.5602700620325!2d5.291277815776551!3d51.686191579665!2m3!1f0!2f0!3f0!3m2!1i1024!2i768!4f13.1!3m3!1m2!1s0x47c6ee8b82813b99%3A0xdd1064f90481ac2a!2sKoningsweg+65%2C+5211+BH+\u2019s-Hertogenbosch!5e0!3m2!1sen!2snl!4v1492340415256\u00ab\u00a0 width=\u00ab\u00a0600\u00ab\u00a0 [&hellip;]","og_url":"https:\/\/www.todo.nl\/fr\/contact\/","og_site_name":"Todo.nl","article_modified_time":"2021-08-31T11:50:46+00:00","twitter_card":"summary_large_image","twitter_misc":{"Dur\u00e9e de lecture estim\u00e9e":"1 minute"},"schema":{"@context":"https:\/\/schema.org","@graph":[{"@type":"WebPage","@id":"https:\/\/www.todo.nl\/fr\/contact\/","url":"https:\/\/www.todo.nl\/fr\/contact\/","name":"Contact - Todo.nl","isPartOf":{"@id":"https:\/\/www.todo.nl\/#website"},"datePublished":"2017-06-15T13:03:20+00:00","dateModified":"2021-08-31T11:50:46+00:00","breadcrumb":{"@id":"https:\/\/www.todo.nl\/fr\/contact\/#breadcrumb"},"inLanguage":"fr-FR","potentialAction":[{"@type":"ReadAction","target":["https:\/\/www.todo.nl\/fr\/contact\/"]}]},{"@type":"BreadcrumbList","@id":"https:\/\/www.todo.nl\/fr\/contact\/#breadcrumb","itemListElement":[{"@type":"ListItem","position":1,"name":"Home","item":"https:\/\/www.todo.nl\/fr\/"},{"@type":"ListItem","position":2,"name":"Contact"}]},{"@type":"WebSite","@id":"https:\/\/www.todo.nl\/#website","url":"https:\/\/www.todo.nl\/","name":"Todo.nl","description":"Talenservice","potentialAction":[{"@type":"SearchAction","target":{"@type":"EntryPoint","urlTemplate":"https:\/\/www.todo.nl\/?s={search_term_string}"},"query-input":{"@type":"PropertyValueSpecification","valueRequired":true,"valueName":"search_term_string"}}],"inLanguage":"fr-FR"}]}},"_links":{"self":[{"href":"https:\/\/www.todo.nl\/fr\/wp-json\/wp\/v2\/pages\/1129","targetHints":{"allow":["GET"]}}],"collection":[{"href":"https:\/\/www.todo.nl\/fr\/wp-json\/wp\/v2\/pages"}],"about":[{"href":"https:\/\/www.todo.nl\/fr\/wp-json\/wp\/v2\/types\/page"}],"author":[{"embeddable":true,"href":"https:\/\/www.todo.nl\/fr\/wp-json\/wp\/v2\/users\/1"}],"replies":[{"embeddable":true,"href":"https:\/\/www.todo.nl\/fr\/wp-json\/wp\/v2\/comments?post=1129"}],"version-history":[{"count":11,"href":"https:\/\/www.todo.nl\/fr\/wp-json\/wp\/v2\/pages\/1129\/revisions"}],"predecessor-version":[{"id":3394,"href":"https:\/\/www.todo.nl\/fr\/wp-json\/wp\/v2\/pages\/1129\/revisions\/3394"}],"wp:attachment":[{"href":"https:\/\/www.todo.nl\/fr\/wp-json\/wp\/v2\/media?parent=1129"}],"curies":[{"name":"wp","href":"https:\/\/api.w.org\/{rel}","templated":true}]}}