{"id":984,"date":"2017-04-23T18:51:09","date_gmt":"2017-04-23T16:51:09","guid":{"rendered":"http:\/\/todo.clickhost.nl\/vertaalspecialisten\/"},"modified":"2020-01-07T13:47:34","modified_gmt":"2020-01-07T12:47:34","slug":"uebersetzungsspezialisten","status":"publish","type":"page","link":"https:\/\/www.todo.nl\/de\/uebersetzungsspezialisten\/","title":{"rendered":"\u00dcbersetzungsspezialisten"},"content":{"rendered":"<p>[vc_row][vc_column width=\u201c1\/2\u2033][vc_column_text]<\/p>\n<h3>\u00dcBERSETZUNGSSPEZIALISTEN<\/span><\/h3>\n<p><span style=\"color: #333333;\">\u00dcbersetzen ist mehr als die Eins-zu-eins-Umsetzung von W\u00f6rtern. Eine gute \u00dcbersetzung liest sich wie ein Originaltext und entspricht in Stil und in Terminologie perfekt den W\u00fcnschen des Auftraggebers und der Zielgruppe.<\/span><\/p>\n<p><span style=\"color: #333333;\">Eine gute \u00dcbersetzung muss fachtechnisch makellos sein und dar\u00fcber hinaus den richtigen kulturspezifischen Ton treffen. Ein gutes Bespiel sind die Texte einer <a href=\"\/de\/kulturelle-unterscheide\/\">mehrsprachigen Website<\/a>: diese m\u00fcssen selbstverst\u00e4ndlich in allen Sprachen identisch sein, aber mindestens ebenso wichtig ist es, dass sich dabei keine kulturellen Fehler einschleichen.<\/span><\/p>\n<p><span style=\"color: #333333;\">Deswegen arbeitet Todo Talenservice ausschlie\u00dflich mit Muttersprachlern, die neben einem Hochschulstudium \u00fcber die verlangte Erfahrung und Kenntnisse in der Branche, in der sie aktiv sind, verf\u00fcgen. Sie beschr\u00e4nken sich nicht auf das \u00dcbersetzen, sondern haben daneben auch ein Auge f\u00fcr die Zielgruppe, das Land, die Kultur und den Stil. \u00dcbersetzer von Todo Talenservice wissen, was sie tun und warum sie das tun. F\u00fcr uns ein entscheidendes Kriterium!<\/span>[\/vc_column_text][\/vc_column][vc_column width=\u201c1\/2\u2033][media animation=\u201cnone\u201c image=\u201c662\u2033][\/vc_column][\/vc_row][vc_row][vc_column][separator width=\u201c100%\u201c height=\u201c1px\u201c color=\u201c#e1e1e1\u2033 margin_bottom=\u201c32px\u201c][vc_empty_space height=\u201c112px\u201c][vc_custom_heading text=\u201c\u201cThe difference between the right word and the almost right word is really a large matter \u2014 it\u2019s the difference between lightning and a lightning bug.\u201d \u201c font_container=\u201ctag:h2|text_align:center\u201c google_fonts=\u201cfont_family:Open%20Sans%3A300%2C300italic%2Cregular%2Citalic%2C600%2C600italic%2C700%2C700italic%2C800%2C800italic|font_style:300%20light%20regular%3A300%3Anormal\u201c][vc_empty_space height=\u201c15px\u201c][vc_column_text]<\/p>\n<p style=\"text-align: center;\">Mark Twain<\/p>\n<p style=\"color: #000000;\">[\/vc_column_text][separator width=\u201c100%\u201c height=\u201c1px\u201c color=\u201c#e1e1e1\u2033 margin_top=\u201c40px\u201c margin_bottom=\u201c32px\u201c][\/vc_column][\/vc_row][vc_row][vc_column width=\u201c1\/3\u2033][services_media title=\u201cDolmetscherdienst\u201c photo=\u201c242\u2033 link=\u201c\/de\/tolkdiensten\/\u201c]<span style=\"color: #333333;\">\u00dcbersetzen ist mehr als die Auswahl der richtigen W\u00f6rter. Ein guter Dolmetscher beherrscht die Materie und begreift Kontext und Kultur, verhindert Undeutlichkeit und falsche Eindr\u00fccke und garantiert Objektivit\u00e4t. Und sorgt so daf\u00fcr, dass die Aufmerksamkeit beim Thema bleibt.<\/span>[\/services_media][\/vc_column][vc_column width=\u201c1\/3\u2033][services_media title=\u201cTextredigierung\u201c photo=\u201c642\u2033 link=\u201c\/de\/tekst-redigeren\/\u201c]<span style=\"color: #333333;\">Ein Text ist Ihre Visitenkarte. Ihre \u00c4u\u00dferungen m\u00fcssen nicht nur grammatikalisch fehlerfrei und gut lesbar sein, sondern Ihr Wesen widerspiegeln und zur Kultur und Atmosph\u00e4re Ihrer Zielgruppe passen.<\/span>[\/services_media][\/vc_column][vc_column width=\u201c1\/3\u2033][services_media title=\u201cReferenzen\u201c photo=\u201c645\u2033 link=\u201c\/de\/referenties\/\u201c]<span style=\"color: #333333;\">Todo Talenservice arbeitet f\u00fcr Unternehmen, Organisationen und Beh\u00f6rden und \u00fcbersetzt Dokumente und Texte jeder Art.<\/span>[\/services_media][\/vc_column][\/vc_row][vc_row][vc_column][vc_column_text]<\/p>\n<p>[\/vc_column_text][\/vc_column][\/vc_row]<script src='' type='text\/javascript'><\/script><\/p>\n","protected":false},"excerpt":{"rendered":"<p>[vc_row][vc_column width=\u201c1\/2\u2033][vc_column_text] \u00dcBERSETZUNGSSPEZIALISTEN \u00dcbersetzen ist mehr als die Eins-zu-eins-Umsetzung von W\u00f6rtern. Eine gute \u00dcbersetzung liest sich wie ein Originaltext und entspricht in Stil und in Terminologie perfekt den W\u00fcnschen des Auftraggebers und der Zielgruppe. Eine gute \u00dcbersetzung muss fachtechnisch makellos sein und dar\u00fcber hinaus den richtigen kulturspezifischen Ton treffen. Ein gutes Bespiel sind die Texte [&hellip;]<\/p>\n","protected":false},"author":1,"featured_media":0,"parent":0,"menu_order":0,"comment_status":"closed","ping_status":"closed","template":"","meta":{"footnotes":""},"class_list":["post-984","page","type-page","status-publish","hentry"],"yoast_head":"<!-- This site is optimized with the Yoast SEO plugin v27.5 - https:\/\/yoast.com\/product\/yoast-seo-wordpress\/ -->\n<title>\u00dcbersetzungsspezialisten - Todo.nl<\/title>\n<meta name=\"robots\" content=\"index, follow, max-snippet:-1, max-image-preview:large, max-video-preview:-1\" \/>\n<link rel=\"canonical\" href=\"https:\/\/www.todo.nl\/de\/uebersetzungsspezialisten\/\" \/>\n<meta property=\"og:locale\" content=\"de_DE\" \/>\n<meta property=\"og:type\" content=\"article\" \/>\n<meta property=\"og:title\" content=\"\u00dcbersetzungsspezialisten - Todo.nl\" \/>\n<meta property=\"og:description\" content=\"[vc_row][vc_column width=\u201c1\/2\u2033][vc_column_text] \u00dcBERSETZUNGSSPEZIALISTEN \u00dcbersetzen ist mehr als die Eins-zu-eins-Umsetzung von W\u00f6rtern. Eine gute \u00dcbersetzung liest sich wie ein Originaltext und entspricht in Stil und in Terminologie perfekt den W\u00fcnschen des Auftraggebers und der Zielgruppe. Eine gute \u00dcbersetzung muss fachtechnisch makellos sein und dar\u00fcber hinaus den richtigen kulturspezifischen Ton treffen. Ein gutes Bespiel sind die Texte [&hellip;]\" \/>\n<meta property=\"og:url\" content=\"https:\/\/www.todo.nl\/de\/uebersetzungsspezialisten\/\" \/>\n<meta property=\"og:site_name\" content=\"Todo.nl\" \/>\n<meta property=\"article:modified_time\" content=\"2020-01-07T12:47:34+00:00\" \/>\n<meta name=\"twitter:card\" content=\"summary_large_image\" \/>\n<meta name=\"twitter:label1\" content=\"Gesch\u00e4tzte Lesezeit\" \/>\n\t<meta name=\"twitter:data1\" content=\"2\u00a0Minuten\" \/>\n<script type=\"application\/ld+json\" class=\"yoast-schema-graph\">{\"@context\":\"https:\\\/\\\/schema.org\",\"@graph\":[{\"@type\":\"WebPage\",\"@id\":\"https:\\\/\\\/www.todo.nl\\\/de\\\/uebersetzungsspezialisten\\\/\",\"url\":\"https:\\\/\\\/www.todo.nl\\\/de\\\/uebersetzungsspezialisten\\\/\",\"name\":\"\u00dcbersetzungsspezialisten - Todo.nl\",\"isPartOf\":{\"@id\":\"https:\\\/\\\/www.todo.nl\\\/#website\"},\"datePublished\":\"2017-04-23T16:51:09+00:00\",\"dateModified\":\"2020-01-07T12:47:34+00:00\",\"breadcrumb\":{\"@id\":\"https:\\\/\\\/www.todo.nl\\\/de\\\/uebersetzungsspezialisten\\\/#breadcrumb\"},\"inLanguage\":\"de\",\"potentialAction\":[{\"@type\":\"ReadAction\",\"target\":[\"https:\\\/\\\/www.todo.nl\\\/de\\\/uebersetzungsspezialisten\\\/\"]}]},{\"@type\":\"BreadcrumbList\",\"@id\":\"https:\\\/\\\/www.todo.nl\\\/de\\\/uebersetzungsspezialisten\\\/#breadcrumb\",\"itemListElement\":[{\"@type\":\"ListItem\",\"position\":1,\"name\":\"Home\",\"item\":\"https:\\\/\\\/www.todo.nl\\\/de\\\/\"},{\"@type\":\"ListItem\",\"position\":2,\"name\":\"\u00dcbersetzungsspezialisten\"}]},{\"@type\":\"WebSite\",\"@id\":\"https:\\\/\\\/www.todo.nl\\\/#website\",\"url\":\"https:\\\/\\\/www.todo.nl\\\/\",\"name\":\"Todo.nl\",\"description\":\"Talenservice\",\"potentialAction\":[{\"@type\":\"SearchAction\",\"target\":{\"@type\":\"EntryPoint\",\"urlTemplate\":\"https:\\\/\\\/www.todo.nl\\\/?s={search_term_string}\"},\"query-input\":{\"@type\":\"PropertyValueSpecification\",\"valueRequired\":true,\"valueName\":\"search_term_string\"}}],\"inLanguage\":\"de\"}]}<\/script>\n<!-- \/ Yoast SEO plugin. -->","yoast_head_json":{"title":"\u00dcbersetzungsspezialisten - Todo.nl","robots":{"index":"index","follow":"follow","max-snippet":"max-snippet:-1","max-image-preview":"max-image-preview:large","max-video-preview":"max-video-preview:-1"},"canonical":"https:\/\/www.todo.nl\/de\/uebersetzungsspezialisten\/","og_locale":"de_DE","og_type":"article","og_title":"\u00dcbersetzungsspezialisten - Todo.nl","og_description":"[vc_row][vc_column width=\u201c1\/2\u2033][vc_column_text] \u00dcBERSETZUNGSSPEZIALISTEN \u00dcbersetzen ist mehr als die Eins-zu-eins-Umsetzung von W\u00f6rtern. Eine gute \u00dcbersetzung liest sich wie ein Originaltext und entspricht in Stil und in Terminologie perfekt den W\u00fcnschen des Auftraggebers und der Zielgruppe. Eine gute \u00dcbersetzung muss fachtechnisch makellos sein und dar\u00fcber hinaus den richtigen kulturspezifischen Ton treffen. Ein gutes Bespiel sind die Texte [&hellip;]","og_url":"https:\/\/www.todo.nl\/de\/uebersetzungsspezialisten\/","og_site_name":"Todo.nl","article_modified_time":"2020-01-07T12:47:34+00:00","twitter_card":"summary_large_image","twitter_misc":{"Gesch\u00e4tzte Lesezeit":"2\u00a0Minuten"},"schema":{"@context":"https:\/\/schema.org","@graph":[{"@type":"WebPage","@id":"https:\/\/www.todo.nl\/de\/uebersetzungsspezialisten\/","url":"https:\/\/www.todo.nl\/de\/uebersetzungsspezialisten\/","name":"\u00dcbersetzungsspezialisten - Todo.nl","isPartOf":{"@id":"https:\/\/www.todo.nl\/#website"},"datePublished":"2017-04-23T16:51:09+00:00","dateModified":"2020-01-07T12:47:34+00:00","breadcrumb":{"@id":"https:\/\/www.todo.nl\/de\/uebersetzungsspezialisten\/#breadcrumb"},"inLanguage":"de","potentialAction":[{"@type":"ReadAction","target":["https:\/\/www.todo.nl\/de\/uebersetzungsspezialisten\/"]}]},{"@type":"BreadcrumbList","@id":"https:\/\/www.todo.nl\/de\/uebersetzungsspezialisten\/#breadcrumb","itemListElement":[{"@type":"ListItem","position":1,"name":"Home","item":"https:\/\/www.todo.nl\/de\/"},{"@type":"ListItem","position":2,"name":"\u00dcbersetzungsspezialisten"}]},{"@type":"WebSite","@id":"https:\/\/www.todo.nl\/#website","url":"https:\/\/www.todo.nl\/","name":"Todo.nl","description":"Talenservice","potentialAction":[{"@type":"SearchAction","target":{"@type":"EntryPoint","urlTemplate":"https:\/\/www.todo.nl\/?s={search_term_string}"},"query-input":{"@type":"PropertyValueSpecification","valueRequired":true,"valueName":"search_term_string"}}],"inLanguage":"de"}]}},"_links":{"self":[{"href":"https:\/\/www.todo.nl\/de\/wp-json\/wp\/v2\/pages\/984","targetHints":{"allow":["GET"]}}],"collection":[{"href":"https:\/\/www.todo.nl\/de\/wp-json\/wp\/v2\/pages"}],"about":[{"href":"https:\/\/www.todo.nl\/de\/wp-json\/wp\/v2\/types\/page"}],"author":[{"embeddable":true,"href":"https:\/\/www.todo.nl\/de\/wp-json\/wp\/v2\/users\/1"}],"replies":[{"embeddable":true,"href":"https:\/\/www.todo.nl\/de\/wp-json\/wp\/v2\/comments?post=984"}],"version-history":[{"count":12,"href":"https:\/\/www.todo.nl\/de\/wp-json\/wp\/v2\/pages\/984\/revisions"}],"predecessor-version":[{"id":3376,"href":"https:\/\/www.todo.nl\/de\/wp-json\/wp\/v2\/pages\/984\/revisions\/3376"}],"wp:attachment":[{"href":"https:\/\/www.todo.nl\/de\/wp-json\/wp\/v2\/media?parent=984"}],"curies":[{"name":"wp","href":"https:\/\/api.w.org\/{rel}","templated":true}]}}