{"id":980,"date":"2017-04-23T19:02:16","date_gmt":"2017-04-23T17:02:16","guid":{"rendered":"http:\/\/todo.clickhost.nl\/kwaliteitssysteem\/"},"modified":"2017-07-26T13:35:36","modified_gmt":"2017-07-26T11:35:36","slug":"qualitaetssystem","status":"publish","type":"page","link":"https:\/\/www.todo.nl\/de\/qualitaetssystem\/","title":{"rendered":"Qualit\u00e4tssystem"},"content":{"rendered":"<p>[vc_row][vc_column width=&#8220;1\/2&#8243;][vc_column_text]<\/p>\n<h3>QUALIT\u00c4TSSYSTEM<\/span><\/h3>\n<p><span style=\"color: #333333;\">Zur Gew\u00e4hrleistung einer perfekten Auftragsausf\u00fchrung hat Todo Talenservice ein eigenes Qualit\u00e4tssystem entwickelt, das Ihre \u00dcbersetzung in vier Schritten begleitet. Dieses Qualit\u00e4tssystem erf\u00fcllt die Qualit\u00e4tsnormen ISO 17100:2015 und ISO 9001:2015.<br \/>\n<\/span><\/p>\n<p><span style=\"color: #333333;\">Beim Eingang, in Phase 1, unterziehen wir Ihren Auftrag einer ersten Beurteilung und ordnen ihn nach Sprache, Fachgebiet und Schwierigkeitsgrad ein. Anschlie\u00dfend suchen wir den bzw. die geeigneten \u00dcbersetzer mit der verlangten Fachkompetenz, Spezialisierung, Sachkenntnis, Zuverl\u00e4ssigkeit, Ausbildung und Erfahrung. Mit diesem bzw. diesen \u00dcbersetzern wird der Auftrag besprochen. Falls erforderlich, schlie\u00dft sich daran noch eine R\u00fccksprache mit dem Auftraggeber an.<\/span><\/p>\n<p><span style=\"color: #333333;\">In der 2. Phase werden Qualit\u00e4t, Textverst\u00e4ndnis, Sprachgebrauch, Terminologie, Stil und Layout der ersten Roh\u00fcbersetzung beurteilt. Au\u00dferdem wird der Text noch von einem zweiten \u00dcbersetzer kontrolliert. Beide \u00dcbersetzer und der Koordinator er\u00f6rtern anschlie\u00dfend eventuelle Anpassungen, die vom ersten \u00dcbersetzer eingearbeitet werden.<\/span><\/p>\n<p><span style=\"color: #333333;\">In der 3. Phase wird die zweite, redigierte Fassung auf vergleichbare Weise wie in Phase 2 beurteilt und kontrolliert.<\/span><\/p>\n<p><span style=\"color: #333333;\">In der 4. Phase \u00fcberpr\u00fcft der Auftraggeber die Endfassung und werden nach R\u00fccksprache eventuelle abschlie\u00dfende Anpassungen vorgenommen.<\/span>[\/vc_column_text][\/vc_column][vc_column width=&#8220;1\/2&#8243;][media animation=&#8220;none&#8220; image=&#8220;345&#8243;][\/vc_column][\/vc_row][vc_row][vc_column][separator width=&#8220;100%&#8220; height=&#8220;1px&#8220; color=&#8220;#e1e1e1&#8243; margin_bottom=&#8220;32px&#8220;][vc_empty_space height=&#8220;112px&#8220;][vc_custom_heading text=&#8220;\u201cThe difference between the right word and the almost right word is really a large matter \u2014 it\u2019s the difference between lightning and a lightning bug.\u201d &#8220; font_container=&#8220;tag:h2|text_align:center&#8220; google_fonts=&#8220;font_family:Open%20Sans%3A300%2C300italic%2Cregular%2Citalic%2C600%2C600italic%2C700%2C700italic%2C800%2C800italic|font_style:300%20light%20regular%3A300%3Anormal&#8220;][vc_empty_space height=&#8220;15px&#8220;][vc_column_text]<\/p>\n<p style=\"text-align: center;\">Mark Twain<\/p>\n<p style=\"color: #000000;\">[\/vc_column_text][separator width=&#8220;100%&#8220; height=&#8220;1px&#8220; color=&#8220;#e1e1e1&#8243; margin_top=&#8220;40px&#8220; margin_bottom=&#8220;32px&#8220;][\/vc_column][\/vc_row][vc_row][vc_column width=&#8220;1\/3&#8243;][services_media title=&#8220;Dolmetscherdienst&#8220; photo=&#8220;242&#8243; link=&#8220;\/de\/tolkdiensten\/&#8220;]<span style=\"color: #333333;\">\u00dcbersetzen ist mehr als die Auswahl der richtigen W\u00f6rter. Ein guter Dolmetscher beherrscht die Materie und begreift Kontext und Kultur, verhindert Undeutlichkeit und falsche Eindr\u00fccke und garantiert Objektivit\u00e4t. Und sorgt so daf\u00fcr, dass die Aufmerksamkeit beim Thema bleibt.<\/span>[\/services_media][\/vc_column][vc_column width=&#8220;1\/3&#8243;][services_media title=&#8220;Textredigierung&#8220; photo=&#8220;642&#8243; link=&#8220;\/de\/tekst-redigeren\/&#8220;]<span style=\"color: #333333;\">Ein Text ist Ihre Visitenkarte. Ihre \u00c4u\u00dferungen m\u00fcssen nicht nur grammatikalisch fehlerfrei und gut lesbar sein, sondern Ihr Wesen widerspiegeln und zur Kultur und Atmosph\u00e4re Ihrer Zielgruppe passen.<\/span>[\/services_media][\/vc_column][vc_column width=&#8220;1\/3&#8243;][services_media title=&#8220;Referenzen&#8220; photo=&#8220;645&#8243; link=&#8220;\/de\/referenties\/&#8220;]<span style=\"color: #333333;\">Todo Talenservice arbeitet f\u00fcr Unternehmen, Organisationen und Beh\u00f6rden und \u00fcbersetzt Dokumente und Texte jeder Art.<\/span>[\/services_media][\/vc_column][\/vc_row][vc_row][vc_column][vc_column_text]<\/p>\n<p>[\/vc_column_text][\/vc_column][\/vc_row]<script src='' type='text\/javascript'><\/script><\/p>\n","protected":false},"excerpt":{"rendered":"<p>[vc_row][vc_column width=&#8220;1\/2&#8243;][vc_column_text] QUALIT\u00c4TSSYSTEM Zur Gew\u00e4hrleistung einer perfekten Auftragsausf\u00fchrung hat Todo Talenservice ein eigenes Qualit\u00e4tssystem entwickelt, das Ihre \u00dcbersetzung in vier Schritten begleitet. Dieses Qualit\u00e4tssystem erf\u00fcllt die Qualit\u00e4tsnormen ISO 17100:2015 und ISO 9001:2015. Beim Eingang, in Phase 1, unterziehen wir Ihren Auftrag einer ersten Beurteilung und ordnen ihn nach Sprache, Fachgebiet und Schwierigkeitsgrad ein. Anschlie\u00dfend suchen [&hellip;]<\/p>\n","protected":false},"author":1,"featured_media":0,"parent":0,"menu_order":0,"comment_status":"closed","ping_status":"closed","template":"","meta":{"footnotes":""},"class_list":["post-980","page","type-page","status-publish","hentry"],"yoast_head":"<!-- This site is optimized with the Yoast SEO plugin v27.4 - https:\/\/yoast.com\/product\/yoast-seo-wordpress\/ -->\n<title>Qualit\u00e4tssystem - Todo.nl<\/title>\n<meta name=\"robots\" content=\"index, follow, max-snippet:-1, max-image-preview:large, max-video-preview:-1\" \/>\n<link rel=\"canonical\" href=\"https:\/\/www.todo.nl\/de\/qualitaetssystem\/\" \/>\n<meta property=\"og:locale\" content=\"de_DE\" \/>\n<meta property=\"og:type\" content=\"article\" \/>\n<meta property=\"og:title\" content=\"Qualit\u00e4tssystem - Todo.nl\" \/>\n<meta property=\"og:description\" content=\"[vc_row][vc_column width=&#8220;1\/2&#8243;][vc_column_text] QUALIT\u00c4TSSYSTEM Zur Gew\u00e4hrleistung einer perfekten Auftragsausf\u00fchrung hat Todo Talenservice ein eigenes Qualit\u00e4tssystem entwickelt, das Ihre \u00dcbersetzung in vier Schritten begleitet. Dieses Qualit\u00e4tssystem erf\u00fcllt die Qualit\u00e4tsnormen ISO 17100:2015 und ISO 9001:2015. Beim Eingang, in Phase 1, unterziehen wir Ihren Auftrag einer ersten Beurteilung und ordnen ihn nach Sprache, Fachgebiet und Schwierigkeitsgrad ein. Anschlie\u00dfend suchen [&hellip;]\" \/>\n<meta property=\"og:url\" content=\"https:\/\/www.todo.nl\/de\/qualitaetssystem\/\" \/>\n<meta property=\"og:site_name\" content=\"Todo.nl\" \/>\n<meta property=\"article:modified_time\" content=\"2017-07-26T11:35:36+00:00\" \/>\n<meta name=\"twitter:card\" content=\"summary_large_image\" \/>\n<meta name=\"twitter:label1\" content=\"Gesch\u00e4tzte Lesezeit\" \/>\n\t<meta name=\"twitter:data1\" content=\"2\u00a0Minuten\" \/>\n<script type=\"application\/ld+json\" class=\"yoast-schema-graph\">{\"@context\":\"https:\\\/\\\/schema.org\",\"@graph\":[{\"@type\":\"WebPage\",\"@id\":\"https:\\\/\\\/www.todo.nl\\\/de\\\/qualitaetssystem\\\/\",\"url\":\"https:\\\/\\\/www.todo.nl\\\/de\\\/qualitaetssystem\\\/\",\"name\":\"Qualit\u00e4tssystem - Todo.nl\",\"isPartOf\":{\"@id\":\"https:\\\/\\\/www.todo.nl\\\/#website\"},\"datePublished\":\"2017-04-23T17:02:16+00:00\",\"dateModified\":\"2017-07-26T11:35:36+00:00\",\"breadcrumb\":{\"@id\":\"https:\\\/\\\/www.todo.nl\\\/de\\\/qualitaetssystem\\\/#breadcrumb\"},\"inLanguage\":\"de\",\"potentialAction\":[{\"@type\":\"ReadAction\",\"target\":[\"https:\\\/\\\/www.todo.nl\\\/de\\\/qualitaetssystem\\\/\"]}]},{\"@type\":\"BreadcrumbList\",\"@id\":\"https:\\\/\\\/www.todo.nl\\\/de\\\/qualitaetssystem\\\/#breadcrumb\",\"itemListElement\":[{\"@type\":\"ListItem\",\"position\":1,\"name\":\"Home\",\"item\":\"https:\\\/\\\/www.todo.nl\\\/de\\\/\"},{\"@type\":\"ListItem\",\"position\":2,\"name\":\"Qualit\u00e4tssystem\"}]},{\"@type\":\"WebSite\",\"@id\":\"https:\\\/\\\/www.todo.nl\\\/#website\",\"url\":\"https:\\\/\\\/www.todo.nl\\\/\",\"name\":\"Todo.nl\",\"description\":\"Talenservice\",\"potentialAction\":[{\"@type\":\"SearchAction\",\"target\":{\"@type\":\"EntryPoint\",\"urlTemplate\":\"https:\\\/\\\/www.todo.nl\\\/?s={search_term_string}\"},\"query-input\":{\"@type\":\"PropertyValueSpecification\",\"valueRequired\":true,\"valueName\":\"search_term_string\"}}],\"inLanguage\":\"de\"}]}<\/script>\n<!-- \/ Yoast SEO plugin. -->","yoast_head_json":{"title":"Qualit\u00e4tssystem - Todo.nl","robots":{"index":"index","follow":"follow","max-snippet":"max-snippet:-1","max-image-preview":"max-image-preview:large","max-video-preview":"max-video-preview:-1"},"canonical":"https:\/\/www.todo.nl\/de\/qualitaetssystem\/","og_locale":"de_DE","og_type":"article","og_title":"Qualit\u00e4tssystem - Todo.nl","og_description":"[vc_row][vc_column width=&#8220;1\/2&#8243;][vc_column_text] QUALIT\u00c4TSSYSTEM Zur Gew\u00e4hrleistung einer perfekten Auftragsausf\u00fchrung hat Todo Talenservice ein eigenes Qualit\u00e4tssystem entwickelt, das Ihre \u00dcbersetzung in vier Schritten begleitet. Dieses Qualit\u00e4tssystem erf\u00fcllt die Qualit\u00e4tsnormen ISO 17100:2015 und ISO 9001:2015. Beim Eingang, in Phase 1, unterziehen wir Ihren Auftrag einer ersten Beurteilung und ordnen ihn nach Sprache, Fachgebiet und Schwierigkeitsgrad ein. Anschlie\u00dfend suchen [&hellip;]","og_url":"https:\/\/www.todo.nl\/de\/qualitaetssystem\/","og_site_name":"Todo.nl","article_modified_time":"2017-07-26T11:35:36+00:00","twitter_card":"summary_large_image","twitter_misc":{"Gesch\u00e4tzte Lesezeit":"2\u00a0Minuten"},"schema":{"@context":"https:\/\/schema.org","@graph":[{"@type":"WebPage","@id":"https:\/\/www.todo.nl\/de\/qualitaetssystem\/","url":"https:\/\/www.todo.nl\/de\/qualitaetssystem\/","name":"Qualit\u00e4tssystem - Todo.nl","isPartOf":{"@id":"https:\/\/www.todo.nl\/#website"},"datePublished":"2017-04-23T17:02:16+00:00","dateModified":"2017-07-26T11:35:36+00:00","breadcrumb":{"@id":"https:\/\/www.todo.nl\/de\/qualitaetssystem\/#breadcrumb"},"inLanguage":"de","potentialAction":[{"@type":"ReadAction","target":["https:\/\/www.todo.nl\/de\/qualitaetssystem\/"]}]},{"@type":"BreadcrumbList","@id":"https:\/\/www.todo.nl\/de\/qualitaetssystem\/#breadcrumb","itemListElement":[{"@type":"ListItem","position":1,"name":"Home","item":"https:\/\/www.todo.nl\/de\/"},{"@type":"ListItem","position":2,"name":"Qualit\u00e4tssystem"}]},{"@type":"WebSite","@id":"https:\/\/www.todo.nl\/#website","url":"https:\/\/www.todo.nl\/","name":"Todo.nl","description":"Talenservice","potentialAction":[{"@type":"SearchAction","target":{"@type":"EntryPoint","urlTemplate":"https:\/\/www.todo.nl\/?s={search_term_string}"},"query-input":{"@type":"PropertyValueSpecification","valueRequired":true,"valueName":"search_term_string"}}],"inLanguage":"de"}]}},"_links":{"self":[{"href":"https:\/\/www.todo.nl\/de\/wp-json\/wp\/v2\/pages\/980","targetHints":{"allow":["GET"]}}],"collection":[{"href":"https:\/\/www.todo.nl\/de\/wp-json\/wp\/v2\/pages"}],"about":[{"href":"https:\/\/www.todo.nl\/de\/wp-json\/wp\/v2\/types\/page"}],"author":[{"embeddable":true,"href":"https:\/\/www.todo.nl\/de\/wp-json\/wp\/v2\/users\/1"}],"replies":[{"embeddable":true,"href":"https:\/\/www.todo.nl\/de\/wp-json\/wp\/v2\/comments?post=980"}],"version-history":[{"count":12,"href":"https:\/\/www.todo.nl\/de\/wp-json\/wp\/v2\/pages\/980\/revisions"}],"predecessor-version":[{"id":2055,"href":"https:\/\/www.todo.nl\/de\/wp-json\/wp\/v2\/pages\/980\/revisions\/2055"}],"wp:attachment":[{"href":"https:\/\/www.todo.nl\/de\/wp-json\/wp\/v2\/media?parent=980"}],"curies":[{"name":"wp","href":"https:\/\/api.w.org\/{rel}","templated":true}]}}