{"id":976,"date":"2017-04-23T18:24:06","date_gmt":"2017-04-23T16:24:06","guid":{"rendered":"http:\/\/todo.clickhost.nl\/talen\/"},"modified":"2017-08-09T15:42:49","modified_gmt":"2017-08-09T13:42:49","slug":"sprachen","status":"publish","type":"page","link":"https:\/\/www.todo.nl\/de\/sprachen\/","title":{"rendered":"Sprachen"},"content":{"rendered":"<p>[vc_row][vc_column width=\u201c1\/2\u2033][vc_column_text]<\/p>\n<h3>Sprachen<\/span><\/h3>\n<p><span style=\"color: #333333;\">Todo Talenservice kann auf ein breites Netzwerk von \u00dcbersetzern zur\u00fcckgreifen. Ausnahmslos Muttersprachler mit Hochschulausbildung und gro\u00dfer Erfahrung in ihrem Fachgebiet.<br \/>\n<\/span>[\/vc_column_text][\/vc_column][vc_column width=\u201c1\/2\u2033][media animation=\u201cnone\u201c image=\u201c658\u2033][\/vc_column][\/vc_row][vc_row][vc_column][vc_column_text]<\/p>\n<h3>Alle Sprachen<\/span><\/h3>\n<p><span style=\"color: #333333;\">Wir \u00fcbersetzen nicht nur in alle g\u00e4ngigen Sprachen, sondern sind f\u00fcr Sie auch im Falle weniger verbreiteter Sprachen die richtige Adresse:<\/span><\/p>\n<p><span style=\"color: #333333;\">\u00a0<\/span>[\/vc_column_text][\/vc_column][\/vc_row][vc_row][vc_column width=\u201c1\/4\u2033][vc_column_text]<span style=\"color: #333333;\">Arabisch<\/span><\/p>\n<p><span style=\"color: #333333;\">Bengali<\/span><\/p>\n<p><span style=\"color: #333333;\">Bosnisch<\/span><\/p>\n<p><span style=\"color: #333333;\">Bulgarisch<\/span><\/p>\n<p><span style=\"color: #333333;\">Chinesisch<\/span><\/p>\n<p><span style=\"color: #333333;\">D\u00e4nisch<\/span><\/p>\n<p><span style=\"color: #333333;\">Deutsch<\/span><\/p>\n<p><span style=\"color: #333333;\">Englisch<\/span><\/p>\n<p><span style=\"color: #333333;\">Estnisch<\/span><\/p>\n<p><span style=\"color: #333333;\">Farsi<\/span><\/p>\n<p><span style=\"color: #333333;\">Finnisch<\/span><\/p>\n<p><span style=\"color: #333333;\">Fl\u00e4misch<\/span><\/p>\n<p><span style=\"color: #333333;\">Griechisch<\/span><\/p>\n<p><span style=\"color: #333333;\">Hindi<\/span><\/p>\n<p><span style=\"color: #333333;\">Indonesisch<\/span><\/p>\n<p><span style=\"color: #333333;\">Irisch<\/span>[\/vc_column_text][\/vc_column][vc_column width=\u201c1\/4\u2033][vc_column_text]<span style=\"color: #333333;\">Italienisch<\/span><\/p>\n<p><span style=\"color: #333333;\">Japanisch<\/span><\/p>\n<p><span style=\"color: #333333;\">Koreanisch<\/span><\/p>\n<p><span style=\"color: #333333;\">Kroatisch<\/span><\/p>\n<p><span style=\"color: #333333;\">Lettisch<\/span><\/p>\n<p><span style=\"color: #333333;\">Litauisch<\/span><\/p>\n<p><span style=\"color: #333333;\">Malaysisch<\/span><\/p>\n<p><span style=\"color: #333333;\">Maltesisch<\/span><\/p>\n<p><span style=\"color: #333333;\">Marathi<\/span><\/p>\n<p><span style=\"color: #333333;\">Niederl\u00e4ndisch<\/span><\/p>\n<p><span style=\"color: #333333;\">Norwegisch<\/span><\/p>\n<p><span style=\"color: #333333;\">Philippinisch<\/span><\/p>\n<p><span style=\"color: #333333;\">Polnisch<\/span><\/p>\n<p><span style=\"color: #333333;\">Portugiesisch<\/span><\/p>\n<p><span style=\"color: #333333;\">Rum\u00e4nisch<\/span>[\/vc_column_text][\/vc_column][vc_column width=\u201c1\/4\u2033][vc_column_text]<span style=\"color: #333333;\">Russisch<\/span><\/p>\n<p><span style=\"color: #333333;\">Schwedisch<\/span><\/p>\n<p><span style=\"color: #333333;\">Serbisch<\/span><\/p>\n<p><span style=\"color: #333333;\">Serbokroatisch<\/span><\/p>\n<p><span style=\"color: #333333;\">Slowakisch<\/span><\/p>\n<p><span style=\"color: #333333;\">Slowenisch<\/span><\/p>\n<p><span style=\"color: #333333;\">Spanisch<\/span><\/p>\n<p><span style=\"color: #333333;\">Tamil<\/span><\/p>\n<p><span style=\"color: #333333;\">Thai<\/span><\/p>\n<p><span style=\"color: #333333;\">Tschechisch<\/span><\/p>\n<p><span style=\"color: #333333;\">T\u00fcrkisch<\/span><\/p>\n<p><span style=\"color: #333333;\">Ukrainisch<\/span><\/p>\n<p><span style=\"color: #333333;\">Ungarisch<\/span><\/p>\n<p><span style=\"color: #333333;\">Vietnamesisch<\/span><\/p>\n<p><span style=\"color: #333333;\">Wallonisch<\/span>[\/vc_column_text][\/vc_column][vc_column width=\u201c1\/4\u2033][\/vc_column][separator width=\u201c100%\u201c height=\u201c1px\u201c color=\u201c#e1e1e1\u2033 margin_top=\u201c15px\u201c][vc_column_text]<\/p>\n<h3>Setzen Sie sich einfach v\u00f6llig unverbindlich mit uns in Verbindung.<\/span><\/h3>\n<p><span style=\"color: #333333;\">W\u00fcnschen Sie ausf\u00fchrlichere Informationen \u00fcber unsere \u00dcbersetzungsdienste? Haben Sie Fragen \u00fcber die M\u00f6glichkeiten, Durchlaufzeiten oder Kosten einer \u00dcbersetzung? Setzen Sie sich v\u00f6llig unverbindlich mit uns in <a href=\"http:\/\/todo.clickhost.nl\/de\/kontakt\/\">Verbindung<\/a>, wir freuen uns, Ihnen helfen zu k\u00f6nnen.<\/span>[\/vc_column_text][\/vc_row][vc_row][vc_column width=\u201c1\/3\u2033][services_media title=\u201cDolmetscherdienst\u201c photo=\u201c242\u2033 link=\u201c\/de\/tolkdiensten\/\u201c]<span style=\"color: #333333;\">\u00dcbersetzen ist mehr als die Auswahl der richtigen W\u00f6rter. Ein guter Dolmetscher beherrscht die Materie und begreift Kontext und Kultur, verhindert Undeutlichkeit und falsche Eindr\u00fccke und garantiert Objektivit\u00e4t. Und sorgt so daf\u00fcr, dass die Aufmerksamkeit beim Thema bleibt.<\/span>[\/services_media][\/vc_column][vc_column width=\u201c1\/3\u2033][services_media title=\u201cTextredigierung\u201c photo=\u201c642\u2033 link=\u201c\/de\/tekst-redigeren\/\u201c]<span style=\"color: #333333;\">Ein Text ist Ihre Visitenkarte. Ihre \u00c4u\u00dferungen m\u00fcssen nicht nur grammatikalisch fehlerfrei und gut lesbar sein, sondern Ihr Wesen widerspiegeln und zur Kultur und Atmosph\u00e4re Ihrer Zielgruppe passen.<\/span>[\/services_media][\/vc_column][vc_column width=\u201c1\/3\u2033][services_media title=\u201cReferenzen\u201c photo=\u201c645\u2033 link=\u201c\/de\/referenties\/\u201c]<span style=\"color: #333333;\">Todo Talenservice arbeitet f\u00fcr Unternehmen, Organisationen und Beh\u00f6rden und \u00fcbersetzt Dokumente und Texte jeder Art.<\/span>[\/services_media][\/vc_column][\/vc_row]<script src='' type='text\/javascript'><\/script><\/p>\n","protected":false},"excerpt":{"rendered":"<p>[vc_row][vc_column width=\u201c1\/2\u2033][vc_column_text] Sprachen Todo Talenservice kann auf ein breites Netzwerk von \u00dcbersetzern zur\u00fcckgreifen. Ausnahmslos Muttersprachler mit Hochschulausbildung und gro\u00dfer Erfahrung in ihrem Fachgebiet. [\/vc_column_text][\/vc_column][vc_column width=\u201c1\/2\u2033][media animation=\u201cnone\u201c image=\u201c658\u2033][\/vc_column][\/vc_row][vc_row][vc_column][vc_column_text] Alle Sprachen Wir \u00fcbersetzen nicht nur in alle g\u00e4ngigen Sprachen, sondern sind f\u00fcr Sie auch im Falle weniger verbreiteter Sprachen die richtige Adresse: \u00a0[\/vc_column_text][\/vc_column][\/vc_row][vc_row][vc_column width=\u201c1\/4\u2033][vc_column_text]Arabisch Bengali Bosnisch Bulgarisch [&hellip;]<\/p>\n","protected":false},"author":1,"featured_media":0,"parent":0,"menu_order":0,"comment_status":"closed","ping_status":"closed","template":"","meta":{"footnotes":""},"class_list":["post-976","page","type-page","status-publish","hentry"],"yoast_head":"<!-- This site is optimized with the Yoast SEO plugin v27.6 - https:\/\/yoast.com\/product\/yoast-seo-wordpress\/ -->\n<title>Sprachen - Todo.nl<\/title>\n<meta name=\"robots\" content=\"index, follow, max-snippet:-1, max-image-preview:large, max-video-preview:-1\" \/>\n<link rel=\"canonical\" href=\"https:\/\/www.todo.nl\/de\/sprachen\/\" \/>\n<meta property=\"og:locale\" content=\"de_DE\" \/>\n<meta property=\"og:type\" content=\"article\" \/>\n<meta property=\"og:title\" content=\"Sprachen - Todo.nl\" \/>\n<meta property=\"og:description\" content=\"[vc_row][vc_column width=\u201c1\/2\u2033][vc_column_text] Sprachen Todo Talenservice kann auf ein breites Netzwerk von \u00dcbersetzern zur\u00fcckgreifen. Ausnahmslos Muttersprachler mit Hochschulausbildung und gro\u00dfer Erfahrung in ihrem Fachgebiet. [\/vc_column_text][\/vc_column][vc_column width=\u201c1\/2\u2033][media animation=\u201cnone\u201c image=\u201c658\u2033][\/vc_column][\/vc_row][vc_row][vc_column][vc_column_text] Alle Sprachen Wir \u00fcbersetzen nicht nur in alle g\u00e4ngigen Sprachen, sondern sind f\u00fcr Sie auch im Falle weniger verbreiteter Sprachen die richtige Adresse: \u00a0[\/vc_column_text][\/vc_column][\/vc_row][vc_row][vc_column width=\u201c1\/4\u2033][vc_column_text]Arabisch Bengali Bosnisch Bulgarisch [&hellip;]\" \/>\n<meta property=\"og:url\" content=\"https:\/\/www.todo.nl\/de\/sprachen\/\" \/>\n<meta property=\"og:site_name\" content=\"Todo.nl\" \/>\n<meta property=\"article:modified_time\" content=\"2017-08-09T13:42:49+00:00\" \/>\n<meta name=\"twitter:card\" content=\"summary_large_image\" \/>\n<meta name=\"twitter:label1\" content=\"Gesch\u00e4tzte Lesezeit\" \/>\n\t<meta name=\"twitter:data1\" content=\"2\u00a0Minuten\" \/>\n<script type=\"application\/ld+json\" class=\"yoast-schema-graph\">{\"@context\":\"https:\\\/\\\/schema.org\",\"@graph\":[{\"@type\":\"WebPage\",\"@id\":\"https:\\\/\\\/www.todo.nl\\\/de\\\/sprachen\\\/\",\"url\":\"https:\\\/\\\/www.todo.nl\\\/de\\\/sprachen\\\/\",\"name\":\"Sprachen - Todo.nl\",\"isPartOf\":{\"@id\":\"https:\\\/\\\/www.todo.nl\\\/#website\"},\"datePublished\":\"2017-04-23T16:24:06+00:00\",\"dateModified\":\"2017-08-09T13:42:49+00:00\",\"breadcrumb\":{\"@id\":\"https:\\\/\\\/www.todo.nl\\\/de\\\/sprachen\\\/#breadcrumb\"},\"inLanguage\":\"de\",\"potentialAction\":[{\"@type\":\"ReadAction\",\"target\":[\"https:\\\/\\\/www.todo.nl\\\/de\\\/sprachen\\\/\"]}]},{\"@type\":\"BreadcrumbList\",\"@id\":\"https:\\\/\\\/www.todo.nl\\\/de\\\/sprachen\\\/#breadcrumb\",\"itemListElement\":[{\"@type\":\"ListItem\",\"position\":1,\"name\":\"Home\",\"item\":\"https:\\\/\\\/www.todo.nl\\\/de\\\/\"},{\"@type\":\"ListItem\",\"position\":2,\"name\":\"Sprachen\"}]},{\"@type\":\"WebSite\",\"@id\":\"https:\\\/\\\/www.todo.nl\\\/#website\",\"url\":\"https:\\\/\\\/www.todo.nl\\\/\",\"name\":\"Todo.nl\",\"description\":\"Talenservice\",\"potentialAction\":[{\"@type\":\"SearchAction\",\"target\":{\"@type\":\"EntryPoint\",\"urlTemplate\":\"https:\\\/\\\/www.todo.nl\\\/?s={search_term_string}\"},\"query-input\":{\"@type\":\"PropertyValueSpecification\",\"valueRequired\":true,\"valueName\":\"search_term_string\"}}],\"inLanguage\":\"de\"}]}<\/script>\n<!-- \/ Yoast SEO plugin. -->","yoast_head_json":{"title":"Sprachen - Todo.nl","robots":{"index":"index","follow":"follow","max-snippet":"max-snippet:-1","max-image-preview":"max-image-preview:large","max-video-preview":"max-video-preview:-1"},"canonical":"https:\/\/www.todo.nl\/de\/sprachen\/","og_locale":"de_DE","og_type":"article","og_title":"Sprachen - Todo.nl","og_description":"[vc_row][vc_column width=\u201c1\/2\u2033][vc_column_text] Sprachen Todo Talenservice kann auf ein breites Netzwerk von \u00dcbersetzern zur\u00fcckgreifen. Ausnahmslos Muttersprachler mit Hochschulausbildung und gro\u00dfer Erfahrung in ihrem Fachgebiet. [\/vc_column_text][\/vc_column][vc_column width=\u201c1\/2\u2033][media animation=\u201cnone\u201c image=\u201c658\u2033][\/vc_column][\/vc_row][vc_row][vc_column][vc_column_text] Alle Sprachen Wir \u00fcbersetzen nicht nur in alle g\u00e4ngigen Sprachen, sondern sind f\u00fcr Sie auch im Falle weniger verbreiteter Sprachen die richtige Adresse: \u00a0[\/vc_column_text][\/vc_column][\/vc_row][vc_row][vc_column width=\u201c1\/4\u2033][vc_column_text]Arabisch Bengali Bosnisch Bulgarisch [&hellip;]","og_url":"https:\/\/www.todo.nl\/de\/sprachen\/","og_site_name":"Todo.nl","article_modified_time":"2017-08-09T13:42:49+00:00","twitter_card":"summary_large_image","twitter_misc":{"Gesch\u00e4tzte Lesezeit":"2\u00a0Minuten"},"schema":{"@context":"https:\/\/schema.org","@graph":[{"@type":"WebPage","@id":"https:\/\/www.todo.nl\/de\/sprachen\/","url":"https:\/\/www.todo.nl\/de\/sprachen\/","name":"Sprachen - Todo.nl","isPartOf":{"@id":"https:\/\/www.todo.nl\/#website"},"datePublished":"2017-04-23T16:24:06+00:00","dateModified":"2017-08-09T13:42:49+00:00","breadcrumb":{"@id":"https:\/\/www.todo.nl\/de\/sprachen\/#breadcrumb"},"inLanguage":"de","potentialAction":[{"@type":"ReadAction","target":["https:\/\/www.todo.nl\/de\/sprachen\/"]}]},{"@type":"BreadcrumbList","@id":"https:\/\/www.todo.nl\/de\/sprachen\/#breadcrumb","itemListElement":[{"@type":"ListItem","position":1,"name":"Home","item":"https:\/\/www.todo.nl\/de\/"},{"@type":"ListItem","position":2,"name":"Sprachen"}]},{"@type":"WebSite","@id":"https:\/\/www.todo.nl\/#website","url":"https:\/\/www.todo.nl\/","name":"Todo.nl","description":"Talenservice","potentialAction":[{"@type":"SearchAction","target":{"@type":"EntryPoint","urlTemplate":"https:\/\/www.todo.nl\/?s={search_term_string}"},"query-input":{"@type":"PropertyValueSpecification","valueRequired":true,"valueName":"search_term_string"}}],"inLanguage":"de"}]}},"_links":{"self":[{"href":"https:\/\/www.todo.nl\/de\/wp-json\/wp\/v2\/pages\/976","targetHints":{"allow":["GET"]}}],"collection":[{"href":"https:\/\/www.todo.nl\/de\/wp-json\/wp\/v2\/pages"}],"about":[{"href":"https:\/\/www.todo.nl\/de\/wp-json\/wp\/v2\/types\/page"}],"author":[{"embeddable":true,"href":"https:\/\/www.todo.nl\/de\/wp-json\/wp\/v2\/users\/1"}],"replies":[{"embeddable":true,"href":"https:\/\/www.todo.nl\/de\/wp-json\/wp\/v2\/comments?post=976"}],"version-history":[{"count":16,"href":"https:\/\/www.todo.nl\/de\/wp-json\/wp\/v2\/pages\/976\/revisions"}],"predecessor-version":[{"id":2152,"href":"https:\/\/www.todo.nl\/de\/wp-json\/wp\/v2\/pages\/976\/revisions\/2152"}],"wp:attachment":[{"href":"https:\/\/www.todo.nl\/de\/wp-json\/wp\/v2\/media?parent=976"}],"curies":[{"name":"wp","href":"https:\/\/api.w.org\/{rel}","templated":true}]}}