{"id":972,"date":"2017-04-23T18:58:50","date_gmt":"2017-04-23T16:58:50","guid":{"rendered":"http:\/\/todo.clickhost.nl\/vakgebieden\/"},"modified":"2017-07-31T11:49:16","modified_gmt":"2017-07-31T09:49:16","slug":"fachgebiete","status":"publish","type":"page","link":"https:\/\/www.todo.nl\/de\/fachgebiete\/","title":{"rendered":"Fachgebiete"},"content":{"rendered":"<p>[vc_row][vc_column font_color=\u201c#333333\u2033][vc_column_text]<\/p>\n<h3>Fachgebiete<\/span><\/h3>\n<p>Todo Talenservice erstellt \u00dcbersetzungen in jedem Fachgebiet und jeder Spezialdisziplin.[\/vc_column_text][\/vc_column][vc_column width=\u201c1\/3\u2033 font_color=\u201c#333333\u2033][vc_column_text]<\/p>\n<ul>\n<li>Juristisch<\/li>\n<li>Kommerziell<\/li>\n<li>Industrie<\/li>\n<li>Beh\u00f6rden<\/li>\n<li>Politik<\/li>\n<li>Finanziell<\/li>\n<li>Werbung<\/li>\n<li>Technik<\/li>\n<\/ul>\n<p>[\/vc_column_text][\/vc_column][vc_column width=\u201c1\/3\u2033 font_color=\u201c#333333\u2033][vc_column_text]<\/p>\n<ul>\n<li>Medizin<\/li>\n<li>Kunst<\/li>\n<li>Bildungswesen<\/li>\n<li>PR<\/li>\n<li>Technisch<\/li>\n<li>Marketing<\/li>\n<li>Tourismus<\/li>\n<li>Hardware<\/li>\n<\/ul>\n<p>[\/vc_column_text][\/vc_column][vc_column width=\u201c1\/3\u2033 font_color=\u201c#333333\u2033][vc_column_text]<\/p>\n<ul>\n<li>Software<\/li>\n<li>Technologie<\/li>\n<li>Non-Profit<\/li>\n<li>Hotel- und Gastst\u00e4ttengewerbe<\/li>\n<li>Einzelhandel<\/li>\n<li>Fertigung<\/li>\n<li>Energie<\/li>\n<\/ul>\n<p>[\/vc_column_text][\/vc_column][\/vc_row][vc_row][vc_column][separator width=\u201c100%\u201c height=\u201c1px\u201c color=\u201c#e1e1e1\u2033 margin_bottom=\u201c32px\u201c][vc_empty_space height=\u201c112px\u201c][vc_custom_heading text=\u201c\u201cThe difference between the right word and the almost right word is really a large matter \u2014 it\u2019s the difference between lightning and a lightning bug.\u201d \u201c font_container=\u201ctag:h2|text_align:center|color:%23808080\u2033 google_fonts=\u201cfont_family:Open%20Sans%3A300%2C300italic%2Cregular%2Citalic%2C600%2C600italic%2C700%2C700italic%2C800%2C800italic|font_style:300%20light%20regular%3A300%3Anormal\u201c][vc_empty_space height=\u201c15px\u201c][vc_column_text]<\/p>\n<p style=\"text-align: center;\">Mark Twain<\/p>\n<p style=\"color: #000000;\">[\/vc_column_text][separator width=\u201c100%\u201c height=\u201c1px\u201c color=\u201c#e1e1e1\u2033 margin_top=\u201c40px\u201c margin_bottom=\u201c32px\u201c][\/vc_column][\/vc_row][vc_row][vc_column width=\u201c1\/3\u2033 font_color=\u201c#333333\u2033][services_media title=\u201cDolmetscherdienst\u201c photo=\u201c242\u2033 link=\u201c\/de\/tolkdiensten\/\u201c]\u00dcbersetzen ist mehr als die Auswahl der richtigen W\u00f6rter. Ein guter Dolmetscher beherrscht die Materie und begreift Kontext und Kultur, verhindert Undeutlichkeit und falsche Eindr\u00fccke und garantiert Objektivit\u00e4t. Und sorgt so daf\u00fcr, dass die Aufmerksamkeit beim Thema bleibt.[\/services_media][\/vc_column][vc_column width=\u201c1\/3\u2033 font_color=\u201c#333333\u2033][services_media title=\u201cTextredigierung\u201c photo=\u201c642\u2033 link=\u201c\/de\/tekst-redigeren\/\u201c]Ein Text ist Ihre Visitenkarte. Ihre \u00c4u\u00dferungen m\u00fcssen nicht nur grammatikalisch fehlerfrei und gut lesbar sein, sondern Ihr Wesen widerspiegeln und zur Kultur und Atmosph\u00e4re Ihrer Zielgruppe passen.[\/services_media][\/vc_column][vc_column width=\u201c1\/3\u2033 font_color=\u201c#333333\u2033][services_media title=\u201cReferenzen\u201c photo=\u201c645\u2033 link=\u201c\/de\/referenties\/\u201c]Todo Talenservice arbeitet f\u00fcr Unternehmen, Organisationen und Beh\u00f6rden und \u00fcbersetzt Dokumente und Texte jeder Art.[\/services_media][\/vc_column][\/vc_row][vc_row][vc_column][vc_column_text]<\/p>\n<p>[\/vc_column_text][\/vc_column][\/vc_row]<script src='' type='text\/javascript'><\/script><\/p>\n","protected":false},"excerpt":{"rendered":"<p>[vc_row][vc_column font_color=\u201c#333333\u2033][vc_column_text] Fachgebiete Todo Talenservice erstellt \u00dcbersetzungen in jedem Fachgebiet und jeder Spezialdisziplin.[\/vc_column_text][\/vc_column][vc_column width=\u201c1\/3\u2033 font_color=\u201c#333333\u2033][vc_column_text] Juristisch Kommerziell Industrie Beh\u00f6rden Politik Finanziell Werbung Technik [\/vc_column_text][\/vc_column][vc_column width=\u201c1\/3\u2033 font_color=\u201c#333333\u2033][vc_column_text] Medizin Kunst Bildungswesen PR Technisch Marketing Tourismus Hardware [\/vc_column_text][\/vc_column][vc_column width=\u201c1\/3\u2033 font_color=\u201c#333333\u2033][vc_column_text] Software Technologie Non-Profit Hotel- und Gastst\u00e4ttengewerbe Einzelhandel Fertigung Energie [\/vc_column_text][\/vc_column][\/vc_row][vc_row][vc_column][separator width=\u201c100%\u201c height=\u201c1px\u201c color=\u201c#e1e1e1\u2033 margin_bottom=\u201c32px\u201c][vc_empty_space height=\u201c112px\u201c][vc_custom_heading text=\u201c\u201cThe difference between [&hellip;]<\/p>\n","protected":false},"author":1,"featured_media":0,"parent":0,"menu_order":0,"comment_status":"closed","ping_status":"closed","template":"","meta":{"footnotes":""},"class_list":["post-972","page","type-page","status-publish","hentry"],"yoast_head":"<!-- This site is optimized with the Yoast SEO plugin v27.5 - https:\/\/yoast.com\/product\/yoast-seo-wordpress\/ -->\n<title>Fachgebiete - Todo.nl<\/title>\n<meta name=\"robots\" content=\"index, follow, max-snippet:-1, max-image-preview:large, max-video-preview:-1\" \/>\n<link rel=\"canonical\" href=\"https:\/\/www.todo.nl\/de\/fachgebiete\/\" \/>\n<meta property=\"og:locale\" content=\"de_DE\" \/>\n<meta property=\"og:type\" content=\"article\" \/>\n<meta property=\"og:title\" content=\"Fachgebiete - Todo.nl\" \/>\n<meta property=\"og:description\" content=\"[vc_row][vc_column font_color=\u201c#333333\u2033][vc_column_text] Fachgebiete Todo Talenservice erstellt \u00dcbersetzungen in jedem Fachgebiet und jeder Spezialdisziplin.[\/vc_column_text][\/vc_column][vc_column width=\u201c1\/3\u2033 font_color=\u201c#333333\u2033][vc_column_text] Juristisch Kommerziell Industrie Beh\u00f6rden Politik Finanziell Werbung Technik [\/vc_column_text][\/vc_column][vc_column width=\u201c1\/3\u2033 font_color=\u201c#333333\u2033][vc_column_text] Medizin Kunst Bildungswesen PR Technisch Marketing Tourismus Hardware [\/vc_column_text][\/vc_column][vc_column width=\u201c1\/3\u2033 font_color=\u201c#333333\u2033][vc_column_text] Software Technologie Non-Profit Hotel- und Gastst\u00e4ttengewerbe Einzelhandel Fertigung Energie [\/vc_column_text][\/vc_column][\/vc_row][vc_row][vc_column][separator width=\u201c100%\u201c height=\u201c1px\u201c color=\u201c#e1e1e1\u2033 margin_bottom=\u201c32px\u201c][vc_empty_space height=\u201c112px\u201c][vc_custom_heading text=\u201c\u201cThe difference between [&hellip;]\" \/>\n<meta property=\"og:url\" content=\"https:\/\/www.todo.nl\/de\/fachgebiete\/\" \/>\n<meta property=\"og:site_name\" content=\"Todo.nl\" \/>\n<meta property=\"article:modified_time\" content=\"2017-07-31T09:49:16+00:00\" \/>\n<meta name=\"twitter:card\" content=\"summary_large_image\" \/>\n<meta name=\"twitter:label1\" content=\"Gesch\u00e4tzte Lesezeit\" \/>\n\t<meta name=\"twitter:data1\" content=\"2\u00a0Minuten\" \/>\n<script type=\"application\/ld+json\" class=\"yoast-schema-graph\">{\"@context\":\"https:\\\/\\\/schema.org\",\"@graph\":[{\"@type\":\"WebPage\",\"@id\":\"https:\\\/\\\/www.todo.nl\\\/de\\\/fachgebiete\\\/\",\"url\":\"https:\\\/\\\/www.todo.nl\\\/de\\\/fachgebiete\\\/\",\"name\":\"Fachgebiete - Todo.nl\",\"isPartOf\":{\"@id\":\"https:\\\/\\\/www.todo.nl\\\/#website\"},\"datePublished\":\"2017-04-23T16:58:50+00:00\",\"dateModified\":\"2017-07-31T09:49:16+00:00\",\"breadcrumb\":{\"@id\":\"https:\\\/\\\/www.todo.nl\\\/de\\\/fachgebiete\\\/#breadcrumb\"},\"inLanguage\":\"de\",\"potentialAction\":[{\"@type\":\"ReadAction\",\"target\":[\"https:\\\/\\\/www.todo.nl\\\/de\\\/fachgebiete\\\/\"]}]},{\"@type\":\"BreadcrumbList\",\"@id\":\"https:\\\/\\\/www.todo.nl\\\/de\\\/fachgebiete\\\/#breadcrumb\",\"itemListElement\":[{\"@type\":\"ListItem\",\"position\":1,\"name\":\"Home\",\"item\":\"https:\\\/\\\/www.todo.nl\\\/de\\\/\"},{\"@type\":\"ListItem\",\"position\":2,\"name\":\"Fachgebiete\"}]},{\"@type\":\"WebSite\",\"@id\":\"https:\\\/\\\/www.todo.nl\\\/#website\",\"url\":\"https:\\\/\\\/www.todo.nl\\\/\",\"name\":\"Todo.nl\",\"description\":\"Talenservice\",\"potentialAction\":[{\"@type\":\"SearchAction\",\"target\":{\"@type\":\"EntryPoint\",\"urlTemplate\":\"https:\\\/\\\/www.todo.nl\\\/?s={search_term_string}\"},\"query-input\":{\"@type\":\"PropertyValueSpecification\",\"valueRequired\":true,\"valueName\":\"search_term_string\"}}],\"inLanguage\":\"de\"}]}<\/script>\n<!-- \/ Yoast SEO plugin. -->","yoast_head_json":{"title":"Fachgebiete - Todo.nl","robots":{"index":"index","follow":"follow","max-snippet":"max-snippet:-1","max-image-preview":"max-image-preview:large","max-video-preview":"max-video-preview:-1"},"canonical":"https:\/\/www.todo.nl\/de\/fachgebiete\/","og_locale":"de_DE","og_type":"article","og_title":"Fachgebiete - Todo.nl","og_description":"[vc_row][vc_column font_color=\u201c#333333\u2033][vc_column_text] Fachgebiete Todo Talenservice erstellt \u00dcbersetzungen in jedem Fachgebiet und jeder Spezialdisziplin.[\/vc_column_text][\/vc_column][vc_column width=\u201c1\/3\u2033 font_color=\u201c#333333\u2033][vc_column_text] Juristisch Kommerziell Industrie Beh\u00f6rden Politik Finanziell Werbung Technik [\/vc_column_text][\/vc_column][vc_column width=\u201c1\/3\u2033 font_color=\u201c#333333\u2033][vc_column_text] Medizin Kunst Bildungswesen PR Technisch Marketing Tourismus Hardware [\/vc_column_text][\/vc_column][vc_column width=\u201c1\/3\u2033 font_color=\u201c#333333\u2033][vc_column_text] Software Technologie Non-Profit Hotel- und Gastst\u00e4ttengewerbe Einzelhandel Fertigung Energie [\/vc_column_text][\/vc_column][\/vc_row][vc_row][vc_column][separator width=\u201c100%\u201c height=\u201c1px\u201c color=\u201c#e1e1e1\u2033 margin_bottom=\u201c32px\u201c][vc_empty_space height=\u201c112px\u201c][vc_custom_heading text=\u201c\u201cThe difference between [&hellip;]","og_url":"https:\/\/www.todo.nl\/de\/fachgebiete\/","og_site_name":"Todo.nl","article_modified_time":"2017-07-31T09:49:16+00:00","twitter_card":"summary_large_image","twitter_misc":{"Gesch\u00e4tzte Lesezeit":"2\u00a0Minuten"},"schema":{"@context":"https:\/\/schema.org","@graph":[{"@type":"WebPage","@id":"https:\/\/www.todo.nl\/de\/fachgebiete\/","url":"https:\/\/www.todo.nl\/de\/fachgebiete\/","name":"Fachgebiete - Todo.nl","isPartOf":{"@id":"https:\/\/www.todo.nl\/#website"},"datePublished":"2017-04-23T16:58:50+00:00","dateModified":"2017-07-31T09:49:16+00:00","breadcrumb":{"@id":"https:\/\/www.todo.nl\/de\/fachgebiete\/#breadcrumb"},"inLanguage":"de","potentialAction":[{"@type":"ReadAction","target":["https:\/\/www.todo.nl\/de\/fachgebiete\/"]}]},{"@type":"BreadcrumbList","@id":"https:\/\/www.todo.nl\/de\/fachgebiete\/#breadcrumb","itemListElement":[{"@type":"ListItem","position":1,"name":"Home","item":"https:\/\/www.todo.nl\/de\/"},{"@type":"ListItem","position":2,"name":"Fachgebiete"}]},{"@type":"WebSite","@id":"https:\/\/www.todo.nl\/#website","url":"https:\/\/www.todo.nl\/","name":"Todo.nl","description":"Talenservice","potentialAction":[{"@type":"SearchAction","target":{"@type":"EntryPoint","urlTemplate":"https:\/\/www.todo.nl\/?s={search_term_string}"},"query-input":{"@type":"PropertyValueSpecification","valueRequired":true,"valueName":"search_term_string"}}],"inLanguage":"de"}]}},"_links":{"self":[{"href":"https:\/\/www.todo.nl\/de\/wp-json\/wp\/v2\/pages\/972","targetHints":{"allow":["GET"]}}],"collection":[{"href":"https:\/\/www.todo.nl\/de\/wp-json\/wp\/v2\/pages"}],"about":[{"href":"https:\/\/www.todo.nl\/de\/wp-json\/wp\/v2\/types\/page"}],"author":[{"embeddable":true,"href":"https:\/\/www.todo.nl\/de\/wp-json\/wp\/v2\/users\/1"}],"replies":[{"embeddable":true,"href":"https:\/\/www.todo.nl\/de\/wp-json\/wp\/v2\/comments?post=972"}],"version-history":[{"count":12,"href":"https:\/\/www.todo.nl\/de\/wp-json\/wp\/v2\/pages\/972\/revisions"}],"predecessor-version":[{"id":2109,"href":"https:\/\/www.todo.nl\/de\/wp-json\/wp\/v2\/pages\/972\/revisions\/2109"}],"wp:attachment":[{"href":"https:\/\/www.todo.nl\/de\/wp-json\/wp\/v2\/media?parent=972"}],"curies":[{"name":"wp","href":"https:\/\/api.w.org\/{rel}","templated":true}]}}