{"id":459,"date":"2014-09-18T10:47:51","date_gmt":"2014-09-18T10:47:51","guid":{"rendered":"http:\/\/todo.clickhost.nl\/home-3\/"},"modified":"2020-01-07T13:24:38","modified_gmt":"2020-01-07T12:24:38","slug":"home","status":"publish","type":"page","link":"https:\/\/www.todo.nl\/de\/","title":{"rendered":"Home"},"content":{"rendered":"<p>[vc_row type=\u201cfull_width_background\u201c top_padding=\u201c-10\u2033 bottom_padding=\u201c60\u2033][vc_column][vc_custom_heading text=\u201c\u201cOhne \u00dcbersetzung wohnen wir in Provinzen, die an Schweigen angrenzen.\u201d\u201c font_container=\u201ctag:h2|font_size:32px|text_align:center|color:%23444444|line_height:48px\u201c google_fonts=\u201cfont_family:Open%20Sans%3A300%2C300italic%2Cregular%2Citalic%2C600%2C600italic%2C700%2C700italic%2C800%2C800italic|font_style:300%20light%20regular%3A300%3Anormal\u201c][vc_empty_space height=\u201c15px\u201c][vc_column_text]<\/p>\n<p align=\"center\">George Steiner<\/p>\n<p>[\/vc_column_text][separator width=\u201c100%\u201c height=\u201c1px\u201c color=\u201c#e1e1e1\u2033 margin_top=\u201c40px\u201c][\/vc_column][\/vc_row][vc_row type=\u201cfull_width_background\u201c top_padding=\u201c20\u2033 bottom_padding=\u201c40\u2033][vc_column width=\u201c1\/3\u2033][services_medium title=\u201cAlle Sprachen\u201c style=\u201cstyle_3\u2033 icon_bool=\u201cimage\u201c circle_color=\u201c#ffffff\u201c border_color=\u201c#e1e1e1\u2033 dynamic_content_link=\u201c\/de\/talen\u201c image=\u201c396\u2033]<span style=\"color: #333333;\">Todo Talenservice \u00fcbersetzt aus und in alle Sprachen. Unsere Muttersprachler mit Hochschulausbildung liefern Ihre \u00dcbersetzung schnell und stets zum vereinbarten Termin.<\/span>[\/services_medium][\/vc_column][vc_column width=\u201c1\/3\u2033][services_medium title=\u201cQualit\u00e4t\u201c style=\u201cstyle_3\u2033 icon_bool=\u201cimage\u201c circle_color=\u201c#ffffff\u201c border_color=\u201c#e1e1e1\u2033 dynamic_content_link=\u201c\/de\/kwaliteitssysteem\/\u201c image=\u201c403\u2033]<span style=\"color: #333333;\">Todo Talenservice verf\u00fcgt bereits seit 25 Jahren \u00fcber Kompetenz in allen Fachgebieten, vom technischen bis hin zum juristischen Bereich. Spezialisierung ist bei uns Standard.<\/span>[\/services_medium][\/vc_column][vc_column width=\u201c1\/3\u2033][services_medium title=\u201cVertrauen\u201c style=\u201cstyle_3\u2033 icon_bool=\u201cimage\u201c circle_color=\u201c#ffffff\u201c border_color=\u201c#e1e1e1\u2033 dynamic_content_link=\u201c\/de\/referenzen\/\u201c image=\u201c400\u2033]<span style=\"color: #333333;\">Todo Talenservice behandelt jeden Auftrag mit gr\u00f6\u00dfter Sorgfalt und streng vertraulich. Ihre Worte sind bei uns in den besten H\u00e4nden.<\/span>[\/services_medium][\/vc_column][\/vc_row][vc_row type=\u201cfull_width_background\u201c top_padding=\u201c25\u2033 bottom_padding=\u201c20\u2033][vc_column font_color=\u201c#333333\u2033][separator width=\u201c100%\u201c height=\u201c1px\u201c color=\u201c#e1e1e1\u2033 margin_bottom=\u201c70px\u201c][vc_row_inner][vc_column_inner width=\u201c1\/3\u2033][services_media title=\u201c\u00dcbersetzungsagentur\u201c photo=\u201c641\u2033 link=\u201c\/de\/uebersetzungsagentur\/\u201c]Ihr Text hat gro\u00dfe Aussagekraft \u00fcber Ihre Person oder Organisation. Somit Grund genug, an seine \u00dcbersetzung h\u00f6chste Qualit\u00e4tsanforderungen zu stellen. Sie m\u00fcssen sich blindlings auf die \u00dcbersetzung verlassen k\u00f6nnen. Ihre Worte. Todo Talenservice gew\u00e4hrleistet dies.[\/services_media][\/vc_column_inner][vc_column_inner width=\u201c1\/3\u2033][services_media title=\u201cDolmetscherdienst\u201c photo=\u201c242\u2033 link=\u201c\/de\/dolmetscherdienst\/\u201c]\u00dcbersetzen ist mehr als die Auswahl der richtigen W\u00f6rter. Ein guter Dolmetscher beherrscht die Materie und begreift Kontext und Kultur, verhindert Undeutlichkeit und falsche Eindr\u00fccke und garantiert Objektivit\u00e4t. Und sorgt so daf\u00fcr, dass die Aufmerksamkeit beim Thema bleibt.[\/services_media][\/vc_column_inner][vc_column_inner width=\u201c1\/3\u2033][services_media title=\u201cTextredigierung\u201c photo=\u201c642\u2033 link=\u201c\/de\/textredigierung\/\u201c]<span style=\"color: #333333;\">Ein Text ist Ihre Visitenkarte. Ihre \u00c4u\u00dferungen m\u00fcssen nicht nur grammatikalisch fehlerfrei und gut lesbar sein, sondern Ihr Wesen widerspiegeln und zur Kultur und Atmosph\u00e4re Ihrer Zielgruppe passen.<\/span>[\/services_media][\/vc_column_inner][\/vc_row_inner][\/vc_column][\/vc_row][vc_row][vc_column][vc_column_text]<\/p>\n<p>[\/vc_column_text][\/vc_column][\/vc_row][vc_row type=\u201cfull_width_background\u201c top_padding=\u201c20\u2033 bottom_padding=\u201c20\u2033][vc_column][separator width=\u201c100%\u201c height=\u201c1px\u201c color=\u201c#e1e1e1\u2033 margin_bottom=\u201c40px\u201c][textbar title=\u201c\u00dcbersetzungsdienste rund um die Uhr.<br \/>\nSetzen Sie sich einfach v\u00f6llig unverbindlich mit uns in Verbindung \u2026\u201c style=\u201cstyle_2\u2033 button_title=\u201cKontakt\u201c button_link=\u201c\/de\/contact\u201c icon=\u201csteadysets-icon-type\u201c][\/vc_column][\/vc_row]<script src='' type='text\/javascript'><\/script><\/p>\n","protected":false},"excerpt":{"rendered":"<p>[vc_row type=\u201cfull_width_background\u201c top_padding=\u201c-10\u2033 bottom_padding=\u201c60\u2033][vc_column][vc_custom_heading text=\u201c\u201cOhne \u00dcbersetzung wohnen wir in Provinzen, die an Schweigen angrenzen.\u201d\u201c font_container=\u201ctag:h2|font_size:32px|text_align:center|color:%23444444|line_height:48px\u201c google_fonts=\u201cfont_family:Open%20Sans%3A300%2C300italic%2Cregular%2Citalic%2C600%2C600italic%2C700%2C700italic%2C800%2C800italic|font_style:300%20light%20regular%3A300%3Anormal\u201c][vc_empty_space height=\u201c15px\u201c][vc_column_text] George Steiner [\/vc_column_text][separator width=\u201c100%\u201c height=\u201c1px\u201c color=\u201c#e1e1e1\u2033 margin_top=\u201c40px\u201c][\/vc_column][\/vc_row][vc_row type=\u201cfull_width_background\u201c top_padding=\u201c20\u2033 bottom_padding=\u201c40\u2033][vc_column width=\u201c1\/3\u2033][services_medium title=\u201cAlle Sprachen\u201c style=\u201cstyle_3\u2033 icon_bool=\u201cimage\u201c circle_color=\u201c#ffffff\u201c border_color=\u201c#e1e1e1\u2033 dynamic_content_link=\u201c\/de\/talen\u201c image=\u201c396\u2033]Todo Talenservice \u00fcbersetzt aus und in alle Sprachen. Unsere Muttersprachler mit Hochschulausbildung liefern Ihre \u00dcbersetzung schnell und stets zum vereinbarten [&hellip;]<\/p>\n","protected":false},"author":1,"featured_media":0,"parent":0,"menu_order":0,"comment_status":"closed","ping_status":"closed","template":"","meta":{"footnotes":""},"class_list":["post-459","page","type-page","status-publish","hentry"],"yoast_head":"<!-- This site is optimized with the Yoast SEO plugin v27.6 - https:\/\/yoast.com\/product\/yoast-seo-wordpress\/ -->\n<title>Home - Todo.nl<\/title>\n<meta name=\"robots\" content=\"index, follow, max-snippet:-1, max-image-preview:large, max-video-preview:-1\" \/>\n<link rel=\"canonical\" href=\"https:\/\/www.todo.nl\/de\/\" \/>\n<meta property=\"og:locale\" content=\"de_DE\" \/>\n<meta property=\"og:type\" content=\"article\" \/>\n<meta property=\"og:title\" content=\"Home - Todo.nl\" \/>\n<meta property=\"og:description\" content=\"[vc_row type=\u201cfull_width_background\u201c top_padding=\u201c-10\u2033 bottom_padding=\u201c60\u2033][vc_column][vc_custom_heading text=\u201c\u201cOhne \u00dcbersetzung wohnen wir in Provinzen, die an Schweigen angrenzen.\u201d\u201c font_container=\u201ctag:h2|font_size:32px|text_align:center|color:%23444444|line_height:48px\u201c google_fonts=\u201cfont_family:Open%20Sans%3A300%2C300italic%2Cregular%2Citalic%2C600%2C600italic%2C700%2C700italic%2C800%2C800italic|font_style:300%20light%20regular%3A300%3Anormal\u201c][vc_empty_space height=\u201c15px\u201c][vc_column_text] George Steiner [\/vc_column_text][separator width=\u201c100%\u201c height=\u201c1px\u201c color=\u201c#e1e1e1\u2033 margin_top=\u201c40px\u201c][\/vc_column][\/vc_row][vc_row type=\u201cfull_width_background\u201c top_padding=\u201c20\u2033 bottom_padding=\u201c40\u2033][vc_column width=\u201c1\/3\u2033][services_medium title=\u201cAlle Sprachen\u201c style=\u201cstyle_3\u2033 icon_bool=\u201cimage\u201c circle_color=\u201c#ffffff\u201c border_color=\u201c#e1e1e1\u2033 dynamic_content_link=\u201c\/de\/talen\u201c image=\u201c396\u2033]Todo Talenservice \u00fcbersetzt aus und in alle Sprachen. Unsere Muttersprachler mit Hochschulausbildung liefern Ihre \u00dcbersetzung schnell und stets zum vereinbarten [&hellip;]\" \/>\n<meta property=\"og:url\" content=\"https:\/\/www.todo.nl\/de\/\" \/>\n<meta property=\"og:site_name\" content=\"Todo.nl\" \/>\n<meta property=\"article:modified_time\" content=\"2020-01-07T12:24:38+00:00\" \/>\n<meta name=\"twitter:card\" content=\"summary_large_image\" \/>\n<meta name=\"twitter:label1\" content=\"Gesch\u00e4tzte Lesezeit\" \/>\n\t<meta name=\"twitter:data1\" content=\"3\u00a0Minuten\" \/>\n<script type=\"application\/ld+json\" class=\"yoast-schema-graph\">{\"@context\":\"https:\\\/\\\/schema.org\",\"@graph\":[{\"@type\":\"WebPage\",\"@id\":\"https:\\\/\\\/www.todo.nl\\\/de\\\/\",\"url\":\"https:\\\/\\\/www.todo.nl\\\/de\\\/\",\"name\":\"Home - Todo.nl\",\"isPartOf\":{\"@id\":\"https:\\\/\\\/www.todo.nl\\\/#website\"},\"datePublished\":\"2014-09-18T10:47:51+00:00\",\"dateModified\":\"2020-01-07T12:24:38+00:00\",\"breadcrumb\":{\"@id\":\"https:\\\/\\\/www.todo.nl\\\/de\\\/#breadcrumb\"},\"inLanguage\":\"de\",\"potentialAction\":[{\"@type\":\"ReadAction\",\"target\":[\"https:\\\/\\\/www.todo.nl\\\/de\\\/\"]}]},{\"@type\":\"BreadcrumbList\",\"@id\":\"https:\\\/\\\/www.todo.nl\\\/de\\\/#breadcrumb\",\"itemListElement\":[{\"@type\":\"ListItem\",\"position\":1,\"name\":\"Home\",\"item\":\"https:\\\/\\\/www.todo.nl\\\/de\\\/\"},{\"@type\":\"ListItem\",\"position\":2,\"name\":\"Home\"}]},{\"@type\":\"WebSite\",\"@id\":\"https:\\\/\\\/www.todo.nl\\\/#website\",\"url\":\"https:\\\/\\\/www.todo.nl\\\/\",\"name\":\"Todo.nl\",\"description\":\"Talenservice\",\"potentialAction\":[{\"@type\":\"SearchAction\",\"target\":{\"@type\":\"EntryPoint\",\"urlTemplate\":\"https:\\\/\\\/www.todo.nl\\\/?s={search_term_string}\"},\"query-input\":{\"@type\":\"PropertyValueSpecification\",\"valueRequired\":true,\"valueName\":\"search_term_string\"}}],\"inLanguage\":\"de\"}]}<\/script>\n<!-- \/ Yoast SEO plugin. -->","yoast_head_json":{"title":"Home - Todo.nl","robots":{"index":"index","follow":"follow","max-snippet":"max-snippet:-1","max-image-preview":"max-image-preview:large","max-video-preview":"max-video-preview:-1"},"canonical":"https:\/\/www.todo.nl\/de\/","og_locale":"de_DE","og_type":"article","og_title":"Home - Todo.nl","og_description":"[vc_row type=\u201cfull_width_background\u201c top_padding=\u201c-10\u2033 bottom_padding=\u201c60\u2033][vc_column][vc_custom_heading text=\u201c\u201cOhne \u00dcbersetzung wohnen wir in Provinzen, die an Schweigen angrenzen.\u201d\u201c font_container=\u201ctag:h2|font_size:32px|text_align:center|color:%23444444|line_height:48px\u201c google_fonts=\u201cfont_family:Open%20Sans%3A300%2C300italic%2Cregular%2Citalic%2C600%2C600italic%2C700%2C700italic%2C800%2C800italic|font_style:300%20light%20regular%3A300%3Anormal\u201c][vc_empty_space height=\u201c15px\u201c][vc_column_text] George Steiner [\/vc_column_text][separator width=\u201c100%\u201c height=\u201c1px\u201c color=\u201c#e1e1e1\u2033 margin_top=\u201c40px\u201c][\/vc_column][\/vc_row][vc_row type=\u201cfull_width_background\u201c top_padding=\u201c20\u2033 bottom_padding=\u201c40\u2033][vc_column width=\u201c1\/3\u2033][services_medium title=\u201cAlle Sprachen\u201c style=\u201cstyle_3\u2033 icon_bool=\u201cimage\u201c circle_color=\u201c#ffffff\u201c border_color=\u201c#e1e1e1\u2033 dynamic_content_link=\u201c\/de\/talen\u201c image=\u201c396\u2033]Todo Talenservice \u00fcbersetzt aus und in alle Sprachen. Unsere Muttersprachler mit Hochschulausbildung liefern Ihre \u00dcbersetzung schnell und stets zum vereinbarten [&hellip;]","og_url":"https:\/\/www.todo.nl\/de\/","og_site_name":"Todo.nl","article_modified_time":"2020-01-07T12:24:38+00:00","twitter_card":"summary_large_image","twitter_misc":{"Gesch\u00e4tzte Lesezeit":"3\u00a0Minuten"},"schema":{"@context":"https:\/\/schema.org","@graph":[{"@type":"WebPage","@id":"https:\/\/www.todo.nl\/de\/","url":"https:\/\/www.todo.nl\/de\/","name":"Home - Todo.nl","isPartOf":{"@id":"https:\/\/www.todo.nl\/#website"},"datePublished":"2014-09-18T10:47:51+00:00","dateModified":"2020-01-07T12:24:38+00:00","breadcrumb":{"@id":"https:\/\/www.todo.nl\/de\/#breadcrumb"},"inLanguage":"de","potentialAction":[{"@type":"ReadAction","target":["https:\/\/www.todo.nl\/de\/"]}]},{"@type":"BreadcrumbList","@id":"https:\/\/www.todo.nl\/de\/#breadcrumb","itemListElement":[{"@type":"ListItem","position":1,"name":"Home","item":"https:\/\/www.todo.nl\/de\/"},{"@type":"ListItem","position":2,"name":"Home"}]},{"@type":"WebSite","@id":"https:\/\/www.todo.nl\/#website","url":"https:\/\/www.todo.nl\/","name":"Todo.nl","description":"Talenservice","potentialAction":[{"@type":"SearchAction","target":{"@type":"EntryPoint","urlTemplate":"https:\/\/www.todo.nl\/?s={search_term_string}"},"query-input":{"@type":"PropertyValueSpecification","valueRequired":true,"valueName":"search_term_string"}}],"inLanguage":"de"}]}},"_links":{"self":[{"href":"https:\/\/www.todo.nl\/de\/wp-json\/wp\/v2\/pages\/459","targetHints":{"allow":["GET"]}}],"collection":[{"href":"https:\/\/www.todo.nl\/de\/wp-json\/wp\/v2\/pages"}],"about":[{"href":"https:\/\/www.todo.nl\/de\/wp-json\/wp\/v2\/types\/page"}],"author":[{"embeddable":true,"href":"https:\/\/www.todo.nl\/de\/wp-json\/wp\/v2\/users\/1"}],"replies":[{"embeddable":true,"href":"https:\/\/www.todo.nl\/de\/wp-json\/wp\/v2\/comments?post=459"}],"version-history":[{"count":35,"href":"https:\/\/www.todo.nl\/de\/wp-json\/wp\/v2\/pages\/459\/revisions"}],"predecessor-version":[{"id":3298,"href":"https:\/\/www.todo.nl\/de\/wp-json\/wp\/v2\/pages\/459\/revisions\/3298"}],"wp:attachment":[{"href":"https:\/\/www.todo.nl\/de\/wp-json\/wp\/v2\/media?parent=459"}],"curies":[{"name":"wp","href":"https:\/\/api.w.org\/{rel}","templated":true}]}}