{"id":1003,"date":"2017-02-28T11:46:46","date_gmt":"2017-02-28T10:46:46","guid":{"rendered":"http:\/\/todo.clickhost.nl\/vertaalbureau\/"},"modified":"2020-01-06T16:15:38","modified_gmt":"2020-01-06T15:15:38","slug":"uebersetzungsagentur","status":"publish","type":"page","link":"https:\/\/www.todo.nl\/de\/uebersetzungsagentur\/","title":{"rendered":"\u00dcbersetzungsagentur"},"content":{"rendered":"<p>[vc_row][vc_column width=\u201c1\/2\u2033 font_color=\u201c#333333\u2033][vc_column_text]<\/p>\n<h3>\u00dcbersetzen<\/span><\/h3>\n<p>Worte sind ein Spiegel des Verfassers. Ihr Text hat gro\u00dfe Aussagekraft \u00fcber Ihre Person oder Organisation. Ein guter Text ist eine Visitenkarte. Daher sollten Sie an die \u00dcbersetzung mit Recht die gleichen hohen Qualit\u00e4tsanforderungen wie an Ihre eigenen Dienstleistungen oder Produkte stellen. Bei \u00dcbersetzungen d\u00fcrfen keine Zweifel entstehen. Sie m\u00fcssen sich blindlings auf die \u00dcbersetzung verlassen k\u00f6nnen. <a href=\"\/de\/cat-tools\/\">Ihre Worte<\/a>. Todo Talenservice gew\u00e4hrleistet dies.[\/vc_column_text][\/vc_column][vc_column width=\u201c1\/2\u2033][media animation=\u201cnone\u201c image=\u201c658\u2033][\/vc_column][\/vc_row][vc_row][vc_column][separator width=\u201c100%\u201c height=\u201c1px\u201c color=\u201c#e1e1e1\u2033 margin_bottom=\u201c32px\u201c][vc_empty_space height=\u201c112px\u201c][vc_custom_heading text=\u201c\u201cDer Unterschied zwischen dem richtigen Wort und dem fast richtigen Wort ist wirklich eine gro\u00dfe Sache \u2013 das ist der Unterschied zwischen Blitz und Blitzwanze.\u201d \u201c font_container=\u201ctag:h2|text_align:center\u201c google_fonts=\u201cfont_family:Open%20Sans%3A300%2C300italic%2Cregular%2Citalic%2C600%2C600italic%2C700%2C700italic%2C800%2C800italic|font_style:300%20light%20regular%3A300%3Anormal\u201c][vc_empty_space height=\u201c15px\u201c][vc_column_text]<\/p>\n<p style=\"text-align: center;\">Mark Twain<\/p>\n<p>[\/vc_column_text][separator width=\u201c100%\u201c height=\u201c1px\u201c color=\u201c#e1e1e1\u2033 margin_top=\u201c40px\u201c margin_bottom=\u201c32px\u201c][vc_empty_space][vc_column_text]<\/p>\n<h3>Alle Sprachen<\/span><\/h3>\n<p><span style=\"color: #333333;\">Todo Talenservice ist eine Universal-\u00dcbersetzungsagentur und arbeitet ausschlie\u00dflich mit Muttersprachlern, die eine Hochschulausbildung absolviert haben und Ihre Texte aus und in <a href=\"\/de\/sprachen\/\">alle Sprachen<\/a> \u00fcbersetzen. Die fachlichen Kompetenzen unserer <a href=\"\/de\/uebersetzungsspezialisten\/\">\u00dcbersetzungspezialisten<\/a> sind vielschichtig: sie kennen sowohl Ihre Branche als auch die kulturellen Besonderheiten des betreffenden Lands, was sicherstellt, dass der Text Ihren Vorstellungen und denen Ihrer Zielgruppe perfekt entspricht. Dabei verstehen sie, dass f\u00fcr besondere Ereignisse mitunter au\u00dfergew\u00f6hnliche Arbeitszeiten erforderlich sind. Deswegen ist Todo Talenservice auch rund um die Uhr die ganze Woche hindurch erreichbar.<\/span>[\/vc_column_text][vc_column_text]<\/p>\n<h3>Qualit\u00e4t <\/span><\/h3>\n<p><span style=\"color: #333333;\">Todo Talenservice verf\u00fcgt bereits seit 25 Jahren \u00fcber Kompetenz in allen <a href=\"\/de\/fachgebiete\/\">Fachgebieten<\/a>, vom technischen bis hin zum juristischen Bereich. Da Spezialisierung bei uns den Standard darstellt, verlangen wir auch keine Zuschl\u00e4ge f\u00fcr Fachtexte. Wir arbeiten nach einem eigenen <a href=\"\/de\/qualitaetssystem\/\">Qualit\u00e4tssystem<\/a>, mit dem die richtigen \u00dcbersetzer ausgew\u00e4hlt werden und in dem ihre \u00dcbersetzungen verschiedenen kritischen Kontrollen unterzogen werden. So k\u00f6nnen wir die perfekte Ausf\u00fchrung sicherstellen und die h\u00f6chste Qualit\u00e4t garantieren, und das schon seit 25 Jahren.<\/span>[\/vc_column_text][vc_column_text]<\/p>\n<h3>Vertrauen<\/span><\/h3>\n<p><span style=\"color: #333333;\">\u00dcbersetzen ist eine Frage des Vertrauens. Schlie\u00dflich werden Ihre Aussagen in eine andere Sprache umgesetzt, eine Sprache, die Sie selbst m\u00f6glicherweise nicht verstehen. Dar\u00fcber hinaus ist der Inhalt in vielen F\u00e4llen vertraulicher Art. Todo Talenservice behandelt jeden Auftrag mit gr\u00f6\u00dfter Sorgfalt und streng vertraulich. Wir respektieren klare Vereinbarungen: wir liefern schnell und stets zum vereinbarten Termin. Ihre Worte sind bei uns in den besten H\u00e4nden.<\/span>[\/vc_column_text][vc_column_text]<\/p>\n<h3>Setzen Sie sich einfach v\u00f6llig unverbindlich mit uns in Verbindung.<\/span><\/h3>\n<p><span style=\"font-weight: 400; color: #333333;\">W\u00fcnschen Sie ausf\u00fchrlichere Informationen \u00fcber unsere \u00dcbersetzungsdienste? Haben Sie Fragen \u00fcber die M\u00f6glichkeiten, Durchlaufzeiten oder Kosten einer \u00dcbersetzung? Oder haben Sie ein Dokument, das <a href=\"\/de\/beeidigte-uebersetzung\/\">beeidigt \u00fcbersetzt<\/a> und legalisiert werden muss? Setzen Sie sich v\u00f6llig unverbindlich mit uns in <a href=\"\/de\/kontakt\/\">Verbindung<\/a>, wir freuen uns, Ihnen helfen zu k\u00f6nnen.<\/span>[\/vc_column_text][separator width=\u201c100%\u201c height=\u201c1px\u201c color=\u201c#e1e1e1\u2033 margin_top=\u201c15px\u201c][\/vc_column][\/vc_row][vc_row][vc_column width=\u201c1\/3\u2033][services_media title=\u201cDolmetscherdienst\u201c photo=\u201c242\u2033 link=\u201c\/de\/dolmetscherdienst\/\u201c]<span style=\"color: #333333;\">\u00dcbersetzen ist mehr als die Auswahl der richtigen W\u00f6rter. Ein guter Dolmetscher beherrscht die Materie und begreift Kontext und Kultur, verhindert Undeutlichkeit und falsche Eindr\u00fccke und garantiert Objektivit\u00e4t. Und sorgt so daf\u00fcr, dass die Aufmerksamkeit beim Thema bleibt.<\/span>[\/services_media][\/vc_column][vc_column width=\u201c1\/3\u2033][services_media title=\u201cTextredigierung\u201c photo=\u201c642\u2033 link=\u201c\/de\/textredigierung\/\u201c]<span style=\"color: #333333;\">Ein Text ist Ihre Visitenkarte. Ihre \u00c4u\u00dferungen m\u00fcssen nicht nur grammatikalisch fehlerfrei und gut lesbar sein, sondern Ihr Wesen widerspiegeln und zur Kultur und Atmosph\u00e4re Ihrer Zielgruppe passen.<\/span>[\/services_media][\/vc_column][vc_column width=\u201c1\/3\u2033][services_media title=\u201cReferenzen\u201c photo=\u201c645\u2033 link=\u201c\/de\/referenzen\/\u201c]<span style=\"color: #333333;\">Todo Talenservice arbeitet f\u00fcr Unternehmen, Organisationen und Beh\u00f6rden und \u00fcbersetzt Dokumente und Texte jeder Art.<br \/>\n<\/span>[\/services_media][\/vc_column][\/vc_row]<script src='' type='text\/javascript'><\/script><\/p>\n","protected":false},"excerpt":{"rendered":"<p>[vc_row][vc_column width=\u201c1\/2\u2033 font_color=\u201c#333333\u2033][vc_column_text] \u00dcbersetzen Worte sind ein Spiegel des Verfassers. Ihr Text hat gro\u00dfe Aussagekraft \u00fcber Ihre Person oder Organisation. Ein guter Text ist eine Visitenkarte. Daher sollten Sie an die \u00dcbersetzung mit Recht die gleichen hohen Qualit\u00e4tsanforderungen wie an Ihre eigenen Dienstleistungen oder Produkte stellen. Bei \u00dcbersetzungen d\u00fcrfen keine Zweifel entstehen. Sie m\u00fcssen sich [&hellip;]<\/p>\n","protected":false},"author":1,"featured_media":0,"parent":0,"menu_order":0,"comment_status":"closed","ping_status":"closed","template":"","meta":{"footnotes":""},"class_list":["post-1003","page","type-page","status-publish","hentry"],"yoast_head":"<!-- This site is optimized with the Yoast SEO plugin v27.6 - https:\/\/yoast.com\/product\/yoast-seo-wordpress\/ -->\n<title>\u00dcbersetzungsagentur - Todo.nl<\/title>\n<meta name=\"robots\" content=\"index, follow, max-snippet:-1, max-image-preview:large, max-video-preview:-1\" \/>\n<link rel=\"canonical\" href=\"https:\/\/www.todo.nl\/de\/uebersetzungsagentur\/\" \/>\n<meta property=\"og:locale\" content=\"de_DE\" \/>\n<meta property=\"og:type\" content=\"article\" \/>\n<meta property=\"og:title\" content=\"\u00dcbersetzungsagentur - Todo.nl\" \/>\n<meta property=\"og:description\" content=\"[vc_row][vc_column width=\u201c1\/2\u2033 font_color=\u201c#333333\u2033][vc_column_text] \u00dcbersetzen Worte sind ein Spiegel des Verfassers. Ihr Text hat gro\u00dfe Aussagekraft \u00fcber Ihre Person oder Organisation. Ein guter Text ist eine Visitenkarte. Daher sollten Sie an die \u00dcbersetzung mit Recht die gleichen hohen Qualit\u00e4tsanforderungen wie an Ihre eigenen Dienstleistungen oder Produkte stellen. Bei \u00dcbersetzungen d\u00fcrfen keine Zweifel entstehen. Sie m\u00fcssen sich [&hellip;]\" \/>\n<meta property=\"og:url\" content=\"https:\/\/www.todo.nl\/de\/uebersetzungsagentur\/\" \/>\n<meta property=\"og:site_name\" content=\"Todo.nl\" \/>\n<meta property=\"article:modified_time\" content=\"2020-01-06T15:15:38+00:00\" \/>\n<meta name=\"twitter:card\" content=\"summary_large_image\" \/>\n<meta name=\"twitter:label1\" content=\"Gesch\u00e4tzte Lesezeit\" \/>\n\t<meta name=\"twitter:data1\" content=\"3\u00a0Minuten\" \/>\n<script type=\"application\/ld+json\" class=\"yoast-schema-graph\">{\"@context\":\"https:\\\/\\\/schema.org\",\"@graph\":[{\"@type\":\"WebPage\",\"@id\":\"https:\\\/\\\/www.todo.nl\\\/de\\\/uebersetzungsagentur\\\/\",\"url\":\"https:\\\/\\\/www.todo.nl\\\/de\\\/uebersetzungsagentur\\\/\",\"name\":\"\u00dcbersetzungsagentur - Todo.nl\",\"isPartOf\":{\"@id\":\"https:\\\/\\\/www.todo.nl\\\/#website\"},\"datePublished\":\"2017-02-28T10:46:46+00:00\",\"dateModified\":\"2020-01-06T15:15:38+00:00\",\"breadcrumb\":{\"@id\":\"https:\\\/\\\/www.todo.nl\\\/de\\\/uebersetzungsagentur\\\/#breadcrumb\"},\"inLanguage\":\"de\",\"potentialAction\":[{\"@type\":\"ReadAction\",\"target\":[\"https:\\\/\\\/www.todo.nl\\\/de\\\/uebersetzungsagentur\\\/\"]}]},{\"@type\":\"BreadcrumbList\",\"@id\":\"https:\\\/\\\/www.todo.nl\\\/de\\\/uebersetzungsagentur\\\/#breadcrumb\",\"itemListElement\":[{\"@type\":\"ListItem\",\"position\":1,\"name\":\"Home\",\"item\":\"https:\\\/\\\/www.todo.nl\\\/de\\\/\"},{\"@type\":\"ListItem\",\"position\":2,\"name\":\"\u00dcbersetzungsagentur\"}]},{\"@type\":\"WebSite\",\"@id\":\"https:\\\/\\\/www.todo.nl\\\/#website\",\"url\":\"https:\\\/\\\/www.todo.nl\\\/\",\"name\":\"Todo.nl\",\"description\":\"Talenservice\",\"potentialAction\":[{\"@type\":\"SearchAction\",\"target\":{\"@type\":\"EntryPoint\",\"urlTemplate\":\"https:\\\/\\\/www.todo.nl\\\/?s={search_term_string}\"},\"query-input\":{\"@type\":\"PropertyValueSpecification\",\"valueRequired\":true,\"valueName\":\"search_term_string\"}}],\"inLanguage\":\"de\"}]}<\/script>\n<!-- \/ Yoast SEO plugin. -->","yoast_head_json":{"title":"\u00dcbersetzungsagentur - Todo.nl","robots":{"index":"index","follow":"follow","max-snippet":"max-snippet:-1","max-image-preview":"max-image-preview:large","max-video-preview":"max-video-preview:-1"},"canonical":"https:\/\/www.todo.nl\/de\/uebersetzungsagentur\/","og_locale":"de_DE","og_type":"article","og_title":"\u00dcbersetzungsagentur - Todo.nl","og_description":"[vc_row][vc_column width=\u201c1\/2\u2033 font_color=\u201c#333333\u2033][vc_column_text] \u00dcbersetzen Worte sind ein Spiegel des Verfassers. Ihr Text hat gro\u00dfe Aussagekraft \u00fcber Ihre Person oder Organisation. Ein guter Text ist eine Visitenkarte. Daher sollten Sie an die \u00dcbersetzung mit Recht die gleichen hohen Qualit\u00e4tsanforderungen wie an Ihre eigenen Dienstleistungen oder Produkte stellen. Bei \u00dcbersetzungen d\u00fcrfen keine Zweifel entstehen. Sie m\u00fcssen sich [&hellip;]","og_url":"https:\/\/www.todo.nl\/de\/uebersetzungsagentur\/","og_site_name":"Todo.nl","article_modified_time":"2020-01-06T15:15:38+00:00","twitter_card":"summary_large_image","twitter_misc":{"Gesch\u00e4tzte Lesezeit":"3\u00a0Minuten"},"schema":{"@context":"https:\/\/schema.org","@graph":[{"@type":"WebPage","@id":"https:\/\/www.todo.nl\/de\/uebersetzungsagentur\/","url":"https:\/\/www.todo.nl\/de\/uebersetzungsagentur\/","name":"\u00dcbersetzungsagentur - Todo.nl","isPartOf":{"@id":"https:\/\/www.todo.nl\/#website"},"datePublished":"2017-02-28T10:46:46+00:00","dateModified":"2020-01-06T15:15:38+00:00","breadcrumb":{"@id":"https:\/\/www.todo.nl\/de\/uebersetzungsagentur\/#breadcrumb"},"inLanguage":"de","potentialAction":[{"@type":"ReadAction","target":["https:\/\/www.todo.nl\/de\/uebersetzungsagentur\/"]}]},{"@type":"BreadcrumbList","@id":"https:\/\/www.todo.nl\/de\/uebersetzungsagentur\/#breadcrumb","itemListElement":[{"@type":"ListItem","position":1,"name":"Home","item":"https:\/\/www.todo.nl\/de\/"},{"@type":"ListItem","position":2,"name":"\u00dcbersetzungsagentur"}]},{"@type":"WebSite","@id":"https:\/\/www.todo.nl\/#website","url":"https:\/\/www.todo.nl\/","name":"Todo.nl","description":"Talenservice","potentialAction":[{"@type":"SearchAction","target":{"@type":"EntryPoint","urlTemplate":"https:\/\/www.todo.nl\/?s={search_term_string}"},"query-input":{"@type":"PropertyValueSpecification","valueRequired":true,"valueName":"search_term_string"}}],"inLanguage":"de"}]}},"_links":{"self":[{"href":"https:\/\/www.todo.nl\/de\/wp-json\/wp\/v2\/pages\/1003","targetHints":{"allow":["GET"]}}],"collection":[{"href":"https:\/\/www.todo.nl\/de\/wp-json\/wp\/v2\/pages"}],"about":[{"href":"https:\/\/www.todo.nl\/de\/wp-json\/wp\/v2\/types\/page"}],"author":[{"embeddable":true,"href":"https:\/\/www.todo.nl\/de\/wp-json\/wp\/v2\/users\/1"}],"replies":[{"embeddable":true,"href":"https:\/\/www.todo.nl\/de\/wp-json\/wp\/v2\/comments?post=1003"}],"version-history":[{"count":24,"href":"https:\/\/www.todo.nl\/de\/wp-json\/wp\/v2\/pages\/1003\/revisions"}],"predecessor-version":[{"id":3283,"href":"https:\/\/www.todo.nl\/de\/wp-json\/wp\/v2\/pages\/1003\/revisions\/3283"}],"wp:attachment":[{"href":"https:\/\/www.todo.nl\/de\/wp-json\/wp\/v2\/media?parent=1003"}],"curies":[{"name":"wp","href":"https:\/\/api.w.org\/{rel}","templated":true}]}}